{"id":2437,"date":"2025-07-09T09:00:44","date_gmt":"2025-07-09T07:00:44","guid":{"rendered":"https:\/\/army-of-mahdi.com\/member\/?page_id=2437"},"modified":"2026-02-12T11:33:34","modified_gmt":"2026-02-12T10:33:34","slug":"lehrvideos","status":"publish","type":"page","link":"https:\/\/army-of-mahdi.com\/member\/lehrvideos\/","title":{"rendered":"Lehrvideos"},"content":{"rendered":"<h3>Lehrvideos \u00fcber die Schrift<\/h3>\n<p>Von AbdullahMehdi100\u00a9<\/p>\n<p>Die Sprache ist das Werkzeug des Herren, um mit seinen Dienern zu sprechen. Sonst wirst du zum Tier, du Stier. Eine Sprache war immer von N\u00f6ten, um andere Sprachen \u00fcberhaupt zu bilden. Diese Erste Sprache, also die Sprache der Veranlagung geh\u00f6rt zum Heiligsten. Und steht im Schutze des Herren. \u00dcber die gesegnete Schrift dieser heiligen Sprache, lassen sich anderer Sprachen vergleichen.<\/p>\n<p>Mit diesen Videos hast du nun die M\u00f6glichkeit, die dimensionale Struktur der Schriften zu erkennen. Also dessen Gef\u00fcge im Segen 10. Die Sprachen der Ungl\u00e4ubigen werden deshalb als Verrat der Juden angesehen, weil die Juden, das Wissen \u00fcber die Schrift missbraucht haben. Die Schrift des Herren war immer Arabisch. So wie der Herr aller Menschen, Allah.\u00a0<\/p>\n<hr \/>\n\n\n<div class=\"wp-block-media-text is-stacked-on-mobile\" style=\"grid-template-columns:27% auto\"><figure class=\"wp-block-media-text__media\"><img loading=\"lazy\" decoding=\"async\" width=\"300\" height=\"300\" src=\"https:\/\/army-of-mahdi.com\/member\/wp-content\/uploads\/2025\/07\/cover_xia-300x300.jpg\" alt=\"\" class=\"wp-image-2442 size-full\" srcset=\"https:\/\/army-of-mahdi.com\/member\/wp-content\/uploads\/2025\/07\/cover_xia-300x300.jpg 300w, https:\/\/army-of-mahdi.com\/member\/wp-content\/uploads\/2025\/07\/cover_xia-1024x1024.jpg 1024w, https:\/\/army-of-mahdi.com\/member\/wp-content\/uploads\/2025\/07\/cover_xia-150x150.jpg 150w, https:\/\/army-of-mahdi.com\/member\/wp-content\/uploads\/2025\/07\/cover_xia-768x768.jpg 768w, https:\/\/army-of-mahdi.com\/member\/wp-content\/uploads\/2025\/07\/cover_xia.jpg 1500w\" sizes=\"auto, (max-width: 300px) 100vw, 300px\" \/><\/figure><div class=\"wp-block-media-text__content\">\n<p><strong>XIA- Zur\u00fcck zum Anfangsbuchstaben<\/strong><br>(Der Verrat der Juden an der Schrift. Teil 1)<\/p>\n\n\n\n<p><a href=\"https:\/\/army-of-mahdi.com\/download\/video\/AbdullahMehdi100%C2%A9xia_de.mp4\">Deutsch<\/a><br><a href=\"https:\/\/army-of-mahdi.com\/download\/video\/AbdullahMehdi100%C2%A9xia_tr.mp4\">Englisch<\/a><br><a href=\"https:\/\/army-of-mahdi.com\/download\/video\/AbdullahMehdi100%C2%A9xia_ar.mp4\">Arabisch<\/a><br><a href=\"https:\/\/army-of-mahdi.com\/download\/video\/AbdullahMehdi100%C2%A9xia_ar.mp4\">T\u00fcrkisch<\/a><\/p>\n<\/div><\/div>\n\n\n\n<div class=\"wp-block-media-text is-stacked-on-mobile\" style=\"grid-template-columns:27% auto\"><figure class=\"wp-block-media-text__media\"><img loading=\"lazy\" decoding=\"async\" width=\"300\" height=\"300\" src=\"https:\/\/army-of-mahdi.com\/member\/wp-content\/uploads\/2025\/07\/cover_gp-300x300.jpg\" alt=\"\" class=\"wp-image-2441 size-full\" srcset=\"https:\/\/army-of-mahdi.com\/member\/wp-content\/uploads\/2025\/07\/cover_gp-300x300.jpg 300w, https:\/\/army-of-mahdi.com\/member\/wp-content\/uploads\/2025\/07\/cover_gp-1024x1024.jpg 1024w, https:\/\/army-of-mahdi.com\/member\/wp-content\/uploads\/2025\/07\/cover_gp-150x150.jpg 150w, https:\/\/army-of-mahdi.com\/member\/wp-content\/uploads\/2025\/07\/cover_gp-768x768.jpg 768w, https:\/\/army-of-mahdi.com\/member\/wp-content\/uploads\/2025\/07\/cover_gp.jpg 1500w\" sizes=\"auto, (max-width: 300px) 100vw, 300px\" \/><\/figure><div class=\"wp-block-media-text__content\">\n<p><strong>GP &#8211; Persisch, das Arabische Latein<\/strong><br>(Der Verrat der Juden an der Schrift. Teil 2)<\/p>\n\n\n\n<p><a href=\"https:\/\/army-of-mahdi.com\/download\/video\/AbdullahMehdi100%C2%A9gp_de.mp4\">Deutsch<\/a><br><a href=\"https:\/\/army-of-mahdi.com\/download\/video\/AbdullahMehdi100%C2%A9gp_en.mp4\">Englisch<\/a><br><a href=\"https:\/\/army-of-mahdi.com\/download\/video\/AbdullahMehdi100%C2%A9ebt_ar.mp4\">Arabisch<\/a><br><a href=\"https:\/\/army-of-mahdi.com\/download\/video\/AbdullahMehdi100%C2%A9ebt_tr.mp4\">T\u00fcrkisch<\/a><\/p>\n<\/div><\/div>\n\n\n\n<div class=\"wp-block-media-text is-stacked-on-mobile\" style=\"grid-template-columns:27% auto\"><figure class=\"wp-block-media-text__media\"><img loading=\"lazy\" decoding=\"async\" width=\"300\" height=\"300\" src=\"https:\/\/army-of-mahdi.com\/member\/wp-content\/uploads\/2025\/07\/cover_v7-300x300.jpg\" alt=\"\" class=\"wp-image-2440 size-full\" srcset=\"https:\/\/army-of-mahdi.com\/member\/wp-content\/uploads\/2025\/07\/cover_v7-300x300.jpg 300w, https:\/\/army-of-mahdi.com\/member\/wp-content\/uploads\/2025\/07\/cover_v7-1024x1024.jpg 1024w, https:\/\/army-of-mahdi.com\/member\/wp-content\/uploads\/2025\/07\/cover_v7-150x150.jpg 150w, https:\/\/army-of-mahdi.com\/member\/wp-content\/uploads\/2025\/07\/cover_v7-768x768.jpg 768w, https:\/\/army-of-mahdi.com\/member\/wp-content\/uploads\/2025\/07\/cover_v7.jpg 1500w\" sizes=\"auto, (max-width: 300px) 100vw, 300px\" \/><\/figure><div class=\"wp-block-media-text__content\">\n<p><strong>V7 &#8211; Verflixt sei die Sieben ihrer Politik<\/strong><br>(Der Verrat der Juden an der Schrift. Teil 3)<\/p>\n\n\n\n<p><a href=\"\/download\/video\/AbdullahMehdi100%C2%A9v7_de.mp4\">Deutsch<\/a><br><a href=\"https:\/\/army-of-mahdi.com\/Download\/video\/AbdullahMehdi100%C2%A9v7_en.mp4\">Englisch<\/a><br><a href=\"https:\/\/army-of-mahdi.com\/Download\/video\/AbdullahMehdi100%C2%A9v7_ar.mp4\">Arabisch<\/a><br><a href=\"https:\/\/army-of-mahdi.com\/Download\/video\/AbdullahMehdi100%C2%A9v7_tr.mp4\">T\u00fcrkisch<\/a><\/p>\n<\/div><\/div>\n\n\n\n<div class=\"wp-block-media-text is-stacked-on-mobile\" style=\"grid-template-columns:27% auto\"><figure class=\"wp-block-media-text__media\"><img loading=\"lazy\" decoding=\"async\" width=\"300\" height=\"300\" src=\"https:\/\/army-of-mahdi.com\/member\/wp-content\/uploads\/2025\/07\/cover_en-300x300.jpg\" alt=\"\" class=\"wp-image-2439 size-full\" srcset=\"https:\/\/army-of-mahdi.com\/member\/wp-content\/uploads\/2025\/07\/cover_en-300x300.jpg 300w, https:\/\/army-of-mahdi.com\/member\/wp-content\/uploads\/2025\/07\/cover_en-1024x1024.jpg 1024w, https:\/\/army-of-mahdi.com\/member\/wp-content\/uploads\/2025\/07\/cover_en-150x150.jpg 150w, https:\/\/army-of-mahdi.com\/member\/wp-content\/uploads\/2025\/07\/cover_en-768x768.jpg 768w, https:\/\/army-of-mahdi.com\/member\/wp-content\/uploads\/2025\/07\/cover_en.jpg 1500w\" sizes=\"auto, (max-width: 300px) 100vw, 300px\" \/><\/figure><div class=\"wp-block-media-text__content\">\n<p><strong>EN &#8211; Englisch, die Sprache der Satanen<\/strong><br>(Der Verrat der Juden an der Schrift. Teil 4)<\/p>\n\n\n\n<p><a href=\"https:\/\/army-of-mahdi.com\/download\/video\/AbdullahMehdi100%C2%A9en_de.mp4\">Deutsch<\/a><br><a href=\"https:\/\/army-of-mahdi.com\/download\/video\/AbdullahMehdi100%C2%A9en_en.mp4\">Englisch<\/a><br><a href=\"https:\/\/army-of-mahdi.com\/download\/video\/AbdullahMehdi100%C2%A9en_ar.mp4\">Arabisch<\/a><br><a href=\"https:\/\/army-of-mahdi.com\/download\/video\/AbdullahMehdi100%C2%A9en_tr.mp4\">T\u00fcrkisch<\/a><\/p>\n<\/div><\/div>\n\n\n\n<div class=\"wp-block-media-text is-stacked-on-mobile\" style=\"grid-template-columns:27% auto\"><figure class=\"wp-block-media-text__media\"><img loading=\"lazy\" decoding=\"async\" width=\"300\" height=\"300\" src=\"https:\/\/army-of-mahdi.com\/member\/wp-content\/uploads\/2025\/07\/cover_ebt-300x300.jpg\" alt=\"\" class=\"wp-image-2438 size-full\" srcset=\"https:\/\/army-of-mahdi.com\/member\/wp-content\/uploads\/2025\/07\/cover_ebt-300x300.jpg 300w, https:\/\/army-of-mahdi.com\/member\/wp-content\/uploads\/2025\/07\/cover_ebt-1024x1024.jpg 1024w, https:\/\/army-of-mahdi.com\/member\/wp-content\/uploads\/2025\/07\/cover_ebt-150x150.jpg 150w, https:\/\/army-of-mahdi.com\/member\/wp-content\/uploads\/2025\/07\/cover_ebt-768x768.jpg 768w, https:\/\/army-of-mahdi.com\/member\/wp-content\/uploads\/2025\/07\/cover_ebt.jpg 1500w\" sizes=\"auto, (max-width: 300px) 100vw, 300px\" \/><\/figure><div class=\"wp-block-media-text__content\">\n<p><strong>EBT &#8211; Elphabet, nicht Alphabet<\/strong><br>(Der Verrat der Juden an der Schrift. Teil 5)<\/p>\n\n\n\n<p><a href=\"https:\/\/army-of-mahdi.com\/download\/video\/AbdullahMehdi100%C2%A9ebt_de.mp4\">Deutsch<\/a><br><a href=\"https:\/\/army-of-mahdi.com\/download\/video\/AbdullahMehdi100%C2%A9ebt_en.mp4\">Englisch<\/a><br><a href=\"https:\/\/army-of-mahdi.com\/download\/video\/AbdullahMehdi100%C2%A9ebt_ar.mp4\">Arabisch<\/a><br><a href=\"https:\/\/army-of-mahdi.com\/download\/video\/AbdullahMehdi100%C2%A9ebt_tr.mp4\">T\u00fcrkisch<\/a><\/p>\n<\/div><\/div>\n\n\n\n<div style=\"height:50px\" aria-hidden=\"true\" class=\"wp-block-spacer wp-block-media-text is-stacked-on-mobile\"><\/div>\n\n\n\n<p>&nbsp;<\/p>\n","protected":false},"excerpt":{"rendered":"<p>Lehrvideos \u00fcber die Schrift Von AbdullahMehdi100\u00a9 Die Sprache ist das Werkzeug des Herren, um mit seinen Dienern zu sprechen. Sonst wirst du zum Tier, du Stier. Eine Sprache war immer von N\u00f6ten, um andere Sprachen \u00fcberhaupt zu bilden. Diese Erste Sprache, also die Sprache der Veranlagung geh\u00f6rt zum Heiligsten. Und steht im Schutze des Herren.&hellip; <a class=\"more-link\" href=\"https:\/\/army-of-mahdi.com\/member\/lehrvideos\/\"><span class=\"screen-reader-text\">Lehrvideos<\/span> weiterlesen<\/a><\/p>\n","protected":false},"author":1,"featured_media":0,"parent":0,"menu_order":0,"comment_status":"closed","ping_status":"closed","template":"","meta":{"footnotes":"[]"},"class_list":["post-2437","page","type-page","status-publish","hentry","entry"],"_links":{"self":[{"href":"https:\/\/army-of-mahdi.com\/member\/wp-json\/wp\/v2\/pages\/2437","targetHints":{"allow":["GET"]}}],"collection":[{"href":"https:\/\/army-of-mahdi.com\/member\/wp-json\/wp\/v2\/pages"}],"about":[{"href":"https:\/\/army-of-mahdi.com\/member\/wp-json\/wp\/v2\/types\/page"}],"author":[{"embeddable":true,"href":"https:\/\/army-of-mahdi.com\/member\/wp-json\/wp\/v2\/users\/1"}],"replies":[{"embeddable":true,"href":"https:\/\/army-of-mahdi.com\/member\/wp-json\/wp\/v2\/comments?post=2437"}],"version-history":[{"count":39,"href":"https:\/\/army-of-mahdi.com\/member\/wp-json\/wp\/v2\/pages\/2437\/revisions"}],"predecessor-version":[{"id":6726,"href":"https:\/\/army-of-mahdi.com\/member\/wp-json\/wp\/v2\/pages\/2437\/revisions\/6726"}],"wp:attachment":[{"href":"https:\/\/army-of-mahdi.com\/member\/wp-json\/wp\/v2\/media?parent=2437"}],"curies":[{"name":"wp","href":"https:\/\/api.w.org\/{rel}","templated":true}]}}