{"id":2837,"date":"2025-07-14T18:34:10","date_gmt":"2025-07-14T16:34:10","guid":{"rendered":"https:\/\/army-of-mahdi.com\/member\/?page_id=2837"},"modified":"2026-04-07T11:41:43","modified_gmt":"2026-04-07T09:41:43","slug":"kontakt","status":"publish","type":"page","link":"https:\/\/army-of-mahdi.com\/member\/kontakt\/","title":{"rendered":"Kontakt"},"content":{"rendered":"\n<h4 class=\"wp-block-heading\">Armee von Mehdi 1438 &#8211; Abdullah Mehdi<\/h4>\n\n\n\n<p>Es wird erwartet, dass die Verantwortlichen von Deutschland und der T\u00fcrkei, gemeinsam sich mit Ali-Muhammed-Abdullah-Mehdi, in <a href=\"https:\/\/quran.com\/48\/18\">Verbindung <\/a>setzen. Er darf im Quran \u00fcber die Eigenschaften von <a href=\"https:\/\/quran.com\/2\/247\">Talud<\/a> gedeutet werden. Auch die <a href=\"https:\/\/quran.com\/2\/248\">Bundeslade<\/a> soll den Gl\u00e4ubigen wieder erscheinen. Schon damals war es als Beweis am gelten, f\u00fcr die Macht des Heiligen. Mit seinen wundersamen Kr\u00e4ften.\u00a0.<\/p>\n\n\n\n<p><\/p>\n","protected":false},"excerpt":{"rendered":"<p>Armee von Mehdi 1438 &#8211; Abdullah Mehdi Es wird erwartet, dass die Verantwortlichen von Deutschland und der T\u00fcrkei, gemeinsam sich mit Ali-Muhammed-Abdullah-Mehdi, in Verbindung setzen. Er darf im Quran \u00fcber die Eigenschaften von Talud gedeutet werden. Auch die Bundeslade soll den Gl\u00e4ubigen wieder erscheinen. Schon damals war es als Beweis am gelten, f\u00fcr die Macht&hellip; <a class=\"more-link\" href=\"https:\/\/army-of-mahdi.com\/member\/kontakt\/\"><span class=\"screen-reader-text\">Kontakt<\/span> weiterlesen<\/a><\/p>\n","protected":false},"author":1,"featured_media":0,"parent":0,"menu_order":0,"comment_status":"closed","ping_status":"closed","template":"","meta":{"footnotes":""},"class_list":["post-2837","page","type-page","status-publish","hentry","entry"],"_links":{"self":[{"href":"https:\/\/army-of-mahdi.com\/member\/wp-json\/wp\/v2\/pages\/2837","targetHints":{"allow":["GET"]}}],"collection":[{"href":"https:\/\/army-of-mahdi.com\/member\/wp-json\/wp\/v2\/pages"}],"about":[{"href":"https:\/\/army-of-mahdi.com\/member\/wp-json\/wp\/v2\/types\/page"}],"author":[{"embeddable":true,"href":"https:\/\/army-of-mahdi.com\/member\/wp-json\/wp\/v2\/users\/1"}],"replies":[{"embeddable":true,"href":"https:\/\/army-of-mahdi.com\/member\/wp-json\/wp\/v2\/comments?post=2837"}],"version-history":[{"count":28,"href":"https:\/\/army-of-mahdi.com\/member\/wp-json\/wp\/v2\/pages\/2837\/revisions"}],"predecessor-version":[{"id":7770,"href":"https:\/\/army-of-mahdi.com\/member\/wp-json\/wp\/v2\/pages\/2837\/revisions\/7770"}],"wp:attachment":[{"href":"https:\/\/army-of-mahdi.com\/member\/wp-json\/wp\/v2\/media?parent=2837"}],"curies":[{"name":"wp","href":"https:\/\/api.w.org\/{rel}","templated":true}]}}