{"id":2849,"date":"2025-07-09T08:37:14","date_gmt":"2025-07-09T06:37:14","guid":{"rendered":"https:\/\/army-of-mahdi.com\/member\/?page_id=2849"},"modified":"2026-03-23T20:22:14","modified_gmt":"2026-03-23T19:22:14","slug":"sprachdimensionierer","status":"publish","type":"page","link":"https:\/\/army-of-mahdi.com\/member\/sprachdimensionierer\/","title":{"rendered":"Heilgrad\u00a9"},"content":{"rendered":"\n<h4 class=\"wp-block-heading\">Der Sprachdimensionierer Heilgrad\u00a9<\/h4>\n\n\n\n<div class=\"wp-block-media-text is-stacked-on-mobile\" style=\"grid-template-columns:37% auto\"><figure class=\"wp-block-media-text__media\"><img loading=\"lazy\" decoding=\"async\" width=\"500\" height=\"368\" src=\"https:\/\/army-of-mahdi.com\/member\/wp-content\/uploads\/2025\/07\/tablet_app2_500pxl-1.png\" alt=\"\" class=\"wp-image-2859 size-full\" srcset=\"https:\/\/army-of-mahdi.com\/member\/wp-content\/uploads\/2025\/07\/tablet_app2_500pxl-1.png 500w, https:\/\/army-of-mahdi.com\/member\/wp-content\/uploads\/2025\/07\/tablet_app2_500pxl-1-300x221.png 300w\" sizes=\"auto, (max-width: 500px) 100vw, 500px\" \/><\/figure><div class=\"wp-block-media-text__content\">\n<p>Mit diesem Programm lassen sich W\u00f6rter dimensional berechnen und veranschaulichen. Der MehdiCODE\u00a9 dient als Schl\u00fcssel f\u00fcr die Berechnungen. <\/p>\n<\/div><\/div>\n\n\n\n<details class=\"wp-block-details is-layout-flow wp-block-details-is-layout-flow\" open><summary>Orientiere dich an den Dimensionen<\/summary>\n<p>Du kannst mit diesem Programm zum Beispiel die Qualit\u00e4t deiner Lieblings Namen und W\u00f6rter beurteilen. Oder selber W\u00f6rter  bestimmen, die zu einem gew\u00fcnschten Schicksal neigen.<\/p>\n<\/details>\n\n\n\n<details class=\"wp-block-details is-layout-flow wp-block-details-is-layout-flow\" open><summary>Persisch und T\u00fcrkisch Konflikt<\/summary>\n<p>Der Sprachdimensionierer ist f\u00fcr Persisch oder T\u00fcrkisch nicht geeignet. Auch wenn beide Sprachen dem Arabisch oder Lateini \u00e4hneln, sind sie eine andere Alphabetsstruktur am besitzen.  Mehr Information dazu k\u00f6nnt ihr im<a href=\"https:\/\/army-of-mahdi.com\/member\/lehrvideos\/\" data-type=\"page\" data-id=\"2437\"> Video GP und EBT<\/a> erhalten.<\/p>\n<\/details>\n\n\n\n<details class=\"wp-block-details is-layout-flow wp-block-details-is-layout-flow\" open><summary>Welche L\u00e4nder sind geeignet?<\/summary>\n<p>Die Berechnungen des Programms wirken ideal bei den L\u00e4ndern des Lateins, in denen dessen Buchstabieralphabet die gleiche Struktur aufweist wie die 26 Buchstaben des Englischen. Die Umlaute fallen aus der Codierung. Bei Arabisch funktioniert das Programm nur bei L\u00e4ndern auf Basis der gesegneten 28 Buchstaben.<\/p>\n<\/details>\n\n\n\n<div style=\"height:100px\" aria-hidden=\"true\" class=\"wp-block-spacer\"><\/div>\n\n\n\n<div class=\"wp-block-group alignfull has-text-color has-background\" style=\"color:#000000;background-color:#ffffff\"><div class=\"wp-block-group__inner-container is-layout-flow wp-block-group-is-layout-flow\">\n<div style=\"height:21px\" aria-hidden=\"true\" class=\"wp-block-spacer\"><\/div>\n\n\n\n<p class=\"has-text-align-center has-small-font-size\" style=\"line-height:.9\"><strong>SPRACHDIMENSIONIERER<\/strong><\/p>\n\n\n\n<h2 class=\"wp-block-heading has-text-align-center\" id=\"schedule-a-visit\" style=\"font-size:59px;line-height:1.15\">HEILGRAD<\/h2>\n\n\n\n<div class=\"wp-block-buttons is-horizontal is-content-justification-center is-layout-flex wp-container-core-buttons-is-layout-499968f5 wp-block-buttons-is-layout-flex\">\n<div class=\"wp-block-button has-custom-width wp-block-button__width-50\"><a class=\"wp-block-button__link has-text-color has-background wp-element-button\" href=\"https:\/\/army-of-mahdi.com\/\" style=\"border-radius:50px;color:#ffffff;background-color:#000000\">\u00d6ffnen<\/a><\/div>\n<\/div>\n\n\n\n<div style=\"height:11px\" aria-hidden=\"true\" class=\"wp-block-spacer\"><\/div>\n<\/div><\/div>\n\n\n\n<h2 class=\"wp-block-heading\"><\/h2>\n","protected":false},"excerpt":{"rendered":"<p>Der Sprachdimensionierer Heilgrad\u00a9 Mit diesem Programm lassen sich W\u00f6rter dimensional berechnen und veranschaulichen. Der MehdiCODE\u00a9 dient als Schl\u00fcssel f\u00fcr die Berechnungen. SPRACHDIMENSIONIERER HEILGRAD<\/p>\n","protected":false},"author":1,"featured_media":0,"parent":0,"menu_order":0,"comment_status":"closed","ping_status":"closed","template":"","meta":{"footnotes":""},"class_list":["post-2849","page","type-page","status-publish","hentry","entry"],"_links":{"self":[{"href":"https:\/\/army-of-mahdi.com\/member\/wp-json\/wp\/v2\/pages\/2849","targetHints":{"allow":["GET"]}}],"collection":[{"href":"https:\/\/army-of-mahdi.com\/member\/wp-json\/wp\/v2\/pages"}],"about":[{"href":"https:\/\/army-of-mahdi.com\/member\/wp-json\/wp\/v2\/types\/page"}],"author":[{"embeddable":true,"href":"https:\/\/army-of-mahdi.com\/member\/wp-json\/wp\/v2\/users\/1"}],"replies":[{"embeddable":true,"href":"https:\/\/army-of-mahdi.com\/member\/wp-json\/wp\/v2\/comments?post=2849"}],"version-history":[{"count":83,"href":"https:\/\/army-of-mahdi.com\/member\/wp-json\/wp\/v2\/pages\/2849\/revisions"}],"predecessor-version":[{"id":7570,"href":"https:\/\/army-of-mahdi.com\/member\/wp-json\/wp\/v2\/pages\/2849\/revisions\/7570"}],"wp:attachment":[{"href":"https:\/\/army-of-mahdi.com\/member\/wp-json\/wp\/v2\/media?parent=2849"}],"curies":[{"name":"wp","href":"https:\/\/api.w.org\/{rel}","templated":true}]}}