{"id":2987,"date":"2025-07-15T16:35:04","date_gmt":"2025-07-15T14:35:04","guid":{"rendered":"https:\/\/army-of-mahdi.com\/member\/?page_id=2987"},"modified":"2026-04-04T07:30:35","modified_gmt":"2026-04-04T05:30:35","slug":"quran_auszuege","status":"publish","type":"page","link":"https:\/\/army-of-mahdi.com\/member\/quran_auszuege\/","title":{"rendered":"Quran Ausz\u00fcge"},"content":{"rendered":"\n<p><\/p>\n\n\n<h4><img loading=\"lazy\" decoding=\"async\" class=\"size-medium wp-image-3002 aligncenter\" src=\"https:\/\/army-of-mahdi.com\/member\/wp-content\/uploads\/2025\/07\/bismillah-300x92.png\" alt=\"\" width=\"300\" height=\"92\" srcset=\"https:\/\/army-of-mahdi.com\/member\/wp-content\/uploads\/2025\/07\/bismillah-300x92.png 300w, https:\/\/army-of-mahdi.com\/member\/wp-content\/uploads\/2025\/07\/bismillah.png 501w\" sizes=\"auto, (max-width: 300px) 100vw, 300px\" \/><\/h4>\n<p style=\"text-align: center;\">Im Namen Allahs, des Allerbarmenden des Barmherzigen<\/p>\n<div><strong>Lob geb\u00fchrt Allah und Segen und Frieden sei auf Muhammed.<\/strong> Mit Allahs Erlaubnis m\u00f6chte ich hiermit einige Verse aus dem Quran listen, die auf die Dimensionen, auch den Heilstrom\u00a9 deuten. Der Quran und die Dimensionen sind sich am best\u00e4tigen. So wie Buchstaben, die Zahlen. Jedoch ist der Quran \u00fcber den Dimensionen erhaben und ist sich nicht darauf am st\u00fctzen. Die Dimensionen aber sind sich auf den Quran am st\u00fctzen. Weil, die Dimensionen sind erschaffen, so wie die Tinte und das Papier, mit dem Allahs W\u00f6rter geschrieben werden. Allah und seine Worte selbst z\u00e4hlen jedoch nicht zu etwas erschaffenem. Diese Rechtevergabe ist Bedeutend um Allah und seinen Worten den h\u00f6chsten Rang zu geben. Der Glanz &#8222;El-Nur&#8220; von Allah, welches wir zum Rechnen mit Null (0) definieren, k\u00f6nnen wir auch nicht als etwas erschaffenes betrachten. Dieses l\u00e4sst sich in den Dimensionen nur als Segnung 10 (Beraket) in vorm von Mehrung und Licht erkennen.\u00a0<\/div>\n<div><strong>Das Wissen \u00fcber die Dimensionen wurde in dieser Vorm von keinem Gelehrten des Islams offen gelegt.<\/strong> Abdullah Mehdi ist dieses Wissen als Einziger am verantworten. Auch gab es keine muslimische Gelehrten, die die reine Stromkraft, welche die Ungl\u00e4ubigen &#8222;Elektrik&#8220; genannt haben, \u00fcber die Religion auslegen konnten. Die Gelehrten der Rechtsschulen lie\u00dfen die Wissenschaften \u00fcber die Auslegung des Qurans, nach dem Fall des Kalifats, auch fallen. Weil es gab keinen religi\u00f6sen Hauptverantwortlichen. Erst danach haben die Ungl\u00e4ubigen den Strom bekannt gegeben, mit dem sie ihre Kr\u00e4fte Weltweit vernetzen konnten. Jedoch ohne dessen richtige Bedeutung in der Sch\u00f6pfung zu offenbaren. Nur um damit das Volk in ihrem Dienste mit gegenw\u00e4rtiger Kraft zu versorgen. Beziehungsweise, die Kr\u00e4fte der Sch\u00f6pfung, seinen Beherrschten zu verkaufen. Die M\u00f6glichkeit, durch den Strom, in die Zeit eingreifen zu k\u00f6nnen, haben sie verschwiegen.\u00a0\u00a0<\/div>\n<div>Der reinen Stromkraft werden die zwei h\u00f6chsten Dimensionen zugeschrieben, Dimension 1 der Zeit und 9 der Kraft. Zwischen diesen sind die Dimensionen mit 7 weiteren verbunden. Und sind dabei auch die Zukunft und Vergangenheit der Materie am erzeugen. <strong>Abdullah Mehdi ist der erste Gelehrte unter den Muslimen, der die reine Stromkraft (Elektrik) nach dem Segen 10 (Bereket) des Herren tut auslegen.<\/strong> Mit dieser Auslegung ist er die Kr\u00e4fte hin zum Jenseitigen und Diesseitigen technisch am erkl\u00e4ren und beweisen. Zudem soll er den Heilstrom\u00a9 als frohe Botschaft den Menschen verk\u00fcnden. Diesen jenseitigen zeitlosen Strom, den man \u00fcber die Zeiten des Diesseits kann generieren.\u00a0<\/div>\n<hr \/>\n<h4>\u00a0<\/h4>\n<h4 style=\"text-align: center;\">Ausz\u00fcge zu den Dimensionen\u00a0<\/h4>\n<p>Die Dimensionen werden im Quran mit Zeiten, T\u00fcren, Ebenen, Engeln, W\u00e4chtern \u2026 beschrieben. Jedes hat seine passende Bedeutung um seine Eigenschaft zu erkl\u00e4ren. Beispiel; die Dimension 7 wird in der Erschaffung der Himmel und Erden als Ebene angegeben. Und in Bezug zu seiner h\u00f6llischen Eigenschaft als eine T\u00fcr.\u00a0<\/p>\n<p><strong>\u00adDas Wissen \u00fcber die Dimensionen ist eine Versuchung f\u00fcr die Ungl\u00e4ubigen und eine \u00dcberzeugung f\u00fcr die Gl\u00e4ubigen.<\/strong><\/p>\n<p><a href=\"https:\/\/quran.com\/74\/30-31\">Quran.com\/74\/30-31<\/a> &#8211;\u00a0 Die Wirkung der gesegneten Dimensionen im schein der Engel<\/p>\n<p><strong>Der Segen und der Glanz des Herren sowie die Verbindung zu ihm \u00fcber die Dimension 1\u00a0<\/strong><\/p>\n<p><a href=\"https:\/\/quran.com\/6\/160\">Quran.com\/6\/160 &#8211; (Segensformel)<\/a> &#8211; Die Gesegnete 10 (Barakat) in den Zyklen der Dimensionen<\/p>\n<p><a href=\"https:\/\/quran.com\/24\/35\">Quran.com\/24\/35<\/a> &#8211; Die Quelle vom Glanz (El-Nur) in den Dimensionen<\/p>\n<p><a href=\"https:\/\/quran.com\/112\">Quran.com\/112<\/a> &#8211; Die Verbindung zu Allah \u00fcber die Dimension 1<\/p>\n<p><strong>Allah l\u00e4sst Seinen Glanz in den Dimensionen auf eine Wirkung hin scheinen:<\/strong><\/p>\n<ul class=\"alt\">\n<li><a href=\"https:\/\/quran.com\/64\/8\"> Quran.com\/64\/8<\/a> &#8211; Der Quran und die Engel gl\u00e4nzen<\/li>\n<li><a href=\"https:\/\/quran.com\/39\/22\">Quran.com\/39\/22<\/a> &#8211; Die Rechtleitung gl\u00e4nzt (Hidaya)<\/li>\n<li><a href=\"https:\/\/quran.com\/57\/19\">Quran.com\/57\/19<\/a> &#8211; Die Belohnung gl\u00e4nzt (Hasenat)<\/li>\n<li><a href=\"https:\/\/quran.com\/24\/36\">Quran.com\/24\/36<\/a> &#8211; Die Gebetsh\u00e4user gl\u00e4nzen (Nur mit Rechtleitung)<\/li>\n<li><a href=\"https:\/\/quran.com\/71\/16\">Quran.com\/71\/16<\/a> &#8211; Die Himmelsk\u00f6rper gl\u00e4nzen<\/li>\n<\/ul>\n<p><strong>Gewisse zusammenh\u00e4nge der Ayats und Sure Nummerierungen des Qurans, mit den Dimensionen. Auch die Quersumme ist zu beachten.<\/strong><\/p>\n<ul class=\"alt\">\n<li><a href=\"https:\/\/quran.com\/10\/10\">Segen\u00a0 &amp; Lob &#8211; Quran.com\/10\/10<\/a><\/li>\n<li><a href=\"https:\/\/quran.com\/88\/9\">Dimension 9 Kraft.\u00a0 \u00a0 \u00a0 \u00a0 \u00a0Quran.com\/88\/9<\/a><\/li>\n<li><a href=\"https:\/\/quran.com\/88\/8\">Dimension 8. Paradies\u00a0 \u00a0 Quran.com\/88\/8 <\/a><a href=\"https:\/\/quran.com\/69\/17\">&#8211; Quran.com\/69\/17<\/a><\/li>\n<li><a href=\"https:\/\/quran.com\/7\/77\">Dimension 7. H\u00f6lle\u00a0 \u00a0 \u00a0 \u00a0 \u00a0Quran.com\/7\/77<\/a>\u00a0<a href=\"https:\/\/quran.com\/15\/44\">&#8211; Quran.com\/15\/44<\/a><\/li>\n<li><a href=\"https:\/\/quran.com\/66\/6\">Dimension 6. Feuer\u00a0 \u00a0 \u00a0 \u00a0 \u00a0Quran.com\/66\/6<\/a><\/li>\n<li><a href=\"https:\/\/quran.com\/5\/55\">Dimension 5. Mensch\u00a0 \u00a0 \u00a0 Quran.com\/5\/55<\/a><\/li>\n<li><a href=\"https:\/\/quran.com\/13\/4\">Dimension 4. Natur\u00a0 \u00a0 \u00a0 \u00a0 \u00a0Quran.com\/13\/4<\/a>\u00a0<a href=\"https:\/\/quran.com\/41\/11\">&#8211; Quran.com\/41\/11<\/a><\/li>\n<li><a href=\"https:\/\/quran.com\/13\/17\">Dimension 3. Wasser\u00a0 \u00a0 \u00a0 \u00a0Quran.com\/13\/17<\/a><\/li>\n<li><a href=\"https:\/\/quran.com\/2\/22\">Dimension 2. Raum\u00a0 \u00a0 \u00a0 \u00a0 \u00a0Quran.com\/2\/22<\/a><\/li>\n<li><a href=\"https:\/\/quran.com\/1\/1\">Dimension 1. Zeit\u00a0 \u00a0 \u00a0 \u00a0 \u00a0 \u00a0 Quran.com\/1\/1<\/a><\/li>\n<\/ul>\n<p><b>Weitere Eigenschaften der Dimensionen in den Versen des Qurans<\/b><\/p>\n<p><a href=\"https:\/\/quran.com\/57\/4\">Quran.com\/57\/4<\/a> &#8211; Die Erschaffung \/ Erscheinung des Materiellen Lebens bis zu der Grenz-Dimension 6. Der Thron von Allah dar\u00fcber (8,9) und Allahs Herrschaft \u00fcber seine Sch\u00f6pfung.<\/p>\n<p><a href=\"https:\/\/quran.com\/9\/36\">Quran.com\/9\/36<\/a> &#8211; Der verlauf der Zeit in Bezug zu der Grenz-Dimension 6 des Materiellen. (6 Monate zum Sommer und 6 dessen unwahre Monate zum Winter). Die 4 Gesch\u00fctzen Monate als nat\u00fcrliche Entfaltung\/ Sicherheit. Und die Verbreitung der Religion Allahs auf dieses Dimensionale Wissen.<\/p>\n<p><a href=\"https:\/\/quran.com\/15\/43-44\">Quran.com\/15\/43-44<\/a> &#8211; Die Dimension 7 der H\u00f6lle gilt als eine vernichtende Barriere in den Dimensionen.\u00a0<\/p>\n<p><a href=\"https:\/\/quran.com\/69\/15-22\">Quran.com\/69\/15-22<\/a> &#8211; Das Ende des Materiellen (Dimensionen 3,4,5,6). Der vernichtenden \u00dcbergang zu den letzt Gepaarten Dimensionen (7,8,9). Das erscheinen der Engel in Verbindung der Dimension 8. Und es wird in Gerechtigkeit gewogen.<\/p>\n<p><a style=\"font-size: revert;\" href=\"https:\/\/quran.com\/67\/3-4\">Quran.com\/67\/3-4<\/a><span style=\"font-size: revert;\"> &#8211; Der Himmel den wir sehen enden mit der Ebene der Dimension 7.\u00a0<\/span><\/p>\n<p><a href=\"https:\/\/quran.com\/67\/5-6\">Quran.com\/68\/5-6<\/a>\u00a0 &#8211; \u00dcber dem Sternenhimmel befinden sich die Herrschenden Dimensionen.\u00a0<\/p>\n<p><a href=\"https:\/\/quran.com\/70\/4\">Quran.com\/70\/4<\/a> &#8211; Der aufstieg zum Herren durch die Segnung der Dimension 5.<\/p>\n<p><a href=\"https:\/\/quran.com\/97\">Quran.com\/97\/1-5<\/a> &#8211; Ein Zeitfenster im Jahr mit \u00fcber 1000 Segnungen.<\/p>\n<hr \/>\n<h4>\u00a0<\/h4>\n<h4 id=\"heilstrom\" style=\"text-align: center;\">Quran Ausz\u00fcge zum Heilstrom\u00a0<\/h4>\n<p>Der Herr \u00f6ffnete Abdullah Mehdi durch das Wissen \u00fcber die Dimensionen, die Erkenntnis zum Heilstrom\u00a9. Auch die M\u00f6glichkeit, diesen Strom k\u00fcnstlich erzeugen zu k\u00f6nnen. Der Quran offenbart uns die Macht des Heilstroms \u00fcber die Wunder der Propheten (Mujiza). Auch \u00fcber die unwahren Kr\u00e4fte der Pharaonen (Istidraj).\u00a0<\/p>\n<p>Mit dem Heilstrom\u00a9 ist Abdullah Mehdi keine Wunder am bringen. Wunder geb\u00fchren nur Propheten. Nach dem erscheinen des letzten Propheten Muhammed (sav) ist der Rechtsspruch (H\u00fck\u00fcm) \u00fcber Wunder erloschen. Mit dem Quran wurde den Gl\u00e4ubigen das Wissen ge\u00f6ffnet auch um die bisherigen Wunder zu verstehen. Der Herr m\u00f6chte seinen Dienern alles Wissen von Adam geben. Allah seine Worte z\u00e4hlen zweifelsfrei zum H\u00f6chsten. Der Quran ist deshalb als gr\u00f6\u00dftes Wunder am gelten. Und wird zum offen legen von alles Wissen beitragen. Schon jetzt kann Abdullah Mehdi durch das Wissen \u00fcber die Dimensionen sagen, die Masse der Menschen erwartet eine Bewusstseinserweiterung von 1\/3 mehr als sie bisher kannten.\u00a0<\/p>\n<p><a href=\"https:\/\/quran.com\/2\/63\">Quran.com\/2\/63<\/a> &#8211; Die Aufladung des Berges durch den Heilstrom\u00a9 und das Abkommen der Leute der Schrift dieses Wissen nur zum Heil zu Nutzen.<\/p>\n<p><a href=\"https:\/\/quran.com\/40\/36-37\">Quran.com\/40\/36-37<\/a> &#8211; Der Pharao wusste die k\u00fcnstliche Heilstrom\u00a9 Erzeugung durch seine hohen Bauwerke und machte sich lustig \u00fcber Moses Drohung und Predigten.<\/p>\n<p><a href=\"https:\/\/quran.com\/20\/80\">Quran.com\/20\/80<\/a> &#8211; Die Juden erbten das Reichtum der Pharaonen, kanten den Ort des vorhandenen Heilstrom\u00a9s und ern\u00e4hrten sich durch dessen Gaben.<\/p>\n<p><a href=\"https:\/\/quran.com\/2\/57\">Quran.com\/2\/57<\/a> &#8211; Die M\u00f6glichkeit des Heilstrom\u00a9s, Nahrung (Gefl\u00fcgelfleisch) zu erzeugen. Oder Wolken und Winde zu lenken.<\/p>\n<p><a href=\"https:\/\/quran.com\/2\/61\">Quran.com\/2\/61<\/a> &#8211; Die Juden verstanden den Heilstrom\u00a9 nicht als Jenseitigen Heil und baten den Propheten \u00fcber diese wunderbare M\u00f6glichkeit an irdische Gaben.<\/p>\n<p><a href=\"https:\/\/quran.com\/2\/260\">Quran.com\/2\/260<\/a> &#8211; Die M\u00f6glichkeit des Heilstrom\u00a9s, Gewebe wieder in seinen gegenw\u00e4rtigen Ursprung zu versetzen.<\/p>\n<p><a href=\"https:\/\/quran.com\/2\/261\">Quran.com\/2\/261<\/a> &#8211; Der Heilstrom\u00a9 mehrt im Segen 10, die Materie bis zur Dimension 7.\u00a0\u00a0<\/p>\n<p><a href=\"https:\/\/quran.com\/18\/18-19\">Quran.com\/18\/18-19<\/a> &#8211; Orte, an dem der Heilstrom\u00a9 von Natur aus den normalen Fluss der Zeit beeinflusst.<\/p>\n<p><a href=\"https:\/\/quran.com\/20\/10\">Quran.com\/20\/10<\/a> &#8211; Orte an dem der Heilstrom\u00a9 gespeichert wird und als Licht zum Vorschein kommt.<\/p>\n<p><a href=\"https:\/\/quran.com\/20\/11-13\">Quran.com\/20\/11-13<\/a> &#8211; Die M\u00f6glichkeit aus dem Licht des Heilstrom\u00a9s, Wissen zu\u00a0 beziehen oder sogar mit Allah zu sprechen.<\/p>\n<p><a href=\"https:\/\/quran.com\/20\/18-21\">Quran.com\/20\/18-21<\/a> &#8211; Die M\u00f6glichkeit des Heilstrom\u00a9s, die Materie im Raum zu Kr\u00fcmmen und zu formen.<\/p>\n<p><a href=\"https:\/\/quran.com\/27\/12\">Quran.com\/27\/12<\/a> &#8211; Die M\u00f6glichkeit des Heilstrom\u00a9s die Haut zum Leuchten zu bringen. Durch den Segen der 9 Dimensionen.<\/p>\n<p><a href=\"https:\/\/quran.com\/2\/60\">Quran.com\/2\/60<\/a> &#8211; Die M\u00f6glichkeit des Heilstrom\u00a9s Wasser zu erzeugen. Durch die nat\u00fcrliche Segnung der Dimension 3 (4&#215;3=12)<\/p>\n<p><a href=\"https:\/\/quran.com\/26\/63\">Quran.com\/26\/63<\/a> &#8211; Die M\u00f6glichkeit des Heilstrom\u00a9s das Wasser zu trennen ohne es zeitlich in einem Vakuum zu isolieren.<\/p>\n<p><a href=\"https:\/\/quran.com\/34\/14\">Quran.com\/34\/14<\/a> &#8211; Die M\u00f6glichkeit durch den Heilstrom\u00a9 l\u00e4nger als wie gewohnt\u00a0 zu leben.<\/p>\n<p><a href=\"https:\/\/quran.com\/27\/39\">Quran.com\/27\/39<\/a> &#8211; Die M\u00f6glichkeit mit dem Heilstrom\u00a9 mit der <strong>Kraft<\/strong> zu Schweben, Duplizieren oder\u00a0 Teleportieren.<\/p>\n<p><a href=\"https:\/\/quran.com\/27\/40\">Quran.com\/27\/40<\/a> &#8211; Die M\u00f6glichkeit mit dem Heilstrom\u00a9 durch das <strong>Licht<\/strong> zu Schweben, Duplizieren oder Teleportieren.<\/p>\n<p><a href=\"https:\/\/quran.com\/27\/44\">Quran.com\/27\/44<\/a> &#8211; Die M\u00f6glichkeit mit dem Heilstrom\u00a9 aus dem Wasser, Kristalle und Diamanten zu erzeugen.<\/p>\n<p><a href=\"https:\/\/quran.com\/2\/58-59\">Quran.com\/2\/58-59<\/a> &#8211; Durch den Heilstrom\u00a9, eine Paradiesisch erbaute Statt. Jedoch wurde es vernichtet wegen dem Missbrauch vom Wissen.<\/p>\n<p><a href=\"https:\/\/quran.com\/34\/15-16\">Quran.com\/34\/15-16<\/a> &#8211; Eine Weitere Paradiesische statt in der die 2 wahren Pole des Heilstroms erw\u00e4hnt werden. Aber sie, wegen ihrem Unglauben sich vernichteten.<\/p>\n<p><a href=\"https:\/\/quran.com\/2\/51\">Quran.com\/2\/51<\/a> &#8211; Die Nat\u00fcrliche Aufladung des Heilstroms in 40 Tagen.<\/p>\n<hr \/>\n<h4>\u00a0<\/h4>\n<h4 id=\"wissenmissbrauch\" style=\"text-align: center;\">Quran Ausz\u00fcge \u00fcber den Wissens-Missbrauch der Juden<\/h4>\n<p><a href=\"https:\/\/quran.com\/2\/80\">Quran.com\/2\/80<\/a> &#8211; Angeblich wird die Dimension des Feuers, die Juden nur f\u00fcr gez\u00e4hlte Tage ber\u00fchren.<\/p>\n<p><a href=\"https:\/\/quran.com\/2\/42\">Quran.com\/2\/42<\/a> &#8211; Die Juden benutzen die unwahren Eigenschaften der Sch\u00f6pfung und verheimlichen ihr Wissen.<\/p>\n<p><a href=\"https:\/\/quran.com\/2\/76\">Quran.com\/2\/76<\/a> &#8211; Die Juden haben ihr Wissen von Allah aus Arabien und f\u00fcrchten, dass ihre Heimlichtuerei ihnen zum Verh\u00e4ngnis wird.<\/p>\n<p><a href=\"https:\/\/quran.com\/2\/102\">Quran.com\/2\/102<\/a> &#8211; Die Juden missbrauchen das Wissen, welches dem Prophet Salomon zum Heil offenbart wurde<\/p>\n<p><a href=\"https:\/\/quran.com\/4\/46\">Quran.com\/4\/46<\/a> &#8211; Einige Juden Verdrehen die W\u00f6rter der heiligen Schriften und schm\u00e4hen dabei die Religion<\/p>\n<p><a href=\"https:\/\/quran.com\/2\/79\">Quran.com\/2\/79<\/a> &#8211; Die Juden produzieren selber die Schrift und behaupten, diese geh\u00f6re dem Ersten.<\/p>\n<p><a href=\"https:\/\/quran.com\/2\/83\">Quran.com\/2\/83<\/a> &#8211; Die Juden waren eins, die Diener von Allah bevor sie zu abtr\u00fcnnige wurden.<\/p>\n<p><a href=\"https:\/\/quran.com\/2\/78\">Quran.com\/2\/78<\/a> &#8211; Einige Juden haben keine Kenntnis \u00fcber die Schrift und hegen Wunschvorstellungen.<\/p>\n<hr \/>\n<h4>\u00a0<\/h4>\n<h4 id=\"machtverhalten\" style=\"text-align: center;\">Quran Ausz\u00fcge \u00fcber das \u00fcble Macht-Verhalten der Juden<\/h4>\n<p><a href=\"https:\/\/quran.com\/2\/87\">Quran.com\/2\/87<\/a> &#8211; Das Vergehen der Juden gegen die Wahrheit.<\/p>\n<p><a href=\"https:\/\/quran.com\/2\/89\">Quran.com\/2\/89<\/a> &#8211; Das Vergehen der Juden gegen den Quran.<\/p>\n<p><a href=\"https:\/\/quran.com\/2\/97-99\">Quran.com\/2\/97<\/a> &#8211; Die Feindschaft der Juden zu Engel Gabriel.<\/p>\n<p><a href=\"https:\/\/quran.com\/4\/155\">Quran.com\/4\/155<\/a> &#8211; Das Vergehen des Juden an den Propheten und Gelehrten.<\/p>\n<p><a href=\"https:\/\/quran.com\/4\/156\">Quran.com\/4\/156<\/a> &#8211; Der Vorwurf des Juden gegen unserer Mutter Maria bez\u00fcglich der Unzucht.<\/p>\n<p><a href=\"https:\/\/quran.com\/4\/157\">Quran.com\/4\/157<\/a> &#8211; Der Vorwurf des Juden gegen Jesus bez\u00fcglich der Kreuzigung.<\/p>\n<p><a href=\"https:\/\/quran.com\/5\/64\">Quran.com\/5\/64<\/a> &#8211; Das streben des Juden, Unheil auf Erden zu stiften.<\/p>\n<p><a href=\"https:\/\/quran.com\/5\/13\">Quran.com\/5\/13<\/a> &#8211; Der Vertragsbruch des Juden und F\u00e4lschung.<\/p>\n<p><a href=\"https:\/\/quran.com\/2\/96\">Quran.com\/2\/96<\/a> &#8211; Die \u00fcbertriebene liebe der Juden zur Welt.<\/p>\n<p><a href=\"https:\/\/quran.com\/3\/112\">Quran.com\/3\/112<\/a> &#8211; Die Juden haben sich den Zorn von Allah zugezogen.<\/p>\n<hr \/>\n<h4>\u00a0<\/h4>\n<h4 id=\"streit\" style=\"text-align: center;\">Quran Ausz\u00fcge \u00fcber den Streit zwischen den Leuten der Schrift<\/h4>\n<p><a href=\"https:\/\/quran.com\/2\/105\">Quran.com\/2\/105<\/a> &#8211; Die Verachtung der Juden und Christen gegen\u00fcber den Muslimen.<\/p>\n<p><a href=\"https:\/\/quran.com\/2\/109\">Quran.com\/2\/109<\/a> &#8211; Das Streben der Juden und Christen, die Muslimen in den Unglauben zu ziehen.<\/p>\n<p><a href=\"https:\/\/quran.com\/2\/111\">Quran.com\/2\/111<\/a> &#8211; Der unwahre Zusammenhalt der Christen und Juden, gegen die Muslime.<\/p>\n<p><a href=\"https:\/\/quran.com\/2\/113\">Quran.com\/2\/113<\/a> &#8211; Der interne Streit zwischen den Christen und Juden.<\/p>\n<p><a href=\"https:\/\/quran.com\/5\/82\">Quran.com\/5\/82<\/a> &#8211; Die Christen sind den Muslimen lieber als wie den Juden.<\/p>\n<p><a href=\"https:\/\/quran.com\/5\/83\">Quran.com\/5\/83<\/a> &#8211; Es gibt Christen, die An Allah und den Quran glauben.<\/p>\n<p><a href=\"https:\/\/quran.com\/2\/136\">Quran.com\/2\/136<\/a> &#8211; Der Islam best\u00e4tigt und sch\u00fctzt den gesamten Propheten Stammbaum.<\/p>\n<p><a href=\"https:\/\/quran.com\/3\/103-104\">Quran.com\/3\/103-104<\/a> &#8211; Die Vereinigung der Gl\u00e4ubigen auf der Einheit von Allah .<\/p>\n\n\n<p><\/p>\n","protected":false},"excerpt":{"rendered":"<p>Im Namen Allahs, des Allerbarmenden des Barmherzigen Lob geb\u00fchrt Allah und Segen und Frieden sei auf Muhammed. Mit Allahs Erlaubnis m\u00f6chte ich hiermit einige Verse aus dem Quran listen, die auf die Dimensionen, auch den Heilstrom\u00a9 deuten. Der Quran und die Dimensionen sind sich am best\u00e4tigen. So wie Buchstaben, die Zahlen. Jedoch ist der Quran&hellip; <a class=\"more-link\" href=\"https:\/\/army-of-mahdi.com\/member\/quran_auszuege\/\"><span class=\"screen-reader-text\">Quran Ausz\u00fcge<\/span> weiterlesen<\/a><\/p>\n","protected":false},"author":1,"featured_media":0,"parent":0,"menu_order":0,"comment_status":"closed","ping_status":"closed","template":"","meta":{"footnotes":""},"class_list":["post-2987","page","type-page","status-publish","hentry","entry"],"_links":{"self":[{"href":"https:\/\/army-of-mahdi.com\/member\/wp-json\/wp\/v2\/pages\/2987","targetHints":{"allow":["GET"]}}],"collection":[{"href":"https:\/\/army-of-mahdi.com\/member\/wp-json\/wp\/v2\/pages"}],"about":[{"href":"https:\/\/army-of-mahdi.com\/member\/wp-json\/wp\/v2\/types\/page"}],"author":[{"embeddable":true,"href":"https:\/\/army-of-mahdi.com\/member\/wp-json\/wp\/v2\/users\/1"}],"replies":[{"embeddable":true,"href":"https:\/\/army-of-mahdi.com\/member\/wp-json\/wp\/v2\/comments?post=2987"}],"version-history":[{"count":413,"href":"https:\/\/army-of-mahdi.com\/member\/wp-json\/wp\/v2\/pages\/2987\/revisions"}],"predecessor-version":[{"id":7719,"href":"https:\/\/army-of-mahdi.com\/member\/wp-json\/wp\/v2\/pages\/2987\/revisions\/7719"}],"wp:attachment":[{"href":"https:\/\/army-of-mahdi.com\/member\/wp-json\/wp\/v2\/media?parent=2987"}],"curies":[{"name":"wp","href":"https:\/\/api.w.org\/{rel}","templated":true}]}}