{"id":3028,"date":"2025-07-15T19:34:58","date_gmt":"2025-07-15T17:34:58","guid":{"rendered":"https:\/\/army-of-mahdi.com\/member\/?page_id=3028"},"modified":"2026-04-08T11:19:25","modified_gmt":"2026-04-08T09:19:25","slug":"das-siegel","status":"publish","type":"page","link":"https:\/\/army-of-mahdi.com\/member\/das-siegel\/","title":{"rendered":"Das Siegel"},"content":{"rendered":"\n<h3 class=\"wp-block-heading has-text-align-center\">Das Heilige Siegel<\/h3>\n\n\n\n<p class=\"has-text-align-center\">Das Siegel von Mehdi und seiner Armee<\/p>\n\n\n<div class=\"wp-block-image\">\n<figure class=\"aligncenter size-full is-resized\"><img loading=\"lazy\" decoding=\"async\" width=\"892\" height=\"892\" src=\"https:\/\/army-of-mahdi.com\/member\/wp-content\/uploads\/2025\/12\/siegel_emblem_weis.png\" alt=\"\" class=\"wp-image-4991\" style=\"width:260px;height:auto\" srcset=\"https:\/\/army-of-mahdi.com\/member\/wp-content\/uploads\/2025\/12\/siegel_emblem_weis.png 892w, https:\/\/army-of-mahdi.com\/member\/wp-content\/uploads\/2025\/12\/siegel_emblem_weis-300x300.png 300w, https:\/\/army-of-mahdi.com\/member\/wp-content\/uploads\/2025\/12\/siegel_emblem_weis-150x150.png 150w, https:\/\/army-of-mahdi.com\/member\/wp-content\/uploads\/2025\/12\/siegel_emblem_weis-768x768.png 768w\" sizes=\"auto, (max-width: 892px) 100vw, 892px\" \/><\/figure>\n<\/div>\n\n\n<div style=\"height:30px\" aria-hidden=\"true\" class=\"wp-block-spacer\"><\/div>\n\n\n\n<p><strong>Der Herr wird nur einmal sprechen, wehen sollen die Fahnen der Echten und schon siehst du die Juden fl\u00fcchten, mit samt ihren L\u00fcgen und Geschichten.<\/strong><\/p>\n\n\n\n<p>Im Namen des Herren. Dies ist das Siegel von Mehdi, auch bekannt als Hatem1438 oder MehdiSEAL\u00a9. Es beinhaltet Allahs Namen. Die Namen der zwei h\u00f6chstrangigen Propheten. Den Namen der ehrenhaftesten Frau und den Namen des Anf\u00fchrers der Gl\u00e4ubigen. Unter diesem Siegel sollen die Gl\u00e4ubigen sich vereinen. Der Hatem1438 ist das Bindeglied zwischen der Gegenwart und den Prophezeiungen. Offenbart in 1438, an Abdullah Mehdi dem Einhundertsten. Mit dem Siegel von Mehdi beginnt auch die <a href=\"#zeit\">Zeitrechnung <\/a>vom Sonnenkalender der Gl\u00e4ubigen.<\/p>\n\n\n<hr \/>\n\n\n<h4 class=\"wp-block-heading has-text-align-center\">Frohe Botschaft von Muhammed (sav) zum Siegel von Mehdi <br><\/h4>\n\n\n\n<p class=\"has-text-align-left\">Muhammed (sav) sagt: <strong>Wie kann ein Volk untergehen, wenn ich dessen Anfang bin, am Ende, Jesus, der Sohn Marias (as) sein wird, und in der Mitte der Mahdi (as) aus meinem Ahlul Bayt?<\/strong> \u00dcberliefert von: Ibn Abbas (ra). Entnommen aus dem Buch: Ramuzul Ehadis von Ahmed Ziyauddin Nr: 4269<\/p>\n\n\n\n<figure class=\"wp-block-image size-large\"><img loading=\"lazy\" decoding=\"async\" width=\"1024\" height=\"136\" src=\"https:\/\/army-of-mahdi.com\/member\/wp-content\/uploads\/2026\/04\/hadis_von_ibn_abbas_5-1024x136.jpg\" alt=\"\" class=\"wp-image-7796\" srcset=\"https:\/\/army-of-mahdi.com\/member\/wp-content\/uploads\/2026\/04\/hadis_von_ibn_abbas_5-1024x136.jpg 1024w, https:\/\/army-of-mahdi.com\/member\/wp-content\/uploads\/2026\/04\/hadis_von_ibn_abbas_5-300x40.jpg 300w, https:\/\/army-of-mahdi.com\/member\/wp-content\/uploads\/2026\/04\/hadis_von_ibn_abbas_5-768x102.jpg 768w, https:\/\/army-of-mahdi.com\/member\/wp-content\/uploads\/2026\/04\/hadis_von_ibn_abbas_5.jpg 1156w\" sizes=\"auto, (max-width: 1024px) 100vw, 1024px\" \/><\/figure>\n\n\n<hr \/>\n\n\n<h4 class=\"wp-block-heading has-text-align-center\">Die Inschrift des Siegels<\/h4>\n\n\n\n<div class=\"wp-block-media-text has-media-on-the-right is-stacked-on-mobile is-vertically-aligned-center is-style-default has-background\" style=\"background-color:#ffffff12;font-size:13px;grid-template-columns:auto 41%\"><div class=\"wp-block-media-text__content\">\n<p>Mehdis Siegel ist am beginnen. Mit <strong>Elif<\/strong>, dem ersten Arabischen Buchstaben. Zugleich auch die 1 aus dessen Zahlen.&nbsp;Du beinhaltest 1 mal Sein Segen. Also 10 Graden.<\/p>\n<\/div><figure class=\"wp-block-media-text__media\"><img loading=\"lazy\" decoding=\"async\" width=\"801\" height=\"801\" src=\"https:\/\/army-of-mahdi.com\/member\/wp-content\/uploads\/2025\/07\/MehdiSEAL\u00a91438by_Ali_Muhammed_Abdullah_Mehdi_description_1.png\" alt=\"\" class=\"wp-image-3090 size-full\" srcset=\"https:\/\/army-of-mahdi.com\/member\/wp-content\/uploads\/2025\/07\/MehdiSEAL\u00a91438by_Ali_Muhammed_Abdullah_Mehdi_description_1.png 801w, https:\/\/army-of-mahdi.com\/member\/wp-content\/uploads\/2025\/07\/MehdiSEAL\u00a91438by_Ali_Muhammed_Abdullah_Mehdi_description_1-300x300.png 300w, https:\/\/army-of-mahdi.com\/member\/wp-content\/uploads\/2025\/07\/MehdiSEAL\u00a91438by_Ali_Muhammed_Abdullah_Mehdi_description_1-150x150.png 150w, https:\/\/army-of-mahdi.com\/member\/wp-content\/uploads\/2025\/07\/MehdiSEAL\u00a91438by_Ali_Muhammed_Abdullah_Mehdi_description_1-768x768.png 768w\" sizes=\"auto, (max-width: 801px) 100vw, 801px\" \/><\/figure><\/div>\n\n\n\n<div class=\"wp-block-media-text has-media-on-the-right is-stacked-on-mobile is-vertically-aligned-center is-style-default has-background\" style=\"background-color:#ffffff12;font-size:13px;grid-template-columns:auto 41%\"><div class=\"wp-block-media-text__content\">\n<p>Oh du Sch\u00f6pfer von Allem, du zeigst deinen Namen uns aus der sprache des Sch\u00f6nsten. Dimensionales Wortgef\u00fcge von <strong>Allah <\/strong>in Arabisch =&nbsp;<code>\u0661 + \u06445 + \u06445 + \u06479<\/code>&nbsp;<\/p>\n<\/div><figure class=\"wp-block-media-text__media\"><img loading=\"lazy\" decoding=\"async\" width=\"801\" height=\"801\" src=\"https:\/\/army-of-mahdi.com\/member\/wp-content\/uploads\/2025\/07\/MehdiSEAL\u00a91438by_Ali_Muhammed_Abdullah_Mehdi_description_2.png\" alt=\"\" class=\"wp-image-3091 size-full\" srcset=\"https:\/\/army-of-mahdi.com\/member\/wp-content\/uploads\/2025\/07\/MehdiSEAL\u00a91438by_Ali_Muhammed_Abdullah_Mehdi_description_2.png 801w, https:\/\/army-of-mahdi.com\/member\/wp-content\/uploads\/2025\/07\/MehdiSEAL\u00a91438by_Ali_Muhammed_Abdullah_Mehdi_description_2-300x300.png 300w, https:\/\/army-of-mahdi.com\/member\/wp-content\/uploads\/2025\/07\/MehdiSEAL\u00a91438by_Ali_Muhammed_Abdullah_Mehdi_description_2-150x150.png 150w, https:\/\/army-of-mahdi.com\/member\/wp-content\/uploads\/2025\/07\/MehdiSEAL\u00a91438by_Ali_Muhammed_Abdullah_Mehdi_description_2-768x768.png 768w\" sizes=\"auto, (max-width: 801px) 100vw, 801px\" \/><\/figure><\/div>\n\n\n\n<div class=\"wp-block-media-text has-media-on-the-right is-stacked-on-mobile is-vertically-aligned-center is-style-default has-background\" style=\"background-color:#ffffff12;font-size:13px;grid-template-columns:auto 41%\"><div class=\"wp-block-media-text__content\">\n<p>Der Koran-Vers 37:35 &#8222;<strong>Es gibt keine G\u00f6tter au\u00dfer den einzigen Allah<\/strong>&#8220; (Lailaheillallah). Oh Allah, du bist diese eine Wahrheit. Wir sind an dieser deiner 1, am festhalten. Helfe uns zum Rechten.<\/p>\n<\/div><figure class=\"wp-block-media-text__media\"><img loading=\"lazy\" decoding=\"async\" width=\"801\" height=\"801\" src=\"https:\/\/army-of-mahdi.com\/member\/wp-content\/uploads\/2025\/07\/MehdiSEAL\u00a91438by_Ali_Muhammed_Abdullah_Mehdi_description_3.png\" alt=\"\" class=\"wp-image-3092 size-full\" srcset=\"https:\/\/army-of-mahdi.com\/member\/wp-content\/uploads\/2025\/07\/MehdiSEAL\u00a91438by_Ali_Muhammed_Abdullah_Mehdi_description_3.png 801w, https:\/\/army-of-mahdi.com\/member\/wp-content\/uploads\/2025\/07\/MehdiSEAL\u00a91438by_Ali_Muhammed_Abdullah_Mehdi_description_3-300x300.png 300w, https:\/\/army-of-mahdi.com\/member\/wp-content\/uploads\/2025\/07\/MehdiSEAL\u00a91438by_Ali_Muhammed_Abdullah_Mehdi_description_3-150x150.png 150w, https:\/\/army-of-mahdi.com\/member\/wp-content\/uploads\/2025\/07\/MehdiSEAL\u00a91438by_Ali_Muhammed_Abdullah_Mehdi_description_3-768x768.png 768w\" sizes=\"auto, (max-width: 801px) 100vw, 801px\" \/><\/figure><\/div>\n\n\n\n<div class=\"wp-block-media-text has-media-on-the-right is-stacked-on-mobile is-vertically-aligned-center is-style-default has-background\" style=\"background-color:#ffffff12;font-size:13px;grid-template-columns:auto 41%\"><div class=\"wp-block-media-text__content\">\n<p>Der Koran-Vers 48:29 &#8222;<strong>Muhammed ist der Gesandte Allahs<\/strong>&#8220; (MuhammeduResulullah). Du bist rechts oben. Allahs Name wird durch dich am h\u00f6chsten gepriesen. Du bist das beste Vorbild f\u00fcr die Gl\u00e4ubigen.<\/p>\n<\/div><figure class=\"wp-block-media-text__media\"><img loading=\"lazy\" decoding=\"async\" width=\"801\" height=\"801\" src=\"https:\/\/army-of-mahdi.com\/member\/wp-content\/uploads\/2025\/07\/MehdiSEAL\u00a91438by_Ali_Muhammed_Abdullah_Mehdi_description_4.png\" alt=\"\" class=\"wp-image-3093 size-full\" srcset=\"https:\/\/army-of-mahdi.com\/member\/wp-content\/uploads\/2025\/07\/MehdiSEAL\u00a91438by_Ali_Muhammed_Abdullah_Mehdi_description_4.png 801w, https:\/\/army-of-mahdi.com\/member\/wp-content\/uploads\/2025\/07\/MehdiSEAL\u00a91438by_Ali_Muhammed_Abdullah_Mehdi_description_4-300x300.png 300w, https:\/\/army-of-mahdi.com\/member\/wp-content\/uploads\/2025\/07\/MehdiSEAL\u00a91438by_Ali_Muhammed_Abdullah_Mehdi_description_4-150x150.png 150w, https:\/\/army-of-mahdi.com\/member\/wp-content\/uploads\/2025\/07\/MehdiSEAL\u00a91438by_Ali_Muhammed_Abdullah_Mehdi_description_4-768x768.png 768w\" sizes=\"auto, (max-width: 801px) 100vw, 801px\" \/><\/figure><\/div>\n\n\n\n<div class=\"wp-block-media-text has-media-on-the-right is-stacked-on-mobile is-vertically-aligned-center is-style-default has-background\" style=\"background-color:#ffffff12;font-size:13px;grid-template-columns:auto 41%\"><div class=\"wp-block-media-text__content\">\n<p>Der Koran-Vers 4:171 \u201e<strong>Jesus, Sohn der Maria, ist der Gesandte Allahs<\/strong>\u201c (Isa Ibnumeryeme Resulullah). Jesus, auf dir und deiner Mutter birgt Allahs Frieden. Es war immer dein Recht, den Antichristen zu vernichten.<\/p>\n<\/div><figure class=\"wp-block-media-text__media\"><img loading=\"lazy\" decoding=\"async\" width=\"801\" height=\"801\" src=\"https:\/\/army-of-mahdi.com\/member\/wp-content\/uploads\/2025\/07\/MehdiSEAL\u00a91438by_Ali_Muhammed_Abdullah_Mehdi_description_5.png\" alt=\"\" class=\"wp-image-3094 size-full\" srcset=\"https:\/\/army-of-mahdi.com\/member\/wp-content\/uploads\/2025\/07\/MehdiSEAL\u00a91438by_Ali_Muhammed_Abdullah_Mehdi_description_5.png 801w, https:\/\/army-of-mahdi.com\/member\/wp-content\/uploads\/2025\/07\/MehdiSEAL\u00a91438by_Ali_Muhammed_Abdullah_Mehdi_description_5-300x300.png 300w, https:\/\/army-of-mahdi.com\/member\/wp-content\/uploads\/2025\/07\/MehdiSEAL\u00a91438by_Ali_Muhammed_Abdullah_Mehdi_description_5-150x150.png 150w, https:\/\/army-of-mahdi.com\/member\/wp-content\/uploads\/2025\/07\/MehdiSEAL\u00a91438by_Ali_Muhammed_Abdullah_Mehdi_description_5-768x768.png 768w\" sizes=\"auto, (max-width: 801px) 100vw, 801px\" \/><\/figure><\/div>\n\n\n\n<div class=\"wp-block-media-text has-media-on-the-right is-stacked-on-mobile is-vertically-aligned-center is-style-default has-background\" style=\"background-color:#ffffff12;font-size:13px;grid-template-columns:auto 41%\"><div class=\"wp-block-media-text__content\">\n<p>\u201e<strong>Elbeyatulillah<\/strong>\u201c Du sollst Versprechen. Deinen Eid nur zu Allah,deinem Herren. Er wird als Zeuge gen\u00fcgen. Abdullah Mehdi ist der Befehlshaber der Gl\u00e4ubigen.<\/p>\n\n\n\n<p><\/p>\n<\/div><figure class=\"wp-block-media-text__media\"><img loading=\"lazy\" decoding=\"async\" width=\"801\" height=\"801\" src=\"https:\/\/army-of-mahdi.com\/member\/wp-content\/uploads\/2025\/07\/MehdiSEAL\u00a91438by_Ali_Muhammed_Abdullah_Mehdi_description_8.png\" alt=\"\" class=\"wp-image-3097 size-full\" srcset=\"https:\/\/army-of-mahdi.com\/member\/wp-content\/uploads\/2025\/07\/MehdiSEAL\u00a91438by_Ali_Muhammed_Abdullah_Mehdi_description_8.png 801w, https:\/\/army-of-mahdi.com\/member\/wp-content\/uploads\/2025\/07\/MehdiSEAL\u00a91438by_Ali_Muhammed_Abdullah_Mehdi_description_8-300x300.png 300w, https:\/\/army-of-mahdi.com\/member\/wp-content\/uploads\/2025\/07\/MehdiSEAL\u00a91438by_Ali_Muhammed_Abdullah_Mehdi_description_8-150x150.png 150w, https:\/\/army-of-mahdi.com\/member\/wp-content\/uploads\/2025\/07\/MehdiSEAL\u00a91438by_Ali_Muhammed_Abdullah_Mehdi_description_8-768x768.png 768w\" sizes=\"auto, (max-width: 801px) 100vw, 801px\" \/><\/figure><\/div>\n\n\n\n<div class=\"wp-block-media-text has-media-on-the-right is-stacked-on-mobile is-vertically-aligned-center is-style-default has-background\" style=\"background-color:#ffffff12;font-size:13px;grid-template-columns:auto 41%\"><div class=\"wp-block-media-text__content\">\n<p class=\"has-text-align-center\"><strong>Abdullah Mehdi<\/strong><\/p>\n<\/div><figure class=\"wp-block-media-text__media\"><img loading=\"lazy\" decoding=\"async\" width=\"801\" height=\"801\" src=\"https:\/\/army-of-mahdi.com\/member\/wp-content\/uploads\/2025\/07\/MehdiSEAL\u00a91438by_Ali_Muhammed_Abdullah_Mehdi_description_9.png\" alt=\"\" class=\"wp-image-3088 size-full\" srcset=\"https:\/\/army-of-mahdi.com\/member\/wp-content\/uploads\/2025\/07\/MehdiSEAL\u00a91438by_Ali_Muhammed_Abdullah_Mehdi_description_9.png 801w, https:\/\/army-of-mahdi.com\/member\/wp-content\/uploads\/2025\/07\/MehdiSEAL\u00a91438by_Ali_Muhammed_Abdullah_Mehdi_description_9-300x300.png 300w, https:\/\/army-of-mahdi.com\/member\/wp-content\/uploads\/2025\/07\/MehdiSEAL\u00a91438by_Ali_Muhammed_Abdullah_Mehdi_description_9-150x150.png 150w, https:\/\/army-of-mahdi.com\/member\/wp-content\/uploads\/2025\/07\/MehdiSEAL\u00a91438by_Ali_Muhammed_Abdullah_Mehdi_description_9-768x768.png 768w\" sizes=\"auto, (max-width: 801px) 100vw, 801px\" \/><\/figure><\/div>\n\n\n<hr \/>\n\n\n<h4 class=\"wp-block-heading has-text-align-center\" id=\"zeit\">Die neue Zeitrechnung <\/h4>\n\n\n\n<p class=\"has-text-align-center\">Der Sonnen Kalender der Gl\u00e4ubigen<\/p>\n\n\n\n<div class=\"wp-block-media-text is-stacked-on-mobile\" style=\"grid-template-columns:18% auto\"><figure class=\"wp-block-media-text__media\"><img loading=\"lazy\" decoding=\"async\" width=\"589\" height=\"778\" src=\"https:\/\/army-of-mahdi.com\/member\/wp-content\/uploads\/2025\/12\/1438_emblem.png\" alt=\"\" class=\"wp-image-5089 size-full\" srcset=\"https:\/\/army-of-mahdi.com\/member\/wp-content\/uploads\/2025\/12\/1438_emblem.png 589w, https:\/\/army-of-mahdi.com\/member\/wp-content\/uploads\/2025\/12\/1438_emblem-227x300.png 227w\" sizes=\"auto, (max-width: 589px) 100vw, 589px\" \/><\/figure><div class=\"wp-block-media-text__content\">\n<p>Das Jahr Mehdi 1 Beginnt mit der Offenbarung des Siegels im Monat Ramadan im Jahre 1438 Hijri. Es beginnt mit dem h\u00f6chsten Sommer des Jahres. Dieser passiert im Monat Ramadan, im Mondkalender nur alle 36 Jahre. Es war Allah, der Abdullah Mehdi bis zu seinem Haus rief um ihn den Siegel zu \u00fcbergeben. Abdullah Mehdi vollzog zu dieser zeit eine Umra und gr\u00fc\u00dfte auch den Propheten.<\/p>\n<\/div><\/div>\n\n\n\n<p>Der Sonnenkalender der Gl\u00e4ubigen beendet den Kalender der Ungl\u00e4ubigen. Genauer gesagt diesen vom Antichristen. Die vollkommene Zeitrechnung werden wir benutzen. Den gesegneten Lauf von Sonne und Mond zusammen. Der Breitengrad null wird von London nach Mekka \u00fcbertragen. Der wahre Zustand des Sommers ist zum Norden hin am gelten.<\/p>\n\n\n\n<p>Mehdisimperium\u00a9 soll zwei Kalender besitzen. Einmal den Kalender, f\u00fcr die Berechnung der Jenseitigen Dienste f\u00fcr unseren Herren. Und einen Kalender, damit die Gl\u00e4ubigen im Diesseits, Herr werden k\u00f6nnen, \u00fcber die Felder und dessen Ernten. Also einmal der <strong>Hijri-Kalender<\/strong>, der sich auf den Mond bezieht, und mit dem der Islam als die vollendete Religion beginnt. Und der <strong>Mehdi-Kalender<\/strong>, der sich auf die Sonne berechnet und mit dem die Zeitrechnung von Mehdisimperium\u00a9 beginnt.<\/p>\n\n\n\n<p>Wieso entstehen zwei Kalender? In Wahrheit existiert nur eine Zeit aber diese bekommt im Zyklus der Dimensionen zwei Zust\u00e4nde. Zukunft und Vergangenheit. Wir, in unserer zentralen Dimension, leben zwischen diesen Zwei Zust\u00e4nden. Und k\u00f6nnen von unserer Gegenwart heraus, den lauf der Zeit zu beiden Richtungen erkennen. Also den Unterschied hin zur Zukunft und zur Vergangenheit sehen. Es sind die Himmelsk\u00f6rper, die dieses reflektieren. Die wirkungsvollsten sind uns in der Zeit am f\u00fchren. An der Sonne, k\u00f6nnen wir die Zukunft der Erde erkennen und am Mond dessen Vergangenheit. So entstehen Zwei Kalender, die sich auf diese zwei Himmelsk\u00f6rper st\u00fctzen.<\/p>\n\n\n\n<p>Welche Kalendern ist der Wahre? Die Sonne geh\u00f6rt zum wahren Faktor der Zeit und der Mond zu dessen Unwahrem. Jedoch kann die Zeit, alleine mit dem Faktor der Sonne nicht bemessen werden. Nur durch den unterschiedlichen Verlauf der Zeit, also durch (das Sterben) den langsameren verlauf der Vergangenheit (Mond) k\u00f6nnen Berechnungen \u00fcber die Zeit erfolgen. So ist der Sonnenkalender der Ungl\u00e4ubigen, ohne die Verbindung zum Mondkalender nur ein k\u00fcnstliches Rechengebilde, welches sich nur mit der Zahl 12 am Mond orientiert. Auch Das Wort \u201eMonate\u201c ist durch den Mond erst entstanden. Der k\u00fcnstliche Kalender der Ungl\u00e4ubigen diente nur dem Juden. Abgekoppelt von der Natur und dessen Nat\u00fcrlichen, sollen ihre Beherrschten sich p\u00fcnktlich zur Arbeit begeben. Und rechtzeitig ihre Steuererkl\u00e4rung abgeben. Auch deren Sommer-Winter Zeit Umstellungen diente nur zum desorientieren.<\/p>\n\n\n\n<p>Nicht so der Mehdi-Kalender. Dieser Sonnekalender der Gl\u00e4ubigen soll keine Wechseljahre oder Monate haben und j\u00e4hrlich sich zum Hijri-Kalender abgleichen. Jeder Monat soll 30 Tage betragen. Die 5 Tage die \u00fcbrig bleiben, sollen als Feiertage gelten, bevor das Sonnenjahr dann neu angefangen wird zu z\u00e4hlen. Mit 30 Monatstagen st\u00fctzt sich der Mehdi-Kalender zudem auf die mittlerer Erdenzeit von 360 Tagen. Und bekommt eine klare Struktur zu den 9 Dimensionen. 4 von den 5 freien Tagen des Mehdi-Kalenders sollen zu Ehren der Sportart &#8222;Ringen&#8220; passieren. Das \u00d6l-Ringen auf Wiese, so wie das Matten-Ringen mit islamisch gerechten Trikots sollen gelten. Das <a href=\"https:\/\/army-of-mahdi.com\/member\/wp-content\/uploads\/2025\/12\/oelringen.jpg\">40-Quellen-\u00d6l-Ringen<\/a> der T\u00fcrken soll weitergeerbt werden. Der 5te Feierliche Tag des Mehdisimperieum\u00a9 ist zu Ehren des Reichs am gelten. Um dann mit diesem Tag, das Sonnenjahr neu zu beginnen.<\/p>\n\n\n\n<p>Allah hat sein Haus, die Kaaba, auserw\u00e4hlt auf Erden als die Verbindung zum Jenseitigen. An diesem Ort wurde alles aus den Himmeln erschaffen. Der Breitengrad-Null in London, an dem die ungl\u00e4ubigen ihre Zeiten richten, ist nur ein Versuch die Unwissenden von der Jenseitigen Macht zu trennen. So haben die Juden, nach dem Sturz der Osmanen, sofort entsandt ihren Englischen. Von Greenwich bis zum Land unseres Heiligsten. Um dieses hinterh\u00e4ltig zu beherrschen. Es war die Familie der Saudis, die herzlich begr\u00fc\u00dften, Lorenz den Agenten. Weil sie hatten Geld und irdische Macht des Juden gerochen. Und verraten die Gl\u00e4ubigen. Und sich vertraglich gebunden mit all den L\u00e4ndern, die Englisch sprechen.&nbsp;Und&nbsp;dadurch gegr\u00fcndet das K\u00f6nigreich in&nbsp;Saudien. Gesch\u00e4ndet haben sie den Besitz der Gl\u00e4ubigen. Mitfinanziert das Leid auf Erden. Der <em>Lorenz von Arabien<\/em> starb an einem Motorradunfall mit einem Motorrad vom Besten. Und seine Millionen konnten ihm nicht helfen. Auch seine falsche Ehre ist unter seinen eigenen geblieben. Unter diesen Ehrenlosen Verr\u00e4tern der Gl\u00e4ubigen.<\/p>\n\n\n<hr \/>\n<h4 style=\"text-align: center;\">Wissenswertes zu anderen Kalendern<\/h4>\n<p>Den kompliziertesten Sonnenkalender haben die Juden sich selbst gegeben. Sie haben ihre Religi\u00f6sen Feiertage so geschaltet, dass sie niemals auf den Freitag soll treffen. Weil sie mit den Muslimen nicht mitfeiern m\u00f6chten. So sehr, dass sie sogar ein Silvester daf\u00fcr verschieben w\u00fcrden. Ich bin nicht am spa\u00dfen, du kannst deren Rabbiner fragen.\u00a0<\/p>\n<p>Den einfachsten Sonnenkalender haben die Juden den Georgier gegeben. Diese sollen die Sonnentage hoch z\u00e4hlen, ohne Wechseltage oder Wechseljahren. So das es sich wieder justieren soll, nach aber tausenden Jahren.<\/p>\n<p>Den genausten Sonnenkalender haben die Juden den Perser ausrechnen lassen. Mit mehr Schalttagen. Mit dem die Iraner sich als eine islamische-Republik kr\u00f6nen. Diesen haben sie sogar als &#8222;<strong>Hijri<\/strong>&#8220; benannt so wie den Mondkalender der Muslimen. An dem Kalender der Perser sowie an deren Schrift kann man erkennen, dass sie das Nat\u00fcrliche von Arabisch mischen, mit dem unnat\u00fcrlichen. Und dann noch behaupten, das geh\u00f6rt zum Richtigen. Allah hat <a href=\"https:\/\/quran.com\/9\/37\">Schaltmonate oder Tage<\/a> im Kalender verboten. Und die Hijra hat Resullullah mit der Auswanderung nach Medina begonnen und nicht nach Persien.\u00a0<\/p>\n<hr \/>\n\n\n<p><\/p>\n","protected":false},"excerpt":{"rendered":"<p>Das Heilige Siegel Das Siegel von Mehdi und seiner Armee Der Herr wird nur einmal sprechen, wehen sollen die Fahnen der Echten und schon siehst du die Juden fl\u00fcchten, mit samt ihren L\u00fcgen und Geschichten. Im Namen des Herren. Dies ist das Siegel von Mehdi, auch bekannt als Hatem1438 oder MehdiSEAL\u00a9. Es beinhaltet Allahs Namen.&hellip; <a class=\"more-link\" href=\"https:\/\/army-of-mahdi.com\/member\/das-siegel\/\"><span class=\"screen-reader-text\">Das Siegel<\/span> weiterlesen<\/a><\/p>\n","protected":false},"author":1,"featured_media":0,"parent":0,"menu_order":0,"comment_status":"closed","ping_status":"closed","template":"","meta":{"footnotes":""},"class_list":["post-3028","page","type-page","status-publish","hentry","entry"],"_links":{"self":[{"href":"https:\/\/army-of-mahdi.com\/member\/wp-json\/wp\/v2\/pages\/3028","targetHints":{"allow":["GET"]}}],"collection":[{"href":"https:\/\/army-of-mahdi.com\/member\/wp-json\/wp\/v2\/pages"}],"about":[{"href":"https:\/\/army-of-mahdi.com\/member\/wp-json\/wp\/v2\/types\/page"}],"author":[{"embeddable":true,"href":"https:\/\/army-of-mahdi.com\/member\/wp-json\/wp\/v2\/users\/1"}],"replies":[{"embeddable":true,"href":"https:\/\/army-of-mahdi.com\/member\/wp-json\/wp\/v2\/comments?post=3028"}],"version-history":[{"count":218,"href":"https:\/\/army-of-mahdi.com\/member\/wp-json\/wp\/v2\/pages\/3028\/revisions"}],"predecessor-version":[{"id":7798,"href":"https:\/\/army-of-mahdi.com\/member\/wp-json\/wp\/v2\/pages\/3028\/revisions\/7798"}],"wp:attachment":[{"href":"https:\/\/army-of-mahdi.com\/member\/wp-json\/wp\/v2\/media?parent=3028"}],"curies":[{"name":"wp","href":"https:\/\/api.w.org\/{rel}","templated":true}]}}