{"id":3592,"date":"2025-07-30T23:24:47","date_gmt":"2025-07-30T21:24:47","guid":{"rendered":"https:\/\/army-of-mahdi.com\/member\/?page_id=3592"},"modified":"2026-04-04T01:13:59","modified_gmt":"2026-04-03T23:13:59","slug":"galleri","status":"publish","type":"page","link":"https:\/\/army-of-mahdi.com\/member\/galleri\/","title":{"rendered":"Tevhid Flaggen"},"content":{"rendered":"\n<h4 class=\"wp-block-heading\">Die Bedeutung der Tauhid Flagge<\/h4>\n\n\n\n<p>Geschrieben von AbdullahMehdi100\u00a9<\/p>\n\n\n\n<p>Die Tauhid Flagge steht f\u00fcr die Glaubensbekenntnis des Islams, dass es keinen Gott au\u00dfer Allah gibt und das Muhammed (sav) sein Gesandter ist. Diese Flagge ist immer am wehen und wurde noch nie abgehangen. Es wird in den Herzen der Muslime \u00fcber ihren Glauben getragen. <strong>Die Tauhid Flagge (alleine) darf nicht als eine Flagge von einem Land oder als Kriegsflagge dienen.<\/strong> Zumal es nicht auf eine lebende F\u00fchrung tut deuten. Nur zu Lebzeiten des Propheten (sav), konnte man mit dieser Flagge alleine, f\u00fcr den Islam agieren. Nach Muhammed sav seinen versterben, gab es immer neben dem Tauhid auch die Milit\u00e4rsfahne des Kalifen. Ohne das Wissen und den Kalifen, sind die Feinde von Allah die Tauhid Flagge nur am Missbrauchen. Genau so auch das Siegel des Propheten.<\/p>\n\n\n\n<p>Aber nicht die Flagge der Armee von Mehdi 1438, dieses k\u00f6nnen sie nicht missbrauchen. Es steht im Schutze des Herren. Allah hat das Siegel von Mehdi gesandt um die Flaggen der Schiiten, Saudischen und den anderen Terroristen und Regime abzuh\u00e4ngen. Und Seinen Namen wahrhaftig zu erheben, bis ans Ende aller Tagen. Das Siegel von Mehdi ist auch zugleich die Flagge der Armee von Mehdi und beinhaltet auch den Tauhid, zudem Jesus (as), die Seele des Herren. Auch Abdullah Mehdi als den lebendigen F\u00fchrer der Gl\u00e4ubigen. Allah ist den Tr\u00e4ger des Mehdi Siegels am Segnen. <strong>Es wird keine m\u00e4chtigere Milit\u00e4rflagge als die Flagge der Armee von Mehdi 1438 geben<\/strong>. Neben den Muslimen, wird dar\u00fcber auch das Volk der Christen zur Rechtleitung finden.<\/p>\n\n\n\n<p>Die Muslime sollen sich blo\u00df nicht t\u00e4uschen lassen von Gruppen, oder F\u00fchrungen, welche die Tauhid Flagge f\u00fcr ihre eignen Ideologien ausnutzen. Die Taliban besitzen in dieser Hinsiecht die meisten Tevhid Flaggen. Gefolgt von den Saudischen. Und jetzt versuchen es auch die Schiiten. Alle st\u00fctzen sich mit dem Tevhid angeblich auf die 1 als Wahrheit, jedoch wollen miteinander nicht kooperieren. Weil sie sind nicht aufrichtig zur 1, diesem Wahren. Und haben auch kaum Wissen \u00fcber die 10, dem Segen. Es gibt Sekten, die haben sich die Tauhid Flagge 13 mal geklebt an ihre W\u00e4nden. Deren Sharia ist immer geblieben in ihren 4 W\u00e4nden. Auch die Gruppen, welche die Tauhid Flagge \u00f6ffentlich wehen, k\u00f6nnen au\u00dfer ihren Stolz, nichts anderes wehen. Diese haben sich unter der Tauhid Flagge nur kurz gef\u00fchlt, als w\u00e4hren sie der Kalif auf Erden. Solche Tauhid Bef\u00fcrworter geh\u00f6ren nicht zu den Schlauen. Auch nicht zu den Aufrichtigen. Diese werden immer einen Hadies finden, um ihre eigene Meinung zu vertreten. Sogar einen Sahi Hadies, keinen Schwachen. Genau wie die Gelehrten der Saudischen.<\/p>\n\n\n\n<h2 class=\"wp-block-heading\">Gallerie<\/h2>\n\n\n\n<p><strong>Videomaterial f\u00fcr unsere Jugend. Erstellt von AbdullahMehdi100\u00a9. Du darfst diese Animationen benutzen, um f\u00fcr die der Armee von Mehdi 1438 zu werben. Unser Siegel und unsere Emblems passen gut zu diesen Hintergr\u00fcnden.<\/strong>  <\/p>\n\n\n\n<p>Animierte Tauhid Flaggen<\/p>\n\n\n\n<div class=\"wp-block-columns is-layout-flex wp-container-core-columns-is-layout-9d6595d7 wp-block-columns-is-layout-flex\">\n<div class=\"wp-block-column is-layout-flow wp-block-column-is-layout-flow\">\n<figure class=\"wp-block-video\"><video controls src=\"https:\/\/army-of-mahdi.com\/download\/video2\/tevhid\/AbdullahMehdi100\u00a9Flagge_Tevihd_hintergrund_03.1\"><\/video><\/figure>\n<\/div>\n\n\n\n<div class=\"wp-block-column is-layout-flow wp-block-column-is-layout-flow\">\n<figure class=\"wp-block-video\"><video controls src=\"https:\/\/army-of-mahdi.com\/download\/video2\/tevhid\/AbdullahMehdi100\u00a9Flagge_Tevihd_hintergrund_03.2\"><\/video><\/figure>\n<\/div>\n\n\n\n<div class=\"wp-block-column is-layout-flow wp-block-column-is-layout-flow\">\n<figure class=\"wp-block-video\"><video controls src=\"https:\/\/army-of-mahdi.com\/download\/video2\/tevhid\/AbdullahMehdi100\u00a9Flagge_Tevihd_hintergrund_03.3\"><\/video><\/figure>\n<\/div>\n<\/div>\n\n\n\n<p>Animierte Mehdi Flaggen<\/p>\n\n\n\n<div class=\"wp-block-columns is-layout-flex wp-container-core-columns-is-layout-9d6595d7 wp-block-columns-is-layout-flex\">\n<div class=\"wp-block-column is-layout-flow wp-block-column-is-layout-flow\">\n<figure class=\"wp-block-video\"><video controls src=\"https:\/\/army-of-mahdi.com\/download\/video2\/hatem\/AbdullahMehdi100\u00a9Flagge_Siegel_englisch_02_schwarz.mp4\"><\/video><\/figure>\n<\/div>\n\n\n\n<div class=\"wp-block-column is-layout-flow wp-block-column-is-layout-flow\">\n<figure class=\"wp-block-video\"><video controls src=\"https:\/\/army-of-mahdi.com\/download\/video2\/hatem\/AbdullahMehdi100\u00a9Flagge_999_01_schwarz.mp4\"><\/video><\/figure>\n<\/div>\n\n\n\n<div class=\"wp-block-column is-layout-flow wp-block-column-is-layout-flow\">\n<figure class=\"wp-block-video\"><video controls src=\"https:\/\/army-of-mahdi.com\/download\/video2\/hatem\/AbdullahMehdi100\u00a9Flagge_Siegel_t\u00fcrkisch_02_schwarz.mp4\"><\/video><\/figure>\n<\/div>\n<\/div>\n\n\n\n<p>Animierte Tarnfarben<\/p>\n\n\n\n<div class=\"wp-block-columns is-layout-flex wp-container-core-columns-is-layout-9d6595d7 wp-block-columns-is-layout-flex\">\n<div class=\"wp-block-column is-layout-flow wp-block-column-is-layout-flow\">\n<figure class=\"wp-block-video\"><video controls src=\"https:\/\/army-of-mahdi.com\/download\/video2\/tarnfarben\/AbdullahMehdi100\u00a9Hintergrund_tarnfarbe_01.mp4\"><\/video><\/figure>\n<\/div>\n\n\n\n<div class=\"wp-block-column is-layout-flow wp-block-column-is-layout-flow\">\n<figure class=\"wp-block-video\"><video controls src=\"https:\/\/army-of-mahdi.com\/download\/video2\/tarnfarben\/AbdullahMehdi100\u00a9Hintergrund_tarnfarbe_02.mp4\"><\/video><\/figure>\n<\/div>\n\n\n\n<div class=\"wp-block-column is-layout-flow wp-block-column-is-layout-flow\">\n<figure class=\"wp-block-video\"><video controls src=\"https:\/\/army-of-mahdi.com\/download\/video2\/tarnfarben\/AbdullahMehdi100\u00a9Hintergrund_tarnfarbe_03.mp4\"><\/video><\/figure>\n<\/div>\n<\/div>\n\n\n\n<p>Animierte Mehdi Siegel<\/p>\n\n\n\n<div class=\"wp-block-columns is-layout-flex wp-container-core-columns-is-layout-9d6595d7 wp-block-columns-is-layout-flex\">\n<div class=\"wp-block-column is-layout-flow wp-block-column-is-layout-flow\">\n<figure class=\"wp-block-video\"><video controls src=\"https:\/\/army-of-mahdi.com\/download\/video2\/hatem\/AbdullahMehdi100\u00a9Siegel_englisch_gold_01\"><\/video><\/figure>\n<\/div>\n\n\n\n<div class=\"wp-block-column is-layout-flow wp-block-column-is-layout-flow\">\n<figure class=\"wp-block-video\"><video controls src=\"https:\/\/army-of-mahdi.com\/download\/video2\/hatem\/AbdullahMehdi100\u00a9Siegel_Ring_englisch.mp4\"><\/video><\/figure>\n<\/div>\n\n\n\n<div class=\"wp-block-column is-layout-flow wp-block-column-is-layout-flow\">\n<figure class=\"wp-block-video\"><video controls src=\"https:\/\/army-of-mahdi.com\/download\/video2\/hatem\/AbdullahMehdi100\u00a9Siegel_Ring_englisch_Tevhid.mp4\"><\/video><\/figure>\n<\/div>\n<\/div>\n\n\n\n<p>Weitere Intros und Outros<\/p>\n\n\n\n<div class=\"wp-block-columns is-layout-flex wp-container-core-columns-is-layout-9d6595d7 wp-block-columns-is-layout-flex\">\n<div class=\"wp-block-column is-layout-flow wp-block-column-is-layout-flow\">\n<figure class=\"wp-block-video\"><video controls src=\"https:\/\/army-of-mahdi.com\/download\/video2\/hatem\/AbdullahMehdi100\u00a9Hujum_Kebir.mp4\"><\/video><\/figure>\n<\/div>\n\n\n\n<div class=\"wp-block-column is-layout-flow wp-block-column-is-layout-flow\">\n<figure class=\"wp-block-video\"><video controls src=\"https:\/\/army-of-mahdi.com\/download\/video2\/hatem\/AbdullahMehdi100\u00a9Homepage_Bomb\"><\/video><\/figure>\n<\/div>\n\n\n\n<div class=\"wp-block-column is-layout-flow wp-block-column-is-layout-flow\">\n<figure class=\"wp-block-video\"><video controls src=\"https:\/\/army-of-mahdi.com\/download\/video2\/tevhid\/AbdullahMehdi100\u00a9Flagge_Tevhid_Sultan_Ahmet.mp4\"><\/video><\/figure>\n<\/div>\n<\/div>\n\n\n\n<p>Green Screen Flaggen Rechts<\/p>\n\n\n\n<div class=\"wp-block-columns is-layout-flex wp-container-core-columns-is-layout-9d6595d7 wp-block-columns-is-layout-flex\">\n<div class=\"wp-block-column is-layout-flow wp-block-column-is-layout-flow\">\n<figure class=\"wp-block-video\"><video controls src=\"https:\/\/army-of-mahdi.com\/download\/video2\/tevhid\/AbdullahMehdi100\u00a9Flagge_Tevhid_klassik_schablone_rechts_weiss.mp4\"><\/video><\/figure>\n<\/div>\n\n\n\n<div class=\"wp-block-column is-layout-flow wp-block-column-is-layout-flow\">\n<figure class=\"wp-block-video\"><video controls src=\"https:\/\/army-of-mahdi.com\/download\/video2\/tevhid\/AbdullahMehdi100\u00a9Flagge_Tevhid_klassik_schablone_links_schwarz.mp4\"><\/video><\/figure>\n<\/div>\n\n\n\n<div class=\"wp-block-column is-layout-flow wp-block-column-is-layout-flow\">\n<figure class=\"wp-block-video\"><video controls src=\"https:\/\/army-of-mahdi.com\/download\/video2\/hatem\/AbdullahMehdi100\u00a9Flagge_Siegel_t\u00fcrkisch_01_schablone_schwarz.mp4\"><\/video><\/figure>\n<\/div>\n<\/div>\n\n\n\n<p>Green Screen Flaggen Links<\/p>\n\n\n\n<div class=\"wp-block-columns is-layout-flex wp-container-core-columns-is-layout-9d6595d7 wp-block-columns-is-layout-flex\">\n<div class=\"wp-block-column is-layout-flow wp-block-column-is-layout-flow\">\n<figure class=\"wp-block-video\"><video controls src=\"https:\/\/army-of-mahdi.com\/download\/video2\/tevhid\/AbdullahMehdi100\u00a9Flagge_Tevhid_klassik_schablone_links_weiss.mp4\"><\/video><\/figure>\n<\/div>\n\n\n\n<div class=\"wp-block-column is-layout-flow wp-block-column-is-layout-flow\">\n<figure class=\"wp-block-video\"><video controls src=\"https:\/\/army-of-mahdi.com\/download\/video2\/tevhid\/AbdullahMehdi100\u00a9Flagge_Tevhid_klassik_schablone_rechts_schwarz.mp4\"><\/video><\/figure>\n<\/div>\n\n\n\n<div class=\"wp-block-column is-layout-flow wp-block-column-is-layout-flow\">\n<figure class=\"wp-block-video\"><video controls src=\"https:\/\/army-of-mahdi.com\/download\/video2\/hatem\/AbdullahMehdi100\u00a9Flagge_Siegel_englisch_01_schablone_schwarz.mp4\"><\/video><\/figure>\n<\/div>\n<\/div>\n","protected":false},"excerpt":{"rendered":"<p>Die Bedeutung der Tauhid Flagge Geschrieben von AbdullahMehdi100\u00a9 Die Tauhid Flagge steht f\u00fcr die Glaubensbekenntnis des Islams, dass es keinen Gott au\u00dfer Allah gibt und das Muhammed (sav) sein Gesandter ist. Diese Flagge ist immer am wehen und wurde noch nie abgehangen. Es wird in den Herzen der Muslime \u00fcber ihren Glauben getragen. Die Tauhid&hellip; <a class=\"more-link\" href=\"https:\/\/army-of-mahdi.com\/member\/galleri\/\"><span class=\"screen-reader-text\">Tevhid Flaggen<\/span> weiterlesen<\/a><\/p>\n","protected":false},"author":1,"featured_media":0,"parent":0,"menu_order":0,"comment_status":"closed","ping_status":"closed","template":"","meta":{"footnotes":""},"class_list":["post-3592","page","type-page","status-publish","hentry","entry"],"_links":{"self":[{"href":"https:\/\/army-of-mahdi.com\/member\/wp-json\/wp\/v2\/pages\/3592","targetHints":{"allow":["GET"]}}],"collection":[{"href":"https:\/\/army-of-mahdi.com\/member\/wp-json\/wp\/v2\/pages"}],"about":[{"href":"https:\/\/army-of-mahdi.com\/member\/wp-json\/wp\/v2\/types\/page"}],"author":[{"embeddable":true,"href":"https:\/\/army-of-mahdi.com\/member\/wp-json\/wp\/v2\/users\/1"}],"replies":[{"embeddable":true,"href":"https:\/\/army-of-mahdi.com\/member\/wp-json\/wp\/v2\/comments?post=3592"}],"version-history":[{"count":147,"href":"https:\/\/army-of-mahdi.com\/member\/wp-json\/wp\/v2\/pages\/3592\/revisions"}],"predecessor-version":[{"id":7715,"href":"https:\/\/army-of-mahdi.com\/member\/wp-json\/wp\/v2\/pages\/3592\/revisions\/7715"}],"wp:attachment":[{"href":"https:\/\/army-of-mahdi.com\/member\/wp-json\/wp\/v2\/media?parent=3592"}],"curies":[{"name":"wp","href":"https:\/\/api.w.org\/{rel}","templated":true}]}}