{"id":3854,"date":"2025-08-03T08:35:58","date_gmt":"2025-08-03T06:35:58","guid":{"rendered":"https:\/\/army-of-mahdi.com\/member\/?page_id=3854"},"modified":"2026-03-27T11:06:43","modified_gmt":"2026-03-27T10:06:43","slug":"mehdi-code","status":"publish","type":"page","link":"https:\/\/army-of-mahdi.com\/member\/mehdi-code\/","title":{"rendered":"Die Dimensionen des Segens"},"content":{"rendered":"\n<h3 class=\"wp-block-heading has-text-align-center\">Die Dimensionen des Segens<\/h3>\n\n\n\n<p class=\"has-text-align-center\">Das vollkommene Wissen \u00fcber den Segen (Barakat)<\/p>\n\n\n\n<figure class=\"wp-block-image size-full is-resized\"><img loading=\"lazy\" decoding=\"async\" width=\"503\" height=\"503\" src=\"https:\/\/army-of-mahdi.com\/member\/wp-content\/uploads\/2025\/07\/mehdiCode.png\" alt=\"\" class=\"wp-image-2608\" style=\"width:259px;height:auto\" srcset=\"https:\/\/army-of-mahdi.com\/member\/wp-content\/uploads\/2025\/07\/mehdiCode.png 503w, https:\/\/army-of-mahdi.com\/member\/wp-content\/uploads\/2025\/07\/mehdiCode-300x300.png 300w, https:\/\/army-of-mahdi.com\/member\/wp-content\/uploads\/2025\/07\/mehdiCode-150x150.png 150w\" sizes=\"auto, (max-width: 503px) 100vw, 503px\" \/><\/figure>\n\n\n\n<div class=\"wp-block-group is-nowrap is-layout-flex wp-container-core-group-is-layout-ad2f72ca wp-block-group-is-layout-flex\">\n<div style=\"height:30px;width:0px\" aria-hidden=\"true\" class=\"wp-block-spacer wp-container-content-cf2db169\"><\/div>\n\n\n\n<p><a href=\"https:\/\/army-of-mahdi.com\/member\/mehdi-code\/\" target=\"_blank\" rel=\"noreferrer noopener\"><\/a><\/p>\n<\/div>\n\n\n<p><b>Die Benennung der 9 Dimensionen im Glanz des Herren. Auch bekannt als Bereketuminallah, MehdiCODE\u00a9 oder <\/b><b>Code9desallerheilgen10. Abgeleitet aus dem Quran von AbdullahMhehdi100\u00a9 im Jahre 1441. Auf den Segen des Herren soll Mehdisimperium\u00a9 gegr\u00fcndet werden.<\/b><\/p>\n<p>Du darfst die Menschen ruhig fragen. Wie viel betr\u00e4gt der Segen des Herren. Die meisten wissen es nicht, sie haben dieses Wissen verloren. Der Jude lies sie t\u00e4uschen. Mit Algorithmen und vollen B\u00e4uchen. In Wahrheit ist der Herr eine gute Tat, mindestens mal 10 am mehren. Er selber ist der G\u00fctigste und schenkt Leben. Schau, der Segen des Herren ist am gl\u00e4nzen. Aus diesem k\u00f6nnen wir 9 Dimensionen erkennen. Auf diese sind alle Abl\u00e4ufe der Sch\u00f6pfung Zur\u00fcckzuf\u00fchren. Der Mensch darf mit der Erlaubnis seines Herren, durch das Verst\u00e4ndnis \u00fcber Seinen Segen, die gesamte Sch\u00f6pfung beherrschen. Und aus den Segnungen in vollen Z\u00fcgen Sch\u00f6pfen. Diese Vorz\u00fcge hat der Herr dem Menschen gegeben. Da er alles f\u00fcr ihn hat erschaffen. Er soll daf\u00fcr seinem Herren aufrichtig danken und mit der Wahrheit verbunden bleiben. Nur so d\u00fcrfen wir die Hilfe des Herren erwarten. Die Erkenntnis ist ein Licht, dessen Quelle ist verbunden. \u00dcber die Engel bis zu unserem H\u00f6chsten.<\/p>\n<hr \/>\n<h5 style=\"text-align: center;\">Die Eigenschaften der Dimensionen<\/h5>\n<p style=\"text-align: center;\"><img loading=\"lazy\" decoding=\"async\" class=\"alignnone  wp-image-4213\" src=\"https:\/\/army-of-mahdi.com\/member\/wp-content\/uploads\/2025\/08\/AbdullahMahdi100\u00a99876543210_cut3-300x96.png\" alt=\"\" width=\"738\" height=\"236\" srcset=\"https:\/\/army-of-mahdi.com\/member\/wp-content\/uploads\/2025\/08\/AbdullahMahdi100\u00a99876543210_cut3-300x96.png 300w, https:\/\/army-of-mahdi.com\/member\/wp-content\/uploads\/2025\/08\/AbdullahMahdi100\u00a99876543210_cut3-1024x327.png 1024w, https:\/\/army-of-mahdi.com\/member\/wp-content\/uploads\/2025\/08\/AbdullahMahdi100\u00a99876543210_cut3-768x245.png 768w, https:\/\/army-of-mahdi.com\/member\/wp-content\/uploads\/2025\/08\/AbdullahMahdi100\u00a99876543210_cut3-1536x490.png 1536w, https:\/\/army-of-mahdi.com\/member\/wp-content\/uploads\/2025\/08\/AbdullahMahdi100\u00a99876543210_cut3-1568x501.png 1568w, https:\/\/army-of-mahdi.com\/member\/wp-content\/uploads\/2025\/08\/AbdullahMahdi100\u00a99876543210_cut3.png 1845w\" sizes=\"auto, (max-width: 738px) 100vw, 738px\" \/><\/p>\n<p><strong>MehdiCODE\u00a90 Der Glanz von Allah<\/strong> (Keine Dimension)<strong><br \/><\/strong>Ma\u00dflos Vollkommen, Wahrhaftig, Heilig, Engelhaft, Ewig, Strahlend.<\/p>\n<p><strong>MehdiCODE\u00a910 Der Segen von Allah<br \/><\/strong>Messbar Vollkommen, Herrliche Ma\u00dfeinheit, Gesegnet, Leuchtend, Anziehend &amp; Strahlend, Teilbare Einheit, gepaart mit Allahs Glanz.<\/p>\n<p><strong>MehdiCODE\u00a99 Die Kraft<br \/><\/strong>Stark, Bewegend, Beherrschend, Abschlie\u00dfend, Anziehend, Ungerecht Teilbar.<\/p>\n<p><strong>MehdiCODE\u00a98 Das Paradies<br \/><\/strong>Paradiesisch, Erhebend, Entfaltend, Hoffnungsvoll, Heilend, Strahlend, H\u00f6chst Teilbar, Parallele zum Raum.<\/p>\n<p><strong>MehdiCODE\u00a97 Die H\u00f6lle<br \/><\/strong>H\u00f6llisch, Erniedrigend, Einzig, Ausschlie\u00dfend, Anziehend, doppelt Nicht teilbar, Parallele zum Wasser.<\/p>\n<p><strong>MehdiCODE\u00a96 Das Feuer<br \/><\/strong>Feurig, Begrenzend, Formend, W\u00e4rmend, Strahlend, Gerecht und ungerecht Teilbar, parallele zur Natur.<\/p>\n<p><strong>MehdiCODE\u00a95 Der Mensch<br \/><\/strong>Menschlich, Zentral, Mittig, Anziehend, die H\u00e4lfte aus Allahs Segen, Bed\u00fcrftig zu Allahs Segen, Unterw\u00fcrfig zu Allahs Glanz, nicht teilbar.<\/p>\n<p><strong>MehdiCODE\u00a94 Die Natur<br \/><\/strong>Nat\u00fcrlich, Elementar, Tierisch, Strahlend, Doppelt und Gerecht Teilbar, parallele zum Feuer.<\/p>\n<p><strong>MehdiCODE\u00a93 Das Wasser<br \/><\/strong>Sauber, Materiell, Nicht Teilbar, Anziehend, parallele zur H\u00f6lle.\u00a0<\/p>\n<p><strong>MehdiCODE\u00a92 Der Raum<br \/><\/strong>R\u00e4umlich, Gerecht, Geringst teilbar, Strahlend, parallele zum Paradies.<\/p>\n<p><strong>MehdiCODE\u00a91 Die Zeit<br \/><\/strong>Einzig, Wahr, Verbindend, Beginnend, Grade, Anziehend, unteilbare Einheit, parallele zur Kraft.<\/p>\n<hr \/>\n<h5>\u00a0<\/h5>\n<h5 style=\"text-align: center;\">Der Lichtsstromkreis des Segens<\/h5>\n<p><img loading=\"lazy\" decoding=\"async\" class=\" wp-image-4976 aligncenter\" src=\"https:\/\/army-of-mahdi.com\/member\/wp-content\/uploads\/2025\/12\/Lichtsstromkreis_emblem-300x300.png\" alt=\"\" width=\"442\" height=\"442\" srcset=\"https:\/\/army-of-mahdi.com\/member\/wp-content\/uploads\/2025\/12\/Lichtsstromkreis_emblem-300x300.png 300w, https:\/\/army-of-mahdi.com\/member\/wp-content\/uploads\/2025\/12\/Lichtsstromkreis_emblem-1024x1024.png 1024w, https:\/\/army-of-mahdi.com\/member\/wp-content\/uploads\/2025\/12\/Lichtsstromkreis_emblem-150x150.png 150w, https:\/\/army-of-mahdi.com\/member\/wp-content\/uploads\/2025\/12\/Lichtsstromkreis_emblem-768x769.png 768w, https:\/\/army-of-mahdi.com\/member\/wp-content\/uploads\/2025\/12\/Lichtsstromkreis_emblem.png 1200w\" sizes=\"auto, (max-width: 442px) 100vw, 442px\" \/><br \/>Am MehdiCODE\u00a9Lichtstromkreis, auch benannt als Burhan, d\u00fcrfen wir den verlauf des Glanzes in den Dimensionen verfolgen. Wie das Licht sich verh\u00e4lt in Allahs Segen. Der Glanz besitzt keinen eignen Gegenpol beim strahlen. Es wird durch die Dimensionen reflektiert und bis zu der Dunkelheit der H\u00f6lle angezogen.\u00a0<\/p>\n<p>Allahs Glanz ist am strahlen und als erstes mit der Dimension 3 des Wassers anziehend verbunden. Dann mit der 6 des Feuers strahlend verbunden. Dann mit der 9 der Kraft anziehend verbunden. Und 2 des Raums strahlend. 5 des Menschen anziehend. 8 des Paradieses strahlend. 1 der Zeit anziehend. 4 der Natur strahlend. Und zum Schluss mit der Dimension 7 der H\u00f6lle anziehend verbunden.\u00a0<\/p>\n<p>Schau nur, die Besonderheit der Dimension 5 des Menschen. Es herrscht in der Mitte von zwei Zeiten und zwei Ebenen. Zwischen Rechts dem Vergangenem und links dem Zuk\u00fcnftigem. Die Mitte bildet in den materiellen Ebenen die Gegenwart und bei den Nicht-materiellen Ebenen, die Ewigkeit. Der Glanz ben\u00f6tigt in den 9 Dimensionen, 4 nat\u00fcrliche Zyklen, um gerecht um die Dimension 5 des Menschen zu verlaufen. Aus diesen 4 Zyklen bilden sich 2 Pole f\u00fcr die vergangene Kraft und 2 Pole f\u00fcr den zuk\u00fcnftigen. So entstehen im gesegnete Zyklus die zwei wahren Kr\u00e4fte der Zeiten. Diese Kr\u00e4fte sind in der Sch\u00f6pfung als der Mond und die Sonne am <span class=\"hiddenGrammarError\">erscheinen<\/span>. Die Dimensionen\u00a0<span class=\"hiddenGrammarError\">1-4<\/span>\u00a0besitzen somit den Pol der vergangenen Zeit als den Wahren. Und die Dimensionen\u00a0<span class=\"hiddenGrammarError\">6-9<\/span>, den Pol der zuk\u00fcnftigen Zeit als den Wahren.\u00a0<\/p>\n<hr \/>\n<p><strong>Die Eigenschaften der Dimensionen durch die mittlere Erdenzeit\u00a0<\/strong><\/p>\n<p>Kraft 360 \/ 9 = 40 (40) Nat\u00fcrlich Gesegnet<br \/>Paradies 360 \/ 8 = 45 (9)\u00a0<br \/>H\u00f6lle 360 \/ 7 = 51,428571428571\u2026 (6) Verkr\u00fcppelt<br \/>Feuer 360 \/ 6 = 60 (60) Feurig gesegnet<br \/>Mensch 360 \/ 5 = 72 (9)<br \/>Natur 360 \/ 4 = 90 (90) Kr\u00e4ftig Gesegnet<br \/>Wasser 360 \/ 3 = 120 (3)\u00a0<br \/>Raum 360 \/ 2 = 180 (9)<br \/>Zeit 360 \/ 1 = 360 (9)<\/p>\n<p><strong>Die Eigenschaft der Dimensionen 5 des Menschen durch die 3 Erdenzeiten<\/strong><\/p>\n<p>Zukunft 365 \/ 5 = 73 (10) Gesegnet, verl\u00e4uft einzigartig und sauber<br \/>Gegenwart 360 \/ 5 = 72 (9) Stark, verl\u00e4uft einzigartig und gerecht<br \/>Vergangenheit 355 \/ 5 = 71 (8) Paradiesisch, verl\u00e4uft einzigartig und einzig<\/p>\n\n\n<p><br><\/p>\n\n\n\n<p><\/p>\n","protected":false},"excerpt":{"rendered":"<p>Die Dimensionen des Segens Das vollkommene Wissen \u00fcber den Segen (Barakat) Die Benennung der 9 Dimensionen im Glanz des Herren. Auch bekannt als Bereketuminallah, MehdiCODE\u00a9 oder Code9desallerheilgen10. Abgeleitet aus dem Quran von AbdullahMhehdi100\u00a9 im Jahre 1441. Auf den Segen des Herren soll Mehdisimperium\u00a9 gegr\u00fcndet werden. Du darfst die Menschen ruhig fragen. Wie viel betr\u00e4gt der&hellip; <a class=\"more-link\" href=\"https:\/\/army-of-mahdi.com\/member\/mehdi-code\/\"><span class=\"screen-reader-text\">Die Dimensionen des Segens<\/span> weiterlesen<\/a><\/p>\n","protected":false},"author":1,"featured_media":0,"parent":0,"menu_order":0,"comment_status":"closed","ping_status":"closed","template":"","meta":{"footnotes":"[]"},"class_list":["post-3854","page","type-page","status-publish","hentry","entry"],"_links":{"self":[{"href":"https:\/\/army-of-mahdi.com\/member\/wp-json\/wp\/v2\/pages\/3854","targetHints":{"allow":["GET"]}}],"collection":[{"href":"https:\/\/army-of-mahdi.com\/member\/wp-json\/wp\/v2\/pages"}],"about":[{"href":"https:\/\/army-of-mahdi.com\/member\/wp-json\/wp\/v2\/types\/page"}],"author":[{"embeddable":true,"href":"https:\/\/army-of-mahdi.com\/member\/wp-json\/wp\/v2\/users\/1"}],"replies":[{"embeddable":true,"href":"https:\/\/army-of-mahdi.com\/member\/wp-json\/wp\/v2\/comments?post=3854"}],"version-history":[{"count":160,"href":"https:\/\/army-of-mahdi.com\/member\/wp-json\/wp\/v2\/pages\/3854\/revisions"}],"predecessor-version":[{"id":7628,"href":"https:\/\/army-of-mahdi.com\/member\/wp-json\/wp\/v2\/pages\/3854\/revisions\/7628"}],"wp:attachment":[{"href":"https:\/\/army-of-mahdi.com\/member\/wp-json\/wp\/v2\/media?parent=3854"}],"curies":[{"name":"wp","href":"https:\/\/api.w.org\/{rel}","templated":true}]}}