{"id":4086,"date":"2025-07-30T23:24:47","date_gmt":"2025-07-30T21:24:47","guid":{"rendered":"https:\/\/army-of-mahdi.com\/member\/?page_id=4086"},"modified":"2026-02-28T22:54:30","modified_gmt":"2026-02-28T21:54:30","slug":"hauptseite","status":"publish","type":"page","link":"https:\/\/army-of-mahdi.com\/member\/hauptseite\/","title":{"rendered":"Hauptseite"},"content":{"rendered":"\n<div style=\"height:41px\" aria-hidden=\"true\" class=\"wp-block-spacer\"><\/div>\n\n\n\n<h4 class=\"wp-block-heading has-text-align-left\">Im Namen des Herren<\/h4>\n\n\n\n<p>Du ehrlicher Mensch bist Willkommen. Die Armee von Mehdi 1438 hat begonnen. Du darfst die Wahrheit bezeugen. Und dich daran beteiligen. Eine Jugend-Gef\u00e4hrdung ist nicht gegeben. Terror und Gewallt m\u00f6chten wir nicht haben. Eine Fehlleitung durch die Religion sollen wir meiden. Wir geh\u00f6ren zu den Gelehrten, der Ehlu-Sunnah Gemeinden. Abdullah Mehdi darf offen reden. Mit der Popopolitik haben wir nichts zu tun und sollen diese st\u00fcrzen. Und auf deren Popoprofesoren sollen wir furzen. Du brauchst auch nicht deren Popopolizei f\u00fcrchten. All diese Popos und Papas geh\u00f6ren nicht zu den Gerechten, solange sie die Gesetze des Herren missachten. Schau nur: &#8222;Gr\u00fcn Neutral&#8220; war die Farbe dieser Beamten. Es war der Jude, der ihnen die Farbe &#8222;Blau Kalt&#8220; lie\u00df anordnen. Auch die Bezeichnung &#8222;Schutzmann&#8220; sollten sie ablegen, um den &#8222;Po&#8220; lizei des Englischen zu \u00fcbernehmen.<\/p>\n\n\n\n<p>Es wird auf dieser Seite auch \u00fcber den Juden gesprochen. Es handelt sich dabei nicht um den Juden, der den friedlichen Umgang sucht mit seinen Mitmenschen. Diesen sind wie am respektieren. Dieser wird in der Sharia auch immer Schutz und Sicherheit finden. Es geht hier um die Zion-Juden, also diese, welche im Deckmantel von Israel die friedliche Ausbreitung des Islams unterdr\u00fccken und Unschuldige t\u00f6ten. Jeder der ein Gewissen hat, wird deren Verbrechen verurteilen. Und Jeder der zudem Mut besitzt, wird gegen dieses \u00dcbel agieren.<\/p>\n\n\n\n<p>Es wird auch \u00fcber einen Umbruch und Machtwechsel geredet. Damit ist gemeint, der \u00dcbergang von der weltlich orientierten F\u00fchrung wieder hin zur Jenseitigen. Anders ausgedr\u00fcckt, das Ertrinken der unwahren Regierungen in ihrem eigenen Dreck und die Gr\u00fcndung des Friedens zum heiligen Zweck. Abdullah Mehdi m\u00f6chte mit dieser Nachricht nicht erschrecken oder beschweren. Im gegen teil, er m\u00f6chte damit erleichtern und frohe Botschaft geben. Du kannst im Quran nachlesen, wie das Ende der V\u00f6lker war, die Allah verneinten. Der Herr hat nur einmal befohlen und von heute auf morgen waren sie verloren. Nicht so die Gl\u00e4ubigen.<\/p>\n\n\n\n<p>\u00dcber Jesus, dem Sohn der Maria darfst du hier erfahren. Diese gesegnete Person, mit den wundersamen Kr\u00e4ften. Durch das Licht gezeugt und geboren. So Neutral geladen, dass er kann \u00fcber Wasser laufen. Und am heilen, man braucht ihn nur ber\u00fchren.  Ahh, du denkst ich rede von dem Supermann der Juden. Nein, dieser ist vom Pferd gest\u00fcrzt und hat sich den Genick gebrochen. Und blieb bis zu seinem Tod jahrelang gel\u00e4hmt liegen. Er war der Erste, der den J\u00fcdischen Helden durfte verfilmen. Um die Unwissenden in den Unglauben zu st\u00fcrzen. Nicht so Jesus (as), er glaubt an unseren Herren und w\u00fcrde niemals so fallen. An seine wiederkehr sollen alle Muslime glauben. Und wenn Jesus kommt wird er die Scharia von Allah best\u00e4tigen. Jesus und Mehdi sind Schl\u00fcsselpersonen. Der Machtwechsel der Endzeit wird durch sie passieren.<\/p>\n\n\n\n<p>Gesegnete Wissenschaften und neue Technologien darfst du hier erkunden. Mit dem Segen (Bereket) des Herren l\u00e4sst sich in der Sch\u00f6pfung alles dimensionieren und erkl\u00e4ren. \u00dcber diese Wissenschaft d\u00fcrfen die Gl\u00e4ubigen dort ansetzen und das aufholen, womit die Ungl\u00e4ubigen versucht haben \u00fcber sie zu Herrschen. Wissenschaft und Allahs Religion sind miteinander verbunden. Beides ist einander sich am Best\u00e4tigen.&nbsp;Diese Wissenschaften der Ungl\u00e4ubigen sind nur eine Blockade f\u00fcr die Menschen. Sie beabsichtigen nicht die Rechtleitung und dienen nur dem Weltlichen. <\/p>\n\n\n\n<p><\/p>\n\n\n\n<p><\/p>\n\n\n\n<p><\/p>\n","protected":false},"excerpt":{"rendered":"<p>Im Namen des Herren Du ehrlicher Mensch bist Willkommen. Die Armee von Mehdi 1438 hat begonnen. Du darfst die Wahrheit bezeugen. Und dich daran beteiligen. Eine Jugend-Gef\u00e4hrdung ist nicht gegeben. Terror und Gewallt m\u00f6chten wir nicht haben. Eine Fehlleitung durch die Religion sollen wir meiden. Wir geh\u00f6ren zu den Gelehrten, der Ehlu-Sunnah Gemeinden. Abdullah Mehdi&hellip; <a class=\"more-link\" href=\"https:\/\/army-of-mahdi.com\/member\/hauptseite\/\"><span class=\"screen-reader-text\">Hauptseite<\/span> weiterlesen<\/a><\/p>\n","protected":false},"author":1,"featured_media":0,"parent":0,"menu_order":0,"comment_status":"closed","ping_status":"closed","template":"","meta":{"footnotes":""},"class_list":["post-4086","page","type-page","status-publish","hentry","entry"],"_links":{"self":[{"href":"https:\/\/army-of-mahdi.com\/member\/wp-json\/wp\/v2\/pages\/4086","targetHints":{"allow":["GET"]}}],"collection":[{"href":"https:\/\/army-of-mahdi.com\/member\/wp-json\/wp\/v2\/pages"}],"about":[{"href":"https:\/\/army-of-mahdi.com\/member\/wp-json\/wp\/v2\/types\/page"}],"author":[{"embeddable":true,"href":"https:\/\/army-of-mahdi.com\/member\/wp-json\/wp\/v2\/users\/1"}],"replies":[{"embeddable":true,"href":"https:\/\/army-of-mahdi.com\/member\/wp-json\/wp\/v2\/comments?post=4086"}],"version-history":[{"count":155,"href":"https:\/\/army-of-mahdi.com\/member\/wp-json\/wp\/v2\/pages\/4086\/revisions"}],"predecessor-version":[{"id":7105,"href":"https:\/\/army-of-mahdi.com\/member\/wp-json\/wp\/v2\/pages\/4086\/revisions\/7105"}],"wp:attachment":[{"href":"https:\/\/army-of-mahdi.com\/member\/wp-json\/wp\/v2\/media?parent=4086"}],"curies":[{"name":"wp","href":"https:\/\/api.w.org\/{rel}","templated":true}]}}