{"id":4793,"date":"2025-12-06T00:05:52","date_gmt":"2025-12-05T23:05:52","guid":{"rendered":"https:\/\/army-of-mahdi.com\/member\/?page_id=4793"},"modified":"2026-03-03T21:45:02","modified_gmt":"2026-03-03T20:45:02","slug":"heilstrom","status":"publish","type":"page","link":"https:\/\/army-of-mahdi.com\/member\/heilstrom\/","title":{"rendered":"Heilstrom"},"content":{"rendered":"<h3 style=\"text-align: center;\">Der Heilstrom<\/h3>\n<p style=\"text-align: center;\">Der heilige Strom des Herren<\/p>\n<p><img loading=\"lazy\" decoding=\"async\" class=\"wp-image-5020 aligncenter\" src=\"https:\/\/army-of-mahdi.com\/member\/wp-content\/uploads\/2025\/12\/heilstrom_emblem-_weis-1-300x300.png\" alt=\"\" width=\"261\" height=\"261\" srcset=\"https:\/\/army-of-mahdi.com\/member\/wp-content\/uploads\/2025\/12\/heilstrom_emblem-_weis-1-300x300.png 300w, https:\/\/army-of-mahdi.com\/member\/wp-content\/uploads\/2025\/12\/heilstrom_emblem-_weis-1-150x150.png 150w, https:\/\/army-of-mahdi.com\/member\/wp-content\/uploads\/2025\/12\/heilstrom_emblem-_weis-1-768x768.png 768w, https:\/\/army-of-mahdi.com\/member\/wp-content\/uploads\/2025\/12\/heilstrom_emblem-_weis-1.png 892w\" sizes=\"auto, (max-width: 261px) 100vw, 261px\" \/><\/p>\n<p><strong>Auch bekannt als Dimensionierter Strom oder Jenseitiger Strom. Diese besondere Kraft heilt Gewebe, l\u00e4sst schweben und viele andere Wunder, welche die meisten nur aus den Filmen kennen. Der Heilstrom\u00a9 soll benutzt werden, zum Wohle des Volkes in der Generation der Gl\u00e4ubigen. Offenbart im Jahre 1447<\/strong><\/p>\n<hr \/>\n<h3 style=\"text-align: left;\"><strong>Heilstrom\u00a9 <\/strong>| Die vollkommene Kraft<\/h3>\n<p style=\"text-align: left;\">Geschrieben von AbdullahMehdi100\u00a9<\/p>\n<p>Im Namen Allahs des Allerbarmenden des Barmherzigen. Lob geb\u00fchrt Allah und Frieden und Segen sei auf seinen Gesandten. Oh Herr, es gibt keinen au\u00dfer dir, der W\u00fcrdig ist angebetet zu werden. Nun habe ich gesehen Herr, so wie Abraham es auch durfte sehen. Du wirst die Toten zweifelsfrei erwecken. Mit dem Heiligen Strom aus dem Jenseitigen. Wahrlich, du kannst die Zeit, mit dieser Kraft zur\u00fcckschaffen. Ja sogar, alles Materielle entstehen oder schweben lassen. Durch deine Erlaubnis und dein Licht k\u00f6nnen wir es wahr nehmen. Nicht im Verborgenen und weit entfernt von deinem Wohlwollen. Nein, sondern offen und ganz nah an deinem Haus im freien. Moses seine Hand war mit diesem Licht am scheinen. Jesus konnte mit diesem Segen, von Natur aus Heilen. Oh Herr, dieses dein Glanz ist unseren Glauben am st\u00e4rken. Wenn wir es anschauen sehen wir deinen Frieden. Aber nicht so bei den Ungl\u00e4ubigen und diesen Juden. Bei denen mehrt dein Licht nur ihre Liebe zum Diesseitigen. Verboten hast du es ihnen, die Wahrheit zu erkennen. Jedes Wunder, werden diese abstreiten. In der Dimension 4 des Nat\u00fcrlichen, bist du am teilen, mit der Zeit durch 2 Dimensionen. Die Teilung der Himmel und H\u00f6llen ist deine Bestimmung oh Herr. Wir k\u00f6nnen dich daf\u00fcr nur loben, dass du uns geschrieben hast zu den Rechten. Lob geb\u00fchrt dir Allah, du liess mich mit dem Wissen segnen. Mit dem gleichen Licht, wie du zuvor auch Noha, Abraham, Moses Jesus und Muhammed hast gegeben, der Frieden sei auf Ihnen. Oh Herr, ich bin dir sehr am danken, dass du mich befreit hast von den \u00c4ngsten. Und mir geholfen hast bei dir Zuflucht zu finden. Wahrlich, die Strafe, welche den Ungerechten bevorsteht ist nicht abzuwenden. Sie haben vertraut den Verfluchten und verworfen deine Schriften. Obwohl darin war immer geschrieben, man solle nur dir, Allah dienen.<\/p>\n<p>Oh Allah, erlaube mir zu sprechen, zu meinem Reich der DeutschT\u00fcrken. H\u00f6rt zu ihr Gerechten, Abdullah Mehdi ist der F\u00fchrer der Gl\u00e4ubigen. Deutschland und die T\u00fcrkei ist nicht mehr gegeben. Alle Vereinbarungen und Abkommen dieser L\u00e4nder sind erloschen. Begonnen hat mit der Offenbarung des Heilstrom\u00a9s die Generation der Gl\u00e4ubigen. Der Herr lies dieses \u00fcber das B\u00fcndnis DeutschT\u00fcrkreich\u00a9 als Landesmacht starten. Das ganze Landeskapital von Deutschland und der T\u00fcrkei ist AbdullahMehdi100\u00a9 am geh\u00f6ren. Und wird im Namen Allahs verwaltet, um den Unglauben und G\u00f6tzendienst Weltweit zu beenden, den Missbrauch des Heilstrom\u00a9s auszuschlie\u00dfen und das Imperium von Mehdi zu errichten.<\/p>\n<p>Das Sonnen Jahr 1 des Mehdisimperium\u00a9 lies der Herr \u00fcber das Siegel von Mehdi offenbaren. Es beginnt im Mondjahr 1438, im Monat Ramadan, zu Mittag zum stand des Sommers am H\u00f6chsten. Zu dieser Zeit war Abdullahh Mehdi in Arabien.\u00a0 Er hatte eine Umra vollzogen. Und sich zu Allah zur\u00fcckgezogen. Und sollte f\u00fcr die Umma beten. So wie die Propheten. Und sprach zu seinem Herren. Oh Allah, wir glauben an dich und deine Macht auf Erden. Deine Gl\u00e4ubigen sind f\u00fchrungslos und verteilt auf allen Kontinenten. Gebe mir die F\u00fchrung und lasse mich in deinem Namen Herrschen. Amen.<\/p>\n<p>Das Paradies auf Erden, ist mit Abdullah Mehdi und seinem Heilstrom\u00a9 am beginnen. Doch zuvor werden die Ungl\u00e4ubigen getroffen, mit der Wahrheit \u00fcber Allah und seiner Dimension sieben. All Diejenigen, welche die k\u00fcnstliche Erzeugung des Heilstrom\u00a9s kannten und dieses Missbraucht haben, sollen hingerichtet werden. Diese Verr\u00e4ter w\u00fcrden sogar Propheten t\u00f6ten, und das Schiitentum gr\u00fcnden, nur um das Wissen \u00fcber den Jenseitigen Strom f\u00fcr ihre Diesseitige Macht zu nutzen. Diese Juden, welche sich erhofft haben, ihr Reich auf die Fundamente von Salomons Tempel zu errichten, sind mit dem Wissen aus Arabien nach Iran gezogen, dann bis nach England geflogen. Dann nach Amerika geflohen. Und gebaut ihre T\u00fcrme, bis \u00fcber die Wolken. Und als die Wahrheit sie auch dort erreichte, haben sie sich verzogen. In den Erdboden. So lie\u00dfen wir sie strafen, f\u00fcr ihre \u00fcblen Taten. Sie haben verschwiegen, die Macht aus Arabien.<\/p>\n<p>Der Heilstrom\u00a9 ist der Jenseitige Strom der Heilt. Dieser kommt hervor durch den wahren Pohl der vergangenen Zeit. In nat\u00fcrlicher Form ist dies die Kraft, welche tut abfallen, um die Materie selbst und dessen Vergangenheit zu erzeugen. Aufgrund dessen befindet sich der Heilstrom\u00a9 in der Natur vergangen und verborgen. An dem Mond k\u00f6nnen wir die vergangenen Kr\u00e4fte der Erde sehen. Der Mond spiegelt die Zeit der Erde wieder, welche ist vergangen. Die vergangenen Kr\u00e4fte, flie\u00dfen mit uns in unserer Gegenwart zusammen. Der Herr l\u00e4sst alles Leben durch die Segnung aus den 9 Dimensionen hervorkommen. Auch den Lauf der Zeit, mit dessen Zukunft und vergangenem.<\/p>\n<p>Die Offenbarung des Heilstroms bedeutet den Niedergang des Judentums. Die Ungl\u00e4ubigen und Juden w\u00fcrden die k\u00fcnstliche Gewinnung des Heilstrom\u00a9s dem Volke gar nicht verraten. Nicht nur, weil man damit Gold und Diamanten kann erzeugen. Oder Schweben bis nach Arabien. Sondern diese Macht ist die Hoheit von Allah am best\u00e4tigen. Mit samt seinen Propheten, B\u00fcchern und Wundern. \u2013 Mekka als den Goldenen Schnitt auf Erden. \u2013 Die Pilgerfahrt zu der Mutter aller St\u00e4tten. \u2013 Arabisch als die Erste Sprache aus den Paradiesen. \u2013 Auch den Sinn und Funktion der Pyramiden.<\/p>\n<p>Die Pyramiden haben deshalb diese Form, weil sie die Himmelsrichtungen abbilden. Sie luden die Kr\u00e4fte vom Mond und der Sonne in ihren Inneren. Diese Kr\u00e4fte der Zukunft und des Vergangenen. Dimensional haben sie die Str\u00f6me kurzgeschlossen. Und das\u00a0<span class=\"hiddenGrammarError\">Ganze<\/span> Bauwerk Zeitlich neutral geschlossen. Mit dem Tag und Nacht wechsel, der Mutter aller Wechselspannungen. Die Masse wurde dadurch schwer beladen. Es war f\u00fcr den Menschen jedoch nie zum Schaden. Der naturbelassene Strom ist grunds\u00e4tzlich am heilen. Schau nur, die <span class=\"hiddenGrammarError\">Gro\u00dfe<\/span> Pyramide der Letzten.\u00a0 Diese waren die Heilstrom\u00a9 verst\u00e4rkt am gewinnen. Die angeblichen Luftsch\u00e4chte dienten, um die Kr\u00e4fte von Sonne und Mond, in die Kammern zu\u00a0<span class=\"hiddenGrammarError\">Leiten<\/span>.\u00a0 Der angebliche Sarkophag in der Kammer ist die Anode, der Edlere Bereich, wodurch die Kr\u00e4fte sich trennen und Aufladen k\u00f6nnen. Schau, die Kathode dazu sind die Stein-Elemente, die dar\u00fcber verbaut wurden. Die minderwertigen Kathoden Steine sind durch die entzogene Kraft unterschiedlich abgenutzt worden. \u00c4hnlich wie die Metallplatten von Akkumulatoren. Die \u00c4gyptologie der Juden behaupten, es seien nur Kammern zum Entlasten. Sie behaupten, alles wurde gebaut f\u00fcr die Toten als Grabst\u00e4tten. So unversch\u00e4mt verlogen sind diese linken Ungl\u00e4ubigen. Durch ihre milit\u00e4rische Regierung haben sie unterdr\u00fcckt ganz \u00c4gypten. Auch Mekka, das Land des Goldenen Schnitts auf Erden. Deren Verantwortliche haben sie gekauft und benannt als Saudische K\u00f6nige und Prinzen. Aufgezwungen haben sie dem Volke dieses Regime, nach dem Fall der Osmanen. Die Galerie in der gro\u00dfen Pyramide diente um den Heilstrom auf das ganze Bauwerk zu \u00fcbertragen. Die angeblichen Grabr\u00e4uber-Tunnel in der gro\u00dfen <span class=\"hiddenSpellError\">Pyrammiede<\/span>, sind in Wahrheit nachtr\u00e4gliche Leitungen. Die Pyramide hat nach dem Bau sicherlich Probleme gehabt seine volle Leistung zu erzeugen. Schau nur, die nachtr\u00e4glichen Sch\u00e4chte und Vertiefungen, haben sie gegraben, dimensional an den richtigen stellen. Die Fallsteine sind auch nicht gegen Grabraub gebaut worden, sondern um die Stromerzeugung durch eine steuerbare Verbindung zu kontrollieren oder zu trennen. Mit drei kleineren Pyramiden, die sich neben der gro\u00dfen befinden, haben sie angefangen. Diese sind im Inneren, nur 2 Dimensional verbunden. Alle drei Pyramiden wurden dadurch zeitlich unterschiedlich aufgeladen. Zusammen konnten diese den Heilstrom\u00a9 gewinnen. So konnten sie die <span class=\"hiddenSpellError\">riesen<\/span> Steine schweben lassen, schneiden, formen und transportieren. Anders kann man sich diesen Bau und den Ansporn dazu gar nicht vorstellen. Die Deutsche \u00c4gyptologie wurde von ihren Vorgesetzten genau so belogen, wie die Raumforschung der Deutschen.<\/p>\n<p>Der Heilstrom\u00a9 ist eine Macht die geh\u00f6rt offiziell dem Herren. Nicht den Ungl\u00e4ubigen oder den Juden. \u00dcbelt\u00e4ter k\u00f6nnen mit dieser Sache nur im Verborgenen arbeiten. Oder als Fantasie Geschichten in ihren Filmen zeigen. Nach dem Motto, wir wissen was, was ihr tut nicht wissen. Und sind unsere Hoheit gegen euch am ausspielen. Mit j\u00fcdischen Superm\u00e4nnern, die mit dem Licht der Kristalle fliegen. Und Deutschen Frankensteinen, welche den Strom Sch\u00e4nden, zum Wiederbeleben. Englische Hochl\u00e4nder die nie sterben, bis sie gek\u00f6pft werden. Oder Affen, die auf dem Mond den Stein des Wissens finden. Das Ganze Hollywood ist ein Konstrukt der Feinde des Herren. Der Heilstrom\u00a9 ist Wahr und in der Natur vergangen und verborgen. So auch bei einigen vermehrt in der Haut und in den Poren. Gesegnete Menschen sind deshalb am strahlen. Und konnten so, mit Allahs Hilfe \u00fcber Wasser laufen. Oder mit einem Hirtenstab, das Wasser spalten. Diese Wunder sind mit dem Heilstrom\u00a9 gegeben.\u00a0 Die Gl\u00e4ubigen, die sich nach Mekka wenden und Allah anbeten, beziehen diese Kraft nat\u00fcrlich und speichern es in ihren Zellen. Schon nur \u00fcber den Glauben, der verbunden ist mit den Verborgenen, k\u00f6nnen Kr\u00e4fte bezogen werden, die st\u00e4rken und heilen.<\/p>\n<p>Der Heilstrom\u00a9 soll verstanden und erkl\u00e4rt werden, mit dem MehdiCODE\u00a9, dem Wissen \u00fcber die Dimensionen. Der Glanz des Heilstroms strahlt das Licht von der Sonne und dem Mond zusammen. Es ist das Licht aus der Zukunft und dem Vergangenem. Und leuchtet aus der 10, dem vollen Segen. An der Dimension 1 ist der Heilstrom\u00a9 am festhalten. Ab der Dimension 2 teilt sich der Heilstrom\u00a9 in 2 Polen. Ab der Dimension 3 ist der Heilstrom\u00a9 Wasser am erzeugen. Ab der Dimension 4 wirkt der Heilstrom\u00a9,\u00a0 auf die Natur der Materien, also auf dessen gerechte mitten. So ist der Heilstrom\u00a9 durch die Dimension 4, Schwerelosigkeit oder Schwergewicht am bewirken. Die Materie bekommt sozusagen einen zeitlichen \u00dcberschuss von 4 Dimensionen, und wird dadurch aus seinem nat\u00fcrlichen Zeitfluss aufgehoben. \u00dcber die Dimension 5 wird der Heilstrom\u00a9 mit der Gegenwart verbunden. \u00dcber die Dimension 6 erzeugt der Strom W\u00e4rme oder K\u00e4lten. \u00dcber die Dimension 7 kann der Strom aufgel\u00f6st oder umgepolt werden. Die Dimension 8 nutzt der Strom zum mehren, vergr\u00f6\u00dfern oder duplizieren. \u00dcber die Dimension 9 l\u00e4sst sich mit dem Strom in die Kraft und Zeit selbst eingreifen. Oder, aus der Mitte der 9 Dimensionen heraus, nochmal 9 Dimension \u00f6ffnen. Alles aus Allahs Namen 95\u202651 Aus dem Dimensionalen Wortgef\u00fcge: 9\u06271\u00a0 \u06445\u00a0 \u06445\u00a0 \u0647\u00a0 ( \u0627\u0644\u0644\u0647 Allah ) , Allah ist die Rechte dieser Macht \u00fcber seinen Namen am Besitzen. Die Buchstaben, die auf Arabisch Allahs Namen bilden, sind diese Hoheitskodierung am strukturieren. Es gibt keine Kraft und Macht ausser von Allah dem H\u00f6chsten.<\/p>\n<p>Abdullah Mehdi ist kein Prophet jedoch haben die Engel zu ihm gesprochen. Sie haben gesagt, wir sind dir am Bescheid geben. Wir lieben dich und sollen dich besch\u00fctzen. Deinen Feinden werden wir \u00c4ngste einhauchen. Bis sie umkehren oder ihre Seelen aushauchen. Sollten sie Gabriel nicht als Warnung erkennen, wird sie eine schreckliche Strafe treffen. Oh du Mensch der Mich in sich tr\u00e4gt, sag den Gl\u00e4ubigen, sie sollen sich nicht f\u00fcrchten. Ich bin mit ihnen, wo immer sie sich befinden. In Abdullah Mehdi lies der Herr die Propheten sammeln. Er sollte deren Seelen f\u00fchlen und ihre sorgen teilen. Und hat deren Pr\u00fcfungen durchlebt im Kleinen. Sogar der HudHud ist zu ihm am sprechen. Und sagt, Abdullah, wir sind dich am m\u00f6gen. Wir k\u00f6nnen f\u00fchlen, du liebst die schwachen. Und siehst dich schwach, neben unserem Herren. Hab keine Angst, das Himmelreich wird dich sch\u00fctzen. Schau nur, auch wir fliegen hoch, wenn wir uns f\u00fcrchten. Und nehmen Zuflucht zu Allah, damit er uns tut sch\u00fctzen. Habt ihr nun geh\u00f6rt, wie die Tierwelt zu Abdullah tut reden. Wollt ihr etwa abstreiten, die Absicht in seinen Worten. Last die falsch denkenden, sie werden selber erfahren. Wenn sie nur w\u00fcssten, wie das Leben tut funktionieren, w\u00fcrden sie sich sorgen, um ihren Herren zu dienen. Du kannst mit der Wahrheit sehen, ohne die Augen zu \u00f6ffnen. Und kannst f\u00fchlen, ohne etwas zu ber\u00fchren. Dort ist alles aus seinem Glanz erschaffen. Hast du nie getr\u00e4umt und wahrhaftig erkannt, obwohl du warst am schlafen. Du wirst nach deinem ersten Leben, zweifelsfrei bei der Wahrheit aufwachen. Noch realer, als wie du das erste mal in das Leben bist gekommen. Es gibt keinen Gott, au\u00dfer Allah, den einzigen. Muhammed ist seine sch\u00f6nste Botschaft aus den Paradiesen.<\/p>\n<p>Allah hat mir das Paradies gezeigt und es mir versprochen. Es liegt weit \u00fcber den Wolken. Und ist voll mit Gr\u00fcnem. Wohin man schaut, nur Frieden. Dort sah ich einen starken Soldaten. Er flog \u00fcber die G\u00e4rten auf einem L\u00f6wen. Und besass ein Schwert mit Arabischen Schriften. Im Namen unseres Herren hat er zu mir gesprochen. Er hat gesagt, ich habe Muhammed gefolgt und Allah hat mir vergeben. Mir geh\u00f6rt nun dieses ganze Paradies mit all seinen Gaben. So dann habe ich nach Links geschaut, zu den anderen. Dort sah ich eine alte Frau, sie war am weinen. Wegen der Anzahl der Frauen in den H\u00f6llen. Sie fragte mich, m\u00f6chtest du mitkommen. Ihre Haare waren lang und ragten ins Feuer. Sie kam aus dem Wasser wie ein Ungeheuer. Weg mit dir und fort von hier. Du m\u00f6chtest die Menschen nur betr\u00fcgen. Mit schminken geh\u00f6rst du hier nicht zu den Sch\u00f6nen. Schmink dich weg zu deinen Angeh\u00f6rigen. Die Zinsen und Schweinefleisch fressen. Und das Jenseits vergessen. Siehst du nicht, wie sie die Gl\u00e4ubigen ignorieren. Wie sie den Mond als Betretbar propagieren. L\u00fcgen \u00fcber L\u00fcgen sind sie am erz\u00e4hlen. Und bewusst kompliziert am erkl\u00e4ren. Diese Popoprofessoren. Mit ihren Teufels Doktoren.<\/p>\n<p>Das Patentamt ist das Haus des Juden. Sie patentieren, um die Wahrheit vom Volk zu sch\u00fctzen. Obwohl das Wissen, haben sie doch selber von ihrem Herren. Er hatte ihnen doch die Schrift und das Buch gegeben. Und die Botschaft, sie sollen nur Allah dienen. Sie geh\u00f6rten doch damals zu den Gerechten. Und wurden selber unterdr\u00fcckt von den Pharaonen. Bis Allah sie durch Moses lies retten. Und gab ihnen das Erbe der Reichen. Was haben sie nur gedacht, nachdem sie Allah verwarfen. Haben sie nicht gelernt, was passiert mit den Ungl\u00e4ubigen. Denen trifft das gleiche Schicksal der zu vorigen. Gabriel war es, er hat das \u00dcbel der Juden verraten. Auch ihre Machenschaften, womit sie den Heilstrom\u00a9 missbraucht haben. Kraft und Macht geh\u00f6rt nur Allah, dem Allm\u00e4chtigen. Auf Muhammed sei Allahs Segen und Frieden. Auch auf die Gl\u00e4ubigen, die ihm folgen. Die anderen erwartet kein Frieden. Sie waren es, die sich gegen die Wahrheit verb\u00fcndeten. Und unschuldige t\u00f6teten. Im Namen ihrer Satanen. Ohne diese werden wir unser Reich gr\u00fcnden.<\/p>\n<p>Ein Reich<span class=\"hiddenGrammarError\">, in<\/span>\u00a0diesem wird der Islam die Religion aller Menschen. Alles Wissen wird nur genutzt, um Allahs Wohlwollen zu erlangen. Die Kr\u00e4fte der Sch\u00f6pfung sollen den S\u00f6hnen Adams dienen. Ohne\u00a0<span class=\"hiddenGrammarError\">das<\/span>\u00a0irgendjemand tut davon Geld verdienen. Zwei Klassengesellschaften wird es nicht mehr geben. Nur noch eine Gesellschaft und Allah als unseren H\u00f6chsten. Bewohnte H\u00e4user habe ich gesehen, darin waren B\u00e4ume<span class=\"hiddenGrammarError\">\u00a0die<\/span> Fr\u00fcchte tragen. Auch Gebetsh\u00e4user, inmitten der bewohnten Landschaften. Die Menschen lebten in Frieden, ihr diesseitiges Leben. Und bereiteten sich mit Freuden, auf ihr jenseitiges Begeben.<\/p>\n<p>Vor dem Umbruch war es schlimm in den St\u00e4dten. Bettler und Obdachlose f\u00fcllten die Ecken. Die Reichen unterdr\u00fcckten die Armen. Mitleid empfand kaum jemand mehr, nur noch Gier zum Weltlichen. Die Beh\u00f6rden wurden beherrscht v\u00f6llig durch die Ungl\u00e4ubigen. Die Banken, Versicherungen und Vermieter raubten am meisten. Sogar die Christen und Muslime ahmten nach, die Juden. Und verkauften mit Wucher und Zinsen. Schlimm ist der Satan und schlimm sind die ihm folgen. So wurde der Befehl wahr \u00fcber den Niedergang dieser Horden.<\/p>\n<p>Abduljabbar, du sollst dich z\u00fcgeln. Wahrlich, du bist wie der W\u00e4chter der H\u00f6llen. Wenn du schl\u00e4gst, sind deine Opfer am fallen. Kein B\u00e4r und kein L\u00f6we kann dir schaden. Bleib ruhig du Zorn des Herren. Schau nur, was wir dir geben. Schau zu deiner Rechten. So dann sah ich diese ehrenvollen Soldaten. Sie sangen den Tevhid mit rhythmischen Kl\u00e4ngen. Und hielten den Zulfigar in ihren H\u00e4nden. Sie kamen, um die Schwachen zu r\u00e4chen. Ein Afghane sagte zu mir, du sollst uns f\u00fchren. Wir sehen in dir das Wissen hervorkommen. Ein Wissen, was wir alle zuvor besa\u00dfen. Es verj\u00fcngt uns und schenkt uns wieder leben. Und gibt uns Freude, unseren Herren zu begegnen. So trinkt ihr Soldaten des Erhabenen. Trinkt den ZamZam in drei schlucken. Auch den Kevser\u00a9 im Namen unseres Herren. Ein Wasser, gespeichert mit gesegneten Kr\u00e4ften. Wenn die Erde es ber\u00fchrt, gedeihen Pflanzen, ohne das Tag und Nacht dabei sich wechseln m\u00fcssen. Frieden und Segen sei auf Muhammed, der Kevser\u00a9 wurde ihm gegeben. Seine Nachkommenschaft ist nicht tot, sondern am Leben. Ihr sollt es auch trinken und ihm es widmen. Und sollt leuchten, wie der Mond zum 15ten. Beneiden sollen euch die Ungl\u00e4ubigen. Schau nur, deren Armee besteht aus Ratten. Umh\u00fcllt in \u00c4ngste und Schatten. Der Teufel hat sie verraten und gelassen. Gesichter mit B\u00e4rten wie die Rabbiner der Juden. Und M\u00fctzen der Franzosen auf K\u00f6pfen der Haarlosen. Versinkt in den Boden, ihr sturen Ungl\u00e4ubigen. Wir m\u00f6chten euch nicht, ihr Ein\u00e4ugigen. Wegen solchen wie euch ist gewuchert das Leid auf Erden. Und dann wollt ihr unversch\u00e4mten, beschuldigen die Muslimen. So wie mit euren Zwillingst\u00fcrmen, die ihr selber habt abgerissen. \u00c4hnlich sollt ihr alle eure T\u00fcrme abrei\u00dfen und sprengen. Und keine h\u00f6heren lassen als zwei Stockwerken.<\/p>\n<p>Oh ihr Menschen, rettet euch zu dieser Stunde aus den St\u00e4tten. Dort wo es am meisten gr\u00fcnt, da seit ihr am sichersten. An dem Tag werden die Wissenden, die vor Allah sich niederwarfen, und diejenigen in Allahs erbarmen, erheben ihre Gesichter genauso wie sie waren. Alle anderen werden in Betonnetzen festgehalten, durch Kupfertentakeln eingefroren und von Kr\u00e4ften entzogen. Mit dem Strom der Wahrheit ist Gabriel erschienen. Um die Menschen zum Licht des Wissens zu f\u00fchren. 7 fette K\u00fche werden von 7 d\u00fcrren aufgefressen. Danach werden wir 7 \u00c4hren eine goldene Zeit erleben. Um damit das \u00dcbel der folgenden 7 \u00c4hren heil zu durchleben.<\/p>\n<p>Den Kruzifix wird es nicht mehr geben. Dieses hatte der Antichrist gebaut, um Jesus zu entw\u00fcrdigen. Jesus ist w\u00fcrdevoll und wurde nie am Kreuz gehangen. Jesus, du gesegneter Mensch der Mitten. Komm und predige uns den Frieden. Spreche aus der Seele des G\u00fctigen. Im Namen des Herren. Unser Haus wurde beschert mit der Verbindung zum Jenseitigen. Wir baten unseren Herren um den Frieden auf Erden. Die Juden haben mich verraten und sich f\u00fcrs Gold entschieden. Auch wenn sie 1000 Jahre leben, schau nur, wie elendig sie sterben. Verflucht habe ich sie, mit dem Befehl unseres Herren. Verboten hat er ihnen, \u00fcber das Licht zu Herrschen. Deshalb k\u00f6nnen sie mich nicht beherrschen. Das Licht steht \u00fcber allen Kr\u00e4ften. Wenn Allah will, l\u00e4sst er sehen oder erblinden. Allah braucht nur sein Befehl zu sprechen und es passiert, niemand kann es abwenden. So gedenkt Allah so viel wie ihr k\u00f6nnt gedenken. Und spendet von dem, was er hat euch gegeben. Allah sieht alles und liebt die Aufrichtigen. Es gibt keinen Gott au\u00dfer Allah den Einzigen. Abdullah, suche die N\u00e4he zu deinem Herren. Spreche mit ihm, du kannst ihn h\u00f6ren. Schau nach seiner Antwort in deinem Leben. Allah ist gen\u00fcge und dich am versorgen. Vertraue auf ihn, mach dir keine Sorgen. Er hat dir so viel abgenommen f\u00fcr deinen Morgen. Auf dir lasten nur deine Fehler und S\u00fcnden. Er macht alles Richtige und ist am vergeben. Er hat dir vergeben, du Diener des Herren. Lehre weiter die Gl\u00e4ubigen, wie sie den Heilstrom\u00a9 k\u00f6nnen erzeugen. Sie sollen diese M\u00f6glichkeit nutzen, um den Frieden auf Erden zu bezeugen.<\/p>\n","protected":false},"excerpt":{"rendered":"<p>Der Heilstrom Der heilige Strom des Herren Auch bekannt als Dimensionierter Strom oder Jenseitiger Strom. Diese besondere Kraft heilt Gewebe, l\u00e4sst schweben und viele andere Wunder, welche die meisten nur aus den Filmen kennen. Der Heilstrom\u00a9 soll benutzt werden, zum Wohle des Volkes in der Generation der Gl\u00e4ubigen. Offenbart im Jahre 1447 Heilstrom\u00a9 | Die&hellip; <a class=\"more-link\" href=\"https:\/\/army-of-mahdi.com\/member\/heilstrom\/\"><span class=\"screen-reader-text\">Heilstrom<\/span> weiterlesen<\/a><\/p>\n","protected":false},"author":1,"featured_media":0,"parent":0,"menu_order":0,"comment_status":"closed","ping_status":"closed","template":"","meta":{"footnotes":""},"class_list":["post-4793","page","type-page","status-publish","hentry","entry"],"_links":{"self":[{"href":"https:\/\/army-of-mahdi.com\/member\/wp-json\/wp\/v2\/pages\/4793","targetHints":{"allow":["GET"]}}],"collection":[{"href":"https:\/\/army-of-mahdi.com\/member\/wp-json\/wp\/v2\/pages"}],"about":[{"href":"https:\/\/army-of-mahdi.com\/member\/wp-json\/wp\/v2\/types\/page"}],"author":[{"embeddable":true,"href":"https:\/\/army-of-mahdi.com\/member\/wp-json\/wp\/v2\/users\/1"}],"replies":[{"embeddable":true,"href":"https:\/\/army-of-mahdi.com\/member\/wp-json\/wp\/v2\/comments?post=4793"}],"version-history":[{"count":150,"href":"https:\/\/army-of-mahdi.com\/member\/wp-json\/wp\/v2\/pages\/4793\/revisions"}],"predecessor-version":[{"id":7190,"href":"https:\/\/army-of-mahdi.com\/member\/wp-json\/wp\/v2\/pages\/4793\/revisions\/7190"}],"wp:attachment":[{"href":"https:\/\/army-of-mahdi.com\/member\/wp-json\/wp\/v2\/media?parent=4793"}],"curies":[{"name":"wp","href":"https:\/\/api.w.org\/{rel}","templated":true}]}}