{"id":5157,"date":"2025-12-09T21:19:37","date_gmt":"2025-12-09T20:19:37","guid":{"rendered":"https:\/\/army-of-mahdi.com\/member\/?page_id=5157"},"modified":"2026-04-09T18:29:47","modified_gmt":"2026-04-09T16:29:47","slug":"zulfigar","status":"publish","type":"page","link":"https:\/\/army-of-mahdi.com\/member\/zulfigar\/","title":{"rendered":"Zulfigar"},"content":{"rendered":"<h2><strong>Zulfigar\u00a9<\/strong>\u00a0<\/h2>\n<p>Das Schwert des Imam Ali, dem L\u00f6wen des Herren<\/p>\n<p><strong>Die Armee von Mehdi h\u00e4lt den Zulfigar in ihren H\u00e4nden. Dieses Schwert ist verbunden durch die heilige Schrift mit dem H\u00f6chsten. Und mit einer Kraft, die kommt direkt aus dem Hause des Propheten. Es gibt keinen Sieg ohne Ali und es gibt kein Schwert ohne den Zufigar.\u00a0<\/strong><\/p>\n<p>Ali (ra) ist der Sohn von Talib (ra), dem Onkel des Propheten Muhmmed (sav). Ali ist der L\u00f6we von Allah und der erste Inhaber vom Schwert Zulfigar. Ali besass Mut und viel Wissen. Er wurde aufgezogen pers\u00f6nlich vom Propheten. Und durfte gro\u00dfe taten im Namen unseres Herren vollbringen. <strong>Ich habe gewonnen<\/strong>, hat er zum Schluss gerufen. Als der Feind ihn t\u00f6dlich verletzte, wehrend er war am beten. Alle M\u00e4rtyrer werden Ali ibn Talib im Paradies begegnen. Auch seine S\u00f6hne Hassan und Huseyin diese zwei Sch\u00f6nen.\u00a0<\/p>\n<p>Allah hat die famili\u00e4re Herrschaft des Propheten, mit dem M\u00e4rtyrer-Tot von Ali (ra) und seinen Nachkommen, \u00fcbertragen auf eine nicht famili\u00e4re Herrschaft der Muslimen. Dieser \u00dcbertrag sollte leider gewaltsam passieren. Muhammed (sav) wusste schon zu Lebzeiten, man wird Ali (ra) t\u00f6ten und der Islam wird sich \u00fcber K\u00f6nige und Kalifen verbreiten, bis Abdullah Mehdi (as) die F\u00fchrung wird \u00fcbernehmen und zur\u00fcckf\u00fchren, wieder zu einer heiligen Herrschaft durch Allah und Seinen Gesandten. Jedoch nicht eine R\u00fcckf\u00fchrung im Sinne der Schiiten, die in ihrem unwahren Stolz nur einen persischen Mehdi akzeptieren, sondern im Sinne der ganzen Muslimen (Ehlu-Sunnah), die sich auf die Heilige Schrift st\u00fctzen, mit den gesegneten 28 Buchstaben. Jesus (as), Abdullah Mehdi (as) und seine Nachkommenschaft, der Frieden sei auf ihnen, werden bis ans Ende aller Tage an der Macht bleiben. Die zweite goldene Zeit des Islams wird das Paradies auf Erden.<\/p>\n<p>Oder g\u00f6nnst du es nicht den Gl\u00e4ubigen. Genau so wie diese Juden. Allah sagt im Quran zu denen: Sag: Wer hat den Schmuck Allahs verboten, den Er f\u00fcr Seine Diener hervorgebracht hat, und auch die guten Dinge aus der Versorgung Allahs? Sag: Sie sind im diesseitigen Leben f\u00fcr diejenigen, die glauben, und am Tag der Auferstehung nur ihnen vorbehalten. So legen Wir die Zeichen ausf\u00fchrlich dar f\u00fcr Leute, die Bescheid wissen.<\/p>\n<div class=\"Scrollable_container__UOvpA TranslationViewCell_tabContainerWrapper__eyPIt\">\n<div class=\"Scrollable_edge___o_8M Scrollable_leftEdge__f9rb4 Scrollable_hiddenEdge__i_Td7\">\u00a0<\/div>\n<div class=\"Scrollable_children__42ej_ TranslationViewCell_tabsContainer__xPLq4\">\n<div class=\"TranslationViewCell_tabItem__WMSVo\" tabindex=\"0\" role=\"button\" data-testid=\"bottom-action-tab-tafsir\" aria-label=\"Tafsirs\">\u00a0<\/div>\n<\/div>\n<\/div>\n<hr \/>\n\n<div class=\"wp-block-image wp-duotone-unset-1\">\n<figure class=\"aligncenter size-large\"><img loading=\"lazy\" decoding=\"async\" width=\"576\" height=\"1024\" src=\"https:\/\/army-of-mahdi.com\/member\/wp-content\/uploads\/2025\/12\/zulfigar\u00a9_-576x1024.png\" alt=\"\" class=\"wp-image-5512\" srcset=\"https:\/\/army-of-mahdi.com\/member\/wp-content\/uploads\/2025\/12\/zulfigar\u00a9_-576x1024.png 576w, https:\/\/army-of-mahdi.com\/member\/wp-content\/uploads\/2025\/12\/zulfigar\u00a9_-169x300.png 169w, https:\/\/army-of-mahdi.com\/member\/wp-content\/uploads\/2025\/12\/zulfigar\u00a9_-768x1365.png 768w, https:\/\/army-of-mahdi.com\/member\/wp-content\/uploads\/2025\/12\/zulfigar\u00a9_-864x1536.png 864w, https:\/\/army-of-mahdi.com\/member\/wp-content\/uploads\/2025\/12\/zulfigar\u00a9_-1152x2048.png 1152w, https:\/\/army-of-mahdi.com\/member\/wp-content\/uploads\/2025\/12\/zulfigar\u00a9_.png 1215w\" sizes=\"auto, (max-width: 576px) 100vw, 576px\" \/><\/figure>\n<\/div>\n\n\n<p><strong>Imam9 besiegt Imam12.<\/strong> Die Schiiten verteidigen mit ihrem Imam12 die Ehre von Ali-Akbar aus Persien, nicht die Ehre von Ali-Haydar (ra) aus Arabien. Auch nicht die Ehre von seinen S\u00f6hnen Hassan (ra) und Huseyn (ra). Auch ist Mehdi (as) nicht unter ihnen. Die Pilgerst\u00e4tte der Schiiten in Kerbela hat mit der Pilgerst\u00e4tte von Allah nichts zu tun. Das Haus von Allah in Mekka ist die Einzige wahre Pilgerst\u00e4tte auf Erden. Diese Pilgerst\u00e4tte der Schiiten ist nur ein versuch, durch Mitleid an Hassan und Hussein die Gl\u00e4ubigen zu Spalten. \u00c4hnlich wie mit dem Jesus Kreuz der Christen.<\/p>\n\n\n\n<p>Die Glaubenslehre der Schiiten und dessen gespaltene Sichtweise wird mit der sunnitischen Glaubenslehre <a href=\"https:\/\/hayatveren.de\/4-amelde-fikhi-ekber-ders-4\/\">in diesem Video<\/a> verglichen.<\/p>\n\n\n\n<p><strong>AbdullahMehdi100\u00a9 sein Zulfigar\u00a9<\/strong> schneidet den persischen Zulfigar in zwei H\u00e4lften. Die Sprache Persisch ist eine Verf\u00e4lschung zum original Arabisch des Herren. Diese Fitna haben die Ungl\u00e4ubigen der Schrift, den Iranern hinterlassen. Der Jude lies seine Rabbiner in Persien mit Turbanen platzieren. Und nach dem Sturz der Osmanen, brachten sie ihre Rabbiner in die T\u00fcrkei mit H\u00fcten, im Namen des Atat\u00fcrken. \u00c4hnlich auch diese Mevlanas des Konyat\u00fcrken. Mit ihrer gr\u00fcnen Kuppe, wie die des Propheten. Dieses Denkmal geh\u00f6rt auch zu einer Kibla der Juden. Statt um Allahs Haus zu drehen oder sich dahin zu richten, liessen sie die Muslime drehen um sich selbst und ihre gel\u00fcsten. Der Jude hat sie bezahlt damit sie tanzen. Mit R\u00f6cken, die sich dabei erheben. Fehlt nur noch Strumpfhosen und Per\u00fccken. Schande \u00fcber diese Mevlana Verr\u00fcckten.<\/p>\n\n\n\n<p><strong>All diejenigen, die Abdullah Mehdi nicht m\u00f6gen.<\/strong> Er ist bereit euch allen zu vergeben. Ihr sollt nur im Namen Allahs das Siegel von Mehdi erheben. Gegen die Ungl\u00e4ubigen und Juden. Sonst ist Abdullah Mehdi mit euch nicht zufrieden. Und wird seine Sorge weiter leiten, an Allah und seinen Gesandten. Allah alleine ist gen\u00fcge, um seinem Diener zu helfen.<\/p>\n\n\n\n<p><strong>Iran und Israel spielen ein b\u00f6ses Spiel gegen alle Muslimen. <\/strong>\u00dcber ihre Medien. Allah hilft nicht den Schiiten. Weil die Juden helfen denen. Und Arbeiten mit ihrem Regime zusammen. Sie versuchen \u00fcber das Land Iran, auf Landesebene zu manipulieren. Im Namen aller Muslimen. Alles \u00fcber ihre Medien. Und alles ohne eine gemeinsame F\u00fchrung der Gl\u00e4ubigen. Solange nicht mit dem Siegel von Mehdi eine Armee gef\u00fchrt wird, werden alle anderen Armeen durch den Dajjal, im Namen des Teufels in die H\u00f6lle reiten. Nach der Offenbarung des Siegels von Mehdi ist der M\u00e4rtyrer-Tot (Milit\u00e4risch) nur dessen Tr\u00e4ger am geb\u00fchren. Das Siegel von Mehdi ist heilig und verbunden mit der Wahrheit und dem Wissen. Die Feinde von Allah w\u00fcrden niemals das Siegel von Mehdi erheben. So dann wird das iranische Volk ihre eigenen Ayatollahs hinrichten. Nachdem sie gemerkt haben, ihr Leid kam wegen deren Verbrechen. Furchtlos werden sie sich an ihnen r\u00e4chen.<br><br>Das iranische Volk geh\u00f6rt in Wahrheit nicht zu den Dummen. Sie wissen selber, das ihre Republik unterwandert ist mit Zionisten und Juden. Auch das sie ausgenutzt werden von ihren Scheinheiligen und deren Mehdi Illusionen. Zudem werden sie ge\u00e4ngstigt mit Hinrichtungen, besonders an Jugendlichen, um eine Rebellion von ihrer Jugend aus auszuschlie\u00dfen. Das Volk der Schiiten kann sich nur \u00fcber das Siegel von Mehdi (Hatem 1438) retten. Sie m\u00fcssen sich der Armee von Mehdi 1438 anschlie\u00dfen und Abdullah Mehdi als ihren F\u00fchrer akzeptieren. So wie alle L\u00e4nder der Muslimen.<\/p>\n\n\n\n<p><strong>T\u00fcrkei ist kurz vor dem Umbrechen<\/strong>. Deshalb, weil die T\u00fcrken, durch die Unterdr\u00fcckung der Atat\u00fcrken immer St\u00e4rker werden. Die wahren T\u00fcrken warten nur darauf, die Attat\u00fcrken hinzurichten. Der Jude kann in der T\u00fcrkei nur noch \u00fcber die Wirtschaft schaden anrichten. Das Volk sowie das Milit\u00e4r der T\u00fcrken ist mit der Wahrheit verbunden. Allah ist dem T\u00fcrken am Helfen. Die Armee von Mehdi z\u00e4hlt zu den st\u00e4rksten. Abdullah, sag zu deinen Soldaten, sie sollen ihre Schnurrb\u00e4rte k\u00fcrzen und ihre B\u00e4rte wachsen lassen.<\/p>\n\n\n\n<p><strong>Saudi Arabien wird wieder zu Hijaz Arabien.<\/strong>  Regiert \u00fcber das Kalifat des DeutschT\u00fcrken. Allah war immer sein Haus am sch\u00fctzen. Aber die Saudische Regierung wird ihren Verrat an der Ummah schwer b\u00fc\u00dfen. Das arabische Volk wird sich an ihren K\u00f6nigen und Prinzen brutal r\u00e4chen. \u00c4hnlich wird es mit allen anderen muslimischen L\u00e4ndern passieren. Die ungerechte Vorgehensweise der falschen F\u00fchrer wird zur\u00fcckschlagen. <\/p>\n\n\n\n<p><strong>Die wahren Deutschen sind Abdullah Mehdi am lieben<\/strong>. Weil er spricht aus ihren Seelen. Und wird sie mit der Wahrheit f\u00fchren. Raus aus der Versklavung des Juden. Die Deutschen geh\u00f6ren zu den Ersten der Nichtmuslimen, welche die Schulpflicht in ihrem Volke einf\u00fchrten. Diese Aufrichtigkeit zum Wissen, gab dem Deutschen die Oberhand zum Technischen. Zudem sind sie mit den realen Ma\u00dfeinheiten am rechnen. Der Deutsche ist \u00dcberreif an Weltlichem. Mit der Wahrheit des Jenseits geh\u00f6rt der Deutsche zu Allahs St\u00e4rksten. Ohne Allah, z\u00e4hlt der Deutsche nur zum Alman, der ausgenutzt wird von Jedermann. Insbesondere von Allahs Feinden, die die Gutm\u00fctigkeit der Deutschen, Link und \u00dcbelst ausnutzen. Auch hier wird sich die Wahrheit r\u00e4chen. <\/p>\n","protected":false},"excerpt":{"rendered":"<p>Zulfigar\u00a9\u00a0 Das Schwert des Imam Ali, dem L\u00f6wen des Herren Die Armee von Mehdi h\u00e4lt den Zulfigar in ihren H\u00e4nden. Dieses Schwert ist verbunden durch die heilige Schrift mit dem H\u00f6chsten. Und mit einer Kraft, die kommt direkt aus dem Hause des Propheten. Es gibt keinen Sieg ohne Ali und es gibt kein Schwert ohne&hellip; <a class=\"more-link\" href=\"https:\/\/army-of-mahdi.com\/member\/zulfigar\/\"><span class=\"screen-reader-text\">Zulfigar<\/span> weiterlesen<\/a><\/p>\n","protected":false},"author":1,"featured_media":0,"parent":0,"menu_order":0,"comment_status":"closed","ping_status":"closed","template":"","meta":{"footnotes":""},"class_list":["post-5157","page","type-page","status-publish","hentry","entry"],"_links":{"self":[{"href":"https:\/\/army-of-mahdi.com\/member\/wp-json\/wp\/v2\/pages\/5157","targetHints":{"allow":["GET"]}}],"collection":[{"href":"https:\/\/army-of-mahdi.com\/member\/wp-json\/wp\/v2\/pages"}],"about":[{"href":"https:\/\/army-of-mahdi.com\/member\/wp-json\/wp\/v2\/types\/page"}],"author":[{"embeddable":true,"href":"https:\/\/army-of-mahdi.com\/member\/wp-json\/wp\/v2\/users\/1"}],"replies":[{"embeddable":true,"href":"https:\/\/army-of-mahdi.com\/member\/wp-json\/wp\/v2\/comments?post=5157"}],"version-history":[{"count":159,"href":"https:\/\/army-of-mahdi.com\/member\/wp-json\/wp\/v2\/pages\/5157\/revisions"}],"predecessor-version":[{"id":7809,"href":"https:\/\/army-of-mahdi.com\/member\/wp-json\/wp\/v2\/pages\/5157\/revisions\/7809"}],"wp:attachment":[{"href":"https:\/\/army-of-mahdi.com\/member\/wp-json\/wp\/v2\/media?parent=5157"}],"curies":[{"name":"wp","href":"https:\/\/api.w.org\/{rel}","templated":true}]}}