{"id":5336,"date":"2025-12-15T01:58:37","date_gmt":"2025-12-15T00:58:37","guid":{"rendered":"https:\/\/army-of-mahdi.com\/member\/?page_id=5336"},"modified":"2026-03-26T12:45:58","modified_gmt":"2026-03-26T11:45:58","slug":"lehrvideos_zeit","status":"publish","type":"page","link":"https:\/\/army-of-mahdi.com\/member\/lehrvideos_zeit\/","title":{"rendered":"Lehrvideos_Zeit"},"content":{"rendered":"\n<h3 class=\"wp-block-heading\">Lehrvideos \u00fcber die Zeit<\/h3>\n\n\n\n<p>Von AbdullahMehdi100\u00a9<\/p>\n\n\n\n<p>Im Namen des Herren. Mit dem Wissen \u00fcber die Dimensionen m\u00f6chte ich klar stellen. Die Erdoberfl\u00e4che ist keine Kugel wie die Ungl\u00e4ubigen es darstellen. Diese Teufelskinder haben die Fl\u00e4che der Erde, auf den Wechselverlauf der Zeiten gestreckt und die Erdoberfl\u00e4che ihren Beherrschten als eine Kugel aussehen lassen. Es ging in ihren L\u00fcgen immer darum, das Wissen \u00fcber den jenseitigen Strom zu vertuschen. Diese Kr\u00e4fte der Zeiten (Zeitenkr\u00e4fte\u00a9), die sich im Goldenen-Schnitt wechseln. Deshalb haben sie die Zeitrechnung der Pharaonen verschwiegen. Sowie die genaue Funktion von ihren Bauwerken. <strong>Wenn die Menschheit tut erfahren, dass sie in die Zeit selbst k\u00f6nnen eingreifen, haben sie die Verbindung zu allen sch\u00f6pferischen M\u00f6glichkeiten.<\/strong><\/p>\n\n\n\n<p>So haben diese Juden, die das Wissen wussten, den Mond getrennt von der Zeitrechnung ihrer beherrschten und verschwiegen dessen Funktion im Ganzen. Mit Geldern der Ahnungslosen, haben sie Betrogen mit Mondlandungen, um den Anschein zu geben, als seien die Himmelsk\u00f6rper materielle Gebilden. Schande \u00fcber diese \u00dcblen. Auch Schande auf denen, die sich mit deren L\u00fcgen zu unrecht ehrten. Als geh\u00f6re der Mensch im Unglauben, zu den Fortgeschrittenen. Diese Zur\u00fcckgebliebenen.<\/p>\n\n\n\n<p>Sonne und Mond sind auch die Erde nur in dessen parallelen Zeiten. Die Sonne ist die Zukunft der Erde und der Mond dessen Vergangenheit. Die Erde selbst, ist die Gegenwart auf der wir leben. Der Mond erscheint als die ausgebrannte und kalte Asche der gegenw\u00e4rtigen Erde und die Sonne ist als dessen hei\u00dfe, energiereiche am strahlen. Der Mond ist immer zu uns gerichtet, weil er ist in seiner vergangenen Ebene zeitlich eingefroren. Und verl\u00e4uft mit uns, in unserer Gegenwart zusammen. Zukunft und Vergangenheit sind miteinander verbunden. <\/p>\n\n\n<hr \/>\n\n\n<div class=\"wp-block-media-text is-stacked-on-mobile\" style=\"grid-template-columns:24% auto\"><figure class=\"wp-block-media-text__media\"><img loading=\"lazy\" decoding=\"async\" width=\"1000\" height=\"1000\" src=\"https:\/\/army-of-mahdi.com\/member\/wp-content\/uploads\/2025\/12\/1.3.png\" alt=\"\" class=\"wp-image-5931 size-full\" srcset=\"https:\/\/army-of-mahdi.com\/member\/wp-content\/uploads\/2025\/12\/1.3.png 1000w, https:\/\/army-of-mahdi.com\/member\/wp-content\/uploads\/2025\/12\/1.3-300x300.png 300w, https:\/\/army-of-mahdi.com\/member\/wp-content\/uploads\/2025\/12\/1.3-150x150.png 150w, https:\/\/army-of-mahdi.com\/member\/wp-content\/uploads\/2025\/12\/1.3-768x768.png 768w\" sizes=\"auto, (max-width: 1000px) 100vw, 1000px\" \/><\/figure><div class=\"wp-block-media-text__content\">\n<h4 class=\"wp-block-heading\">1 Tag <\/h4>\n\n\n\n<p>Auf die Dimension 1 der Zeit strukturiert sich im Zyklus der 9 Dimensionen der Segen (10) des Herren. Aus diesem seinem gesegneten Glanz ist die Sch\u00f6pfung sich am entfalten. Auch die Zukunft und die Vergangenheit des Erschaffenen. Den Segen in der Zeit k\u00f6nnen wir schon an einem Tag erkennen. Mond und Sonne sind mit dem Faktor 10 sich voneinander am entfernen. Aus der mittleren Erdenzeit von 360 Tagen betrachtet, entfernt sich der Mond mit 5 Tagen im Jahr hin zur Vergangenheit und die Sonne 5 Tage hin zur Zukunft.<\/p>\n\n\n\n<p><a href=\"https:\/\/army-of-mahdi.com\/download\/video2\/zeit\/AbdullahMehdi100\u00a9Lehrvideo_Zeit_1_Tag.mp4\" data-type=\"page\" data-id=\"5157\">Zum Video<\/a><\/p>\n<\/div><\/div>\n\n\n\n<div class=\"wp-block-media-text is-stacked-on-mobile\" style=\"grid-template-columns:24% auto\"><figure class=\"wp-block-media-text__media\"><img loading=\"lazy\" decoding=\"async\" width=\"1000\" height=\"1000\" src=\"https:\/\/army-of-mahdi.com\/member\/wp-content\/uploads\/2025\/12\/4.png\" alt=\"\" class=\"wp-image-5343 size-full\" srcset=\"https:\/\/army-of-mahdi.com\/member\/wp-content\/uploads\/2025\/12\/4.png 1000w, https:\/\/army-of-mahdi.com\/member\/wp-content\/uploads\/2025\/12\/4-300x300.png 300w, https:\/\/army-of-mahdi.com\/member\/wp-content\/uploads\/2025\/12\/4-150x150.png 150w, https:\/\/army-of-mahdi.com\/member\/wp-content\/uploads\/2025\/12\/4-768x768.png 768w\" sizes=\"auto, (max-width: 1000px) 100vw, 1000px\" \/><\/figure><div class=\"wp-block-media-text__content\">\n<h4 class=\"wp-block-heading\">4 Jahreszeiten<\/h4>\n\n\n\n<p>Die Mehrung in den Dimensionen entsteht durch dessen Teilbarkeit. Die Dimension 4 der Natur ist die Grundlage zwischen den geringst, und h\u00f6chst teilbaren Dimensionen. Also zwischen der 2 und 8, diesen nicht materiellen. So reiht sich zwischen den Dimension 2 des Raums und der Dimension 8 des Paradieses, die Dimension 4 der Natur ein. Ein Produkt aus der doppelt gerechten Teilbarkeit des materiellen Irdischen. Die Materie teilt sich darin mit dem Nat\u00fcrlichen. 4 x 3 des Materiellen, bildet den Grundzyklus der 12 Monate in den Jahreszeiten.<\/p>\n\n\n\n<p><a href=\"https:\/\/army-of-mahdi.com\/download\/video2\/zeit\/AbdullahMehdi100\u00a9Lehrvideo_Zeit_4_Jahreszeiten.mp4\" data-type=\"page\" data-id=\"5157\">Zum Video<\/a><\/p>\n<\/div><\/div>\n\n\n\n<div class=\"wp-block-media-text is-stacked-on-mobile\" style=\"grid-template-columns:24% auto\"><figure class=\"wp-block-media-text__media\"><img loading=\"lazy\" decoding=\"async\" width=\"1000\" height=\"1000\" src=\"https:\/\/army-of-mahdi.com\/member\/wp-content\/uploads\/2025\/12\/36.png\" alt=\"\" class=\"wp-image-5362 size-full\" srcset=\"https:\/\/army-of-mahdi.com\/member\/wp-content\/uploads\/2025\/12\/36.png 1000w, https:\/\/army-of-mahdi.com\/member\/wp-content\/uploads\/2025\/12\/36-300x300.png 300w, https:\/\/army-of-mahdi.com\/member\/wp-content\/uploads\/2025\/12\/36-150x150.png 150w, https:\/\/army-of-mahdi.com\/member\/wp-content\/uploads\/2025\/12\/36-768x768.png 768w\" sizes=\"auto, (max-width: 1000px) 100vw, 1000px\" \/><\/figure><div class=\"wp-block-media-text__content\">\n<h4 class=\"wp-block-heading\">36 Mittagstage<\/h4>\n\n\n\n<p>In der Zahl 36 ist der nat\u00fcrliche Wert gespeichert, auf der sich die Zeiten in und mit den 9 Dimensionen strukturieren. (4&#215;9=36). Dieser besondere Wert 36 f\u00fcgt sich zusammen aus 3 und 6, aus den Dimensionen des Materiellen (Wasser) und dessen Grenzen (Feuer). Und entspringt in der Quersumme aus den 9 Dimensionen (3+6=9). Der Mond ist in der Zeit zur\u00fcck am fallen und befindet sich nach 36 Tagen wieder an der selben stelle auf Erden. Seine Sichel jedoch ist auf den Zyklus des Materiellen bezogen. Auf die 30 x 12 der mitleeren Erdenzeit von 360 Tagen.<\/p>\n\n\n\n<p><a href=\"https:\/\/army-of-mahdi.com\/download\/video2\/zeit\/AbdullahMehdi100\u00a9Lehrvideo_Zeit_36_Mittagstage.mp4\" data-type=\"page\" data-id=\"5157\">Zum Video<\/a><\/p>\n<\/div><\/div>\n\n\n\n<div class=\"wp-block-media-text is-stacked-on-mobile\" style=\"grid-template-columns:24% auto\"><figure class=\"wp-block-media-text__media\"><img loading=\"lazy\" decoding=\"async\" width=\"1000\" height=\"1000\" src=\"https:\/\/army-of-mahdi.com\/member\/wp-content\/uploads\/2025\/12\/1j.png\" alt=\"\" class=\"wp-image-5365 size-full\" srcset=\"https:\/\/army-of-mahdi.com\/member\/wp-content\/uploads\/2025\/12\/1j.png 1000w, https:\/\/army-of-mahdi.com\/member\/wp-content\/uploads\/2025\/12\/1j-300x300.png 300w, https:\/\/army-of-mahdi.com\/member\/wp-content\/uploads\/2025\/12\/1j-150x150.png 150w, https:\/\/army-of-mahdi.com\/member\/wp-content\/uploads\/2025\/12\/1j-768x768.png 768w\" sizes=\"auto, (max-width: 1000px) 100vw, 1000px\" \/><\/figure><div class=\"wp-block-media-text__content\">\n<h4 class=\"wp-block-heading\">1 Jahr ohne Rotation<\/h4>\n\n\n\n<p>An dem Mond d\u00fcrfen wir die Kr\u00e4fte des Jenseitigen klar erkennen. Er ist uns dieses durch seinen 12 Monatszyklus am verraten. In der Vollkommenheit der 10, dem Gesegnetem. Sogar die Sonne selber ist darin unvollkommen und am wechseln. Und teilt sich genau wie der Mond in den Grenzen des Sichtbaren. Im Raum, mit dem Goldenen Schnitt, welcher hervorkommt durch die Mitte der 9 Dimensionen. Schau nur, die Dimension 7 der H\u00f6lle ist als eine unsichtbare Barriere am gelten. Hin zu 8 und 9, zu den Dimensionen mit den paradiesischen Kr\u00e4ften.<\/p>\n\n\n\n<p><a href=\"https:\/\/army-of-mahdi.com\/download\/video2\/zeit\/AbdullahMehdi100\u00a9Lehrvideo_Zeit_1_Jahr_ohne_Rotation.mp4\" data-type=\"page\" data-id=\"5157\">Zum Video<\/a><\/p>\n<\/div><\/div>\n\n\n\n<div class=\"wp-block-media-text is-stacked-on-mobile\" style=\"grid-template-columns:24% auto\"><figure class=\"wp-block-media-text__media\"><img loading=\"lazy\" decoding=\"async\" width=\"1000\" height=\"1000\" src=\"https:\/\/army-of-mahdi.com\/member\/wp-content\/uploads\/2025\/12\/1jr.png\" alt=\"\" class=\"wp-image-5366 size-full\" srcset=\"https:\/\/army-of-mahdi.com\/member\/wp-content\/uploads\/2025\/12\/1jr.png 1000w, https:\/\/army-of-mahdi.com\/member\/wp-content\/uploads\/2025\/12\/1jr-300x300.png 300w, https:\/\/army-of-mahdi.com\/member\/wp-content\/uploads\/2025\/12\/1jr-150x150.png 150w, https:\/\/army-of-mahdi.com\/member\/wp-content\/uploads\/2025\/12\/1jr-768x768.png 768w\" sizes=\"auto, (max-width: 1000px) 100vw, 1000px\" \/><\/figure><div class=\"wp-block-media-text__content\">\n<h4 class=\"wp-block-heading\">1 Jahr in einer Rotation<\/h4>\n\n\n\n<p>Die Erdoberfl\u00e4che entsteht aus der Dimension 4 der Natur und bildet aus der Mitte des Raums vier Richtungen. Norden S\u00fcden Osten Westen. Diese Schlie\u00dfen sich zur Zukunft hin in Richtung Himmel und in die Vergangenheit in Richtung Erdboden. Wie ein Zelt\/Kristall schlie\u00dft sich das Materielle in seinen 6 Dimensionen. Dass, was wir als Rund und Vollkommen war nehmen ist das Licht im Fluss der Zeiten, die im Segen 10 des Herren verlaufen, also in den Zyklen der 9 Dimensionen. In dieser Vollkommenheit des Glanzes besitzen auch die Himmelsk\u00f6rper das aussehen von Kugeln. So sind sie Widerstandslos durch unser Horizont am kreisen. Der Horizont vom Menschen betr\u00e4gt, horizontal durch den Raum 1\/2 vom Ganzen. Und vertikal, \u00fcber die Dimension 4 der Natur, 1\/4 der Erdoberfl\u00e4chen.<\/p>\n\n\n\n<p><a href=\"https:\/\/army-of-mahdi.com\/download\/video2\/zeit\/AbdullahMehdi100\u00a9Lehrvideo_Zeit_1_Jahr_mit_Rotation.mp4\" data-type=\"page\" data-id=\"5157\">Zum Video<\/a><\/p>\n<\/div><\/div>\n\n\n\n<div class=\"wp-block-media-text is-stacked-on-mobile\" style=\"grid-template-columns:24% auto\"><figure class=\"wp-block-media-text__media\"><img loading=\"lazy\" decoding=\"async\" width=\"1000\" height=\"1000\" src=\"https:\/\/army-of-mahdi.com\/member\/wp-content\/uploads\/2025\/12\/10.png\" alt=\"\" class=\"wp-image-5367 size-full\" srcset=\"https:\/\/army-of-mahdi.com\/member\/wp-content\/uploads\/2025\/12\/10.png 1000w, https:\/\/army-of-mahdi.com\/member\/wp-content\/uploads\/2025\/12\/10-300x300.png 300w, https:\/\/army-of-mahdi.com\/member\/wp-content\/uploads\/2025\/12\/10-150x150.png 150w, https:\/\/army-of-mahdi.com\/member\/wp-content\/uploads\/2025\/12\/10-768x768.png 768w\" sizes=\"auto, (max-width: 1000px) 100vw, 1000px\" \/><\/figure><div class=\"wp-block-media-text__content\">\n<h4 class=\"wp-block-heading\">10 Jahre in 10 Sekunden<\/h4>\n\n\n\n<p>In dieser Animation kannst du die Zeitenkr\u00e4fte\u00a9 gut erkennen. Wie die Kr\u00e4fte der Zeit im Zyklus der Dimensionen sich teilen. Die\u00a0blauen Ringe zeigen die Kr\u00e4fte des Vergangenen und der\u00a0gelbe\u00a0Ring, die geballte Kraft der Zukunft. Die Teilung zum Norden hin z\u00e4hlt zum Wahren. 10 Jahre sind schnell vergangen. Vergiss die Lehre der Ungl\u00e4ubigen, in denen sie versuchen, die Dunkelheit \u00fcber das Licht zu erheben. Und mit ihren schwarzen L\u00f6chern, die Zeit der Menschen verschwenden. Gegen die Wahrheit haben diese Juden sich verschworen, mit ihren Theorien und Teufeln. Um selber zu regieren, im\u00a0Diesseits\u00a0\u00fcber die Unwissenden.<\/p>\n\n\n\n<p><a href=\"https:\/\/army-of-mahdi.com\/download\/video2\/zeit\/AbdullahMehdi100\u00a9Lehrvideo_Zeit_10_Jahre.mp4\">Zum Video<\/a><\/p>\n<\/div><\/div>\n\n\n\n<div class=\"wp-block-media-text is-stacked-on-mobile\" style=\"grid-template-columns:24% auto\"><figure class=\"wp-block-media-text__media\"><img loading=\"lazy\" decoding=\"async\" width=\"1000\" height=\"1000\" src=\"https:\/\/army-of-mahdi.com\/member\/wp-content\/uploads\/2025\/12\/365.png\" alt=\"\" class=\"wp-image-5368 size-full\" srcset=\"https:\/\/army-of-mahdi.com\/member\/wp-content\/uploads\/2025\/12\/365.png 1000w, https:\/\/army-of-mahdi.com\/member\/wp-content\/uploads\/2025\/12\/365-300x300.png 300w, https:\/\/army-of-mahdi.com\/member\/wp-content\/uploads\/2025\/12\/365-150x150.png 150w, https:\/\/army-of-mahdi.com\/member\/wp-content\/uploads\/2025\/12\/365-768x768.png 768w\" sizes=\"auto, (max-width: 1000px) 100vw, 1000px\" \/><\/figure><div class=\"wp-block-media-text__content\">\n<h4 class=\"wp-block-heading\">365 Tage in 20 Minuten<\/h4>\n\n\n\n<p>Du bist dieser auserw\u00e4hlte gesegnete. Du besonderes Gesch\u00f6pf von Allah. Du wurdest aus dieser deiner Dimension 5 zwar abgeleitet, jedoch nach dem Zyklus der 9 Dimensionen erschaffen. Schau, nach 9 Monaten bist du auf die Welt gekommen. Den ersten Segen in der Zeit, durftest du durch den Leib deiner Mutter erleben. Um mit der Gesegneten 10 dann endlich deine Augen zu \u00f6ffnen. Hast du nun erkannt den Glanz deines Herren. Im Mondkalender sind die Babys am strahlen, erst nach 9 Monaten und 10 Tagen. Segensreich ist Allah, der Sch\u00f6pfer der Himmel und Erden. Auch den Irdischen Zyklus von 12 d\u00fcrfen wir an dem Menschen erkennen, und zwar an den Tagen des unwahren Geschlechts, dem Weiblichen. Sie ist erschaffen aus Adams Lenden. Mit 12 Rippen zur rechten und 12 zur linken.<\/p>\n\n\n\n<p><a href=\"https:\/\/army-of-mahdi.com\/download\/video2\/zeit\/AbdullahMehdi100\u00a9Lehrvideo_Zeit_365_Tage.mp4\" data-type=\"page\" data-id=\"5157\">Zum Video<\/a><\/p>\n<\/div><\/div>\n\n\n\n<h4 class=\"wp-block-heading\">Das 3 dimensionale Weltbild<\/h4>\n\n\n\n<p>Das Wissen \u00fcber die 9 Dimensionen soll auch ein Ende \u00fcber die verlogene Raumforschung machen. Das 3 dimensionale Weltbild wurde durch den Juden propagiert um seine Beherrschten orientierungslos im Raum zu halten. \u00c4hnlich wie ein Fisch, der in der Dimension 3 des Wassers ist am schwimmen. Ohne die 4 Himmelsrichtungen der Natur und ohne sich selbst \u00fcber die Dimension 5, in die 9 Kr\u00e4fte einzubinden. Wo ist oben und wo ist unten, das Volk konnte durch deren L\u00fcgenlehrer gar nicht mehr unterscheiden. Der Jude hatte zu ihnen gesprochen, eure vorfahren waren Affen. Die sich das sprechen selber beigebracht haben. Und eure Erde ist eine Kugel, es gibt keinen Himmel. Oben kann auch sein unten und unten kann auch sein oben. So arbeitet weiter ihr Goim&#8217;s, sonst landet ihr auf den Stra\u00dfen. Wie die ganzen Obdachlosen anderen. Und bringt uns blo\u00df eure Opfergaben. Das Finanzamt wird sonst bei euch erscheinen. Was bist du da am erz\u00e4hlen. Du Sohn des verdammten. Deine L\u00fcgen sind vergangen. Die Menschen werden erfahren.<br><\/p>\n\n\n\n<h4 class=\"wp-block-heading\">Die schwarzen Loch Lehrer <\/h4>\n\n\n\n<p>Der Jude m\u00f6chte nicht, dass die Menschen \u00fcber die Wissenschaft die wahre Religion, den Islam erkennen und erkl\u00e4ren k\u00f6nnen. So lassen sie neben den Popoprofesoren auch diese schwarzen Loch Lehrer f\u00fcr sich Arbeiten, damit sie mit ihren Schwarzen L\u00f6chern von der Wahrheit ablenken. Folgende Wahrheiten versuchen diese Verr\u00e4ter in ihre Wissenschaft nicht einzubinden:<\/p>\n\n\n\n<ul class=\"wp-block-list\">\n<li>Die Erdoberfl\u00e4che, als die gegenw\u00e4rtige Zeit-Ebene der Sch\u00f6pfung. <\/li>\n\n\n\n<li>Den Norden, als den wahren Pol zum S\u00fcden und als das Zentrum der Dimension 4. <\/li>\n\n\n\n<li>Die Kr\u00e4fte der Zeiten (Zeitenkr\u00e4fte\u00a9), die im Goldenen Schnitt sich wechseln. Also das der Mond und die Sonne, die Zeiten der Erde selber sind und im Goldenen Schnitt zur Erscheinung kommen.<\/li>\n\n\n\n<li>Die Gesegnete 10 versuchen diese schwarzen Loch Lehrer, obwohl sie selber 10 Finger an den H\u00e4nden haben, aus der Wissenschaft zu verbannen. Nicht nur, dass sie die 10 mit dem Segen des Herren nicht in Verbindung bringen m\u00f6chten, sondern sie versuchen, wo es nur geht mit endlosen Komma-Zahlen 9,987&#8230; davon Abzubringen und dem Zufall eine h\u00f6here Bedeutung zu geben.<\/li>\n\n\n\n<li>Die unwahren Lehrer f\u00fchren mit T\u00e4uschung einen Krieg gegen die realen Ma\u00dfe von Strecken und Zeiten, welche auf den Segen des Herren deuten. Und welche die Deutschen als Meter und Sekunde \u00fcber ihre Sprache stabil zusammengetragen haben. So ist im luftleeren Raum, die Materie in der Zeit genau zehn (10) Meter in einer (1) Sekunde am fallen. <\/li>\n<\/ul>\n\n\n\n<p><\/p>\n","protected":false},"excerpt":{"rendered":"<p>Lehrvideos \u00fcber die Zeit Von AbdullahMehdi100\u00a9 Im Namen des Herren. Mit dem Wissen \u00fcber die Dimensionen m\u00f6chte ich klar stellen. Die Erdoberfl\u00e4che ist keine Kugel wie die Ungl\u00e4ubigen es darstellen. Diese Teufelskinder haben die Fl\u00e4che der Erde, auf den Wechselverlauf der Zeiten gestreckt und die Erdoberfl\u00e4che ihren Beherrschten als eine Kugel aussehen lassen. Es ging&hellip; <a class=\"more-link\" href=\"https:\/\/army-of-mahdi.com\/member\/lehrvideos_zeit\/\"><span class=\"screen-reader-text\">Lehrvideos_Zeit<\/span> weiterlesen<\/a><\/p>\n","protected":false},"author":1,"featured_media":0,"parent":0,"menu_order":0,"comment_status":"closed","ping_status":"closed","template":"","meta":{"footnotes":""},"class_list":["post-5336","page","type-page","status-publish","hentry","entry"],"_links":{"self":[{"href":"https:\/\/army-of-mahdi.com\/member\/wp-json\/wp\/v2\/pages\/5336","targetHints":{"allow":["GET"]}}],"collection":[{"href":"https:\/\/army-of-mahdi.com\/member\/wp-json\/wp\/v2\/pages"}],"about":[{"href":"https:\/\/army-of-mahdi.com\/member\/wp-json\/wp\/v2\/types\/page"}],"author":[{"embeddable":true,"href":"https:\/\/army-of-mahdi.com\/member\/wp-json\/wp\/v2\/users\/1"}],"replies":[{"embeddable":true,"href":"https:\/\/army-of-mahdi.com\/member\/wp-json\/wp\/v2\/comments?post=5336"}],"version-history":[{"count":185,"href":"https:\/\/army-of-mahdi.com\/member\/wp-json\/wp\/v2\/pages\/5336\/revisions"}],"predecessor-version":[{"id":7608,"href":"https:\/\/army-of-mahdi.com\/member\/wp-json\/wp\/v2\/pages\/5336\/revisions\/7608"}],"wp:attachment":[{"href":"https:\/\/army-of-mahdi.com\/member\/wp-json\/wp\/v2\/media?parent=5336"}],"curies":[{"name":"wp","href":"https:\/\/api.w.org\/{rel}","templated":true}]}}