{"id":5533,"date":"2025-12-21T13:29:09","date_gmt":"2025-12-21T12:29:09","guid":{"rendered":"https:\/\/army-of-mahdi.com\/member\/?page_id=5533"},"modified":"2026-03-25T18:55:24","modified_gmt":"2026-03-25T17:55:24","slug":"religioese-tage","status":"publish","type":"page","link":"https:\/\/army-of-mahdi.com\/member\/religioese-tage\/","title":{"rendered":"Religi\u00f6se Tage"},"content":{"rendered":"\n<h4 class=\"wp-block-heading has-text-align-right\"><script>var fixd; function isGregLeapYear(year) { return year%4 == 0 && year%100 != 0 || year%400 == 0; } function gregToFixed(year, month, day) { var a = Math.floor((year - 1) \/ 4); var b = Math.floor((year - 1) \/ 100); var c = Math.floor((year - 1) \/ 400); var d = Math.floor((367 * month - 362) \/ 12); if (month <= 2) e = 0; else if (month > 2 && isGregLeapYear(year)) e = -1; else e = -2; return 1 - 1 + 365 * (year - 1) + a - b + c + d + e + day; } function Hijri(year, month, day) { this.year = year; this.month = month; this.day = day; this.toFixed = hijriToFixed; this.toString = hijriToString; } function hijriToFixed() { return this.day + Math.ceil(29.5 * (this.month - 1)) + (this.year - 1) * 354 + Math.floor((3 + 11 * this.year) \/ 30) + 227015 - 1; } function hijriToString() { var months = new Array(\"Muharram\",\"Safar\",\"Rabi-AlAwwal\",\"Rabi-AlThani\",\"Jumada Al-Ula\",\"Jumada Al-Thani\",\"Rajab\",\"Shaban\",\"Ramadan\",\"Shawwal\",\"Dhul Qadah\",\"Dhul Hijjah\"); return this.day + \" \" + months[this.month - 1]+ \" \" + this.year; } function fixedToHijri(f) { var i=new Hijri(1100, 1, 1); i.year = Math.floor((30 * (f - 227015) + 10646) \/ 10631); var i2=new Hijri(i.year, 1, 1); var m = Math.ceil((f - 29 - i2.toFixed()) \/ 29.5) + 1; i.month = Math.min(m, 12); i2.year = i.year; i2.month = i.month; i2.day = 1; i.day = f - i2.toFixed() + 1; return i; } var tod=new Date(); var weekday=new Array(\"Sunday\",\"Monday\",\"Tuesday\",\"Wednesday\",\"Thursday\",\"Friday\",\"Saturday\"); var monthname=new Array(\"January\",\"February\",\"March\",\"April\",\"May\",\" June\",\"July\",\"August\",\"September\",\"October\",\"November\",\"December\"); var y = tod.getFullYear(); var m = tod.getMonth(); var d = tod.getDate(); var dow = tod.getDay(); m++; fixd=gregToFixed(y, m, d); var h=new Hijri(1421, 11, 28); h = fixedToHijri(fixd); document.write(\" \" + h.toString() + \" \u00a0\u00a0\"); <\/script><\/h4>\n\n\n<hr \/>\n\n\n<h3 class=\"wp-block-heading\">Die besonderen Tage des Herren<\/h3>\n\n\n\n<p>Erkl\u00e4rt mit dem Verst\u00e4ndnis \u00fcber die Dimensionen.<\/p>\n\n\n\n<p>Von AbdullahMehdi100\u00a9<\/p>\n\n\n\n<p>Da die Besonderen Tage des Herren, sich auf die Zeiten beziehen, kann man dessen Struktur im Segen 10 (Bereket) sehr gut erkennen. Die herrschenden Dimensionen, also die h\u00f6chst gruppierten 7, 8, 9, gelten in diesen als die 3 besonderen Monate. Die Dimension 1 und dessen 10 als Segen, steht im Zusammenhang mit Feierlichkeiten und Errettung der Propheten. Der Monat 12 der Pilger-Zeit entspringt aus der Dimension 3 des Materiellen (1+2=3). Die Pilger-St\u00e4tte dazu befindet sich auf dem Goldenen Schnitt der Erdoberfl\u00e4chen. Einer besonderen Teilung, der Dimension 5 der Mitten. Auch die Dimension 4 des Nat\u00fcrlichen, finden wir bei Allah in seinen 4 gesch\u00fctzten Monaten. Lese ruhig weiter, mit dem Wissen \u00fcber die Dimensionen wirst du besser verstehen, die Tage der Religion und deren Entstehen.<\/p>\n\n\n\n<p><strong>Die besonderen Tage des Herren richten sich Haupts\u00e4chlich auf seine 2 wertvollen Gaben. Einmal das gesegnete Wissen aus dem Jenseits. Und einmal der gesegnete Ort im Diesseits. <a href=\"https:\/\/quran.com\/2\/189\">Beides ist Zeitlich \u00fcber den Mond verbunden.<\/a><\/strong><\/p>\n\n\n\n<ul class=\"wp-block-list\">\n<li>Das h\u00f6chste Wissen auf Erden sammelt sich im wundervollen Quran, dem Buch Allahs, welches Vollendung fand mit dem Islam und dem letzten Propheten Muhammed&nbsp;(sav). Das J\u00e4hrliche Gedenken an diese besondere Gabe geschieht durch das fasten im Monat Ramadan. Die Belohnung f\u00fcr ein akzeptiertes Ramadan betr\u00e4gt  mindestens 1000 Monate an Segen. <\/li>\n<\/ul>\n\n\n\n<ul class=\"wp-block-list\">\n<li>Der bedeutendste Ort auf der Erde ist der Platz der Kaabe, der Ort , an dem Adam (as), der erste Mensch und Prophet, herab gesandt wurde. Nach Generationen von Propheten, durfte Abraham (as), das Haus Allahs auf seine Fundamente neu aufrichten und die Gl\u00e4ubigen dahin rufen. Das J\u00e4hrliche Gedenken an diesen besonderen Ort, geschieht durch die Pilgerfahrt und der Opferung eines Schlachttieres. Die Belohnung f\u00fcr eine akzeptiertes Haj\/Pilgern ist die vollst\u00e4ndige Bereinigung der S\u00fcnden.<\/li>\n<\/ul>\n\n\n\n<p>Als erstes sollst du zu den Zeiten wissen, der Mondkalender verh\u00e4lt sich im Nat\u00fcrlichen. Dessen Tage beginnen mit dem Untergang der Sonnen. Also aus dem unwahren Zustand der Zeit wird begonnen. Der Sonnenkalender jedoch, beginnt zu Mittag, wo die Sonne steht am h\u00f6chsten. Adam wurde in diesem Wahren zustand der Zeit, auf die Erde erschaffen. Er hatte davor im Paradies noch nie die unwahren Zust\u00e4nde des Diesseits erfahren. Er sah die Dunkelheit das erste mal auf der Welt und sp\u00fcrte dessen k\u00e4lten. Es wird \u00fcberliefert, er h\u00e4tte die ganze Nacht gezittert vor \u00c4ngsten. Mit der Sorge, dass seine Strafe w\u00fcrde sich mehren. Weil er zuvor ungehorsam war gegen seinen Herren. Doch dann sah er den Tag wieder anbrechen. Und warf sein Haupt nieder zum dank sprechen. So lehrte der Herr ihm das Beten. Und vergab ihm seine S\u00fcnden.<\/p>\n\n\n\n<p><em>Auch der Sonnenkalender der Ungl\u00e4ubigen, begann urspr\u00fcnglich aus dem Mittag zu z\u00e4hlen. Bekannt als der JD-JulianDate oder auch  JD-JudenDate. Diesen mussten sie auf Mitternacht um justieren, damit ihre beherrschten, eine Nat\u00fcrlicheren Tageswechsel bekamen. Weil sie getrennt von dem Mond waren.<\/em><\/p>\n\n\n<hr \/>\n\n\n<h4 class=\"wp-block-heading has-text-align-left\">Der Monat 7 &#8211; REJEB<\/h4>\n\n\n\n<p>Muhammed (sav) sagt: \u201eRejeb ist der Monat von Allah\u201c. Rejeb ist der 7te Monat. Die 7 ist die Dimension der H\u00f6lle. Die H\u00f6lle hat Allah erschaffen. Um die Menschen damit zu Pr\u00fcfen. Und seine Gl\u00e4ubigen davon zu entfernen. Wir durften an dem Gesandten  beobachten, dass seine Hingabe und Opferbereitschaft zu Allah, sich zum Monat Ramadan hin mehrten. Es darf in den Monat Rejeb, mit einem freiwilligen Fasten, hinein gefastet werden. Auch <strong>die Nacht zum ersten Freitag (Regaib)<\/strong> diesen Monats ist ein Stichtag und wird empfohlen, diese Nacht mit freiwilligen Gebeten sich Allah zu n\u00e4hern. Auch dessen Donnerstag darf zum freiwilligen Fasten geopfert werden. Der Monat Rejeb beinhaltet zudem <strong>am 27 einen Gedenktag an Miraj,<\/strong> das Himmlische Ereignis vom Gesandten, in dem wichtige Grundlagen der Religion durch die Engel offenbart wurden.<\/p>\n\n\n\n<h4 class=\"wp-block-heading has-text-align-left\">Der Monat 8 &#8211; SCHABAN<\/h4>\n\n\n\n<p>Muhammed (sav) sagt: &#8222;Shaban ist mein Monat&#8220; Die 8 ist die Dimension des Paradieses und steht mit Muhammed stark in Beziehung. Zum Beispiel die Buchstaben von seinem Namen summieren sich auf Arabisch zu 8. Die 8 ist die h\u00f6chst teilbare Dimension im Segen des Herren. Die Mitte dieses Monats, <strong>die Nacht zum 15<\/strong> <strong>(Berat)<\/strong> ist als Stichtag am gelten. Mit seinem Vollmond ist diese Nacht ein strahlendes Zeichen. Es ist der letzte Vollmond vor Ramadan, dem Monat des Sch\u00f6nsten. Die Vollmondn\u00e4chte 14, 15, 16 waren schon immer besondere Zeiten, in denen man sich seinem Herren kann widmen.<\/p>\n\n\n\n<h3 class=\"wp-block-heading has-text-align-left\"><strong>Der Monat 9 &#8211; RAMAZAN<\/strong><\/h3>\n\n\n\n<p><strong>Muhammed (sav) sagt: &#8222;Der Monat Ramazan geh\u00f6rt meiner Ummah\/Nation&#8220; Die 9 ist die Dimension der Kraft. Der starke \u00dcbergang zur gesegneten 10, dem strahlenden Glanz des Herren. Allah verpflichtet die Muslime im Monat Ramadan, tags\u00fcber zu fasten. Auch das Freiwillige Nachtgebet darf in diesem Monat, gemeinsam gebetet werden (Teravi). Im Monat Ramadan hat Allah begonnen, durch Engel Gabriel den Quran herab zu senden. Der Quran sollte deshalb zu Ramadan mindestens 1 mal durchgelesen werden. Muhammed (sav) teilt den Monat Ramadan in 3 Segnungen. Die ersten 10 Tage richten sich auf Allahs Erbarmung. Die Mitleren 10 zu seiner Gnaden. Und die letzten 10 Tage richten sich auf die Errettung aus der H\u00f6lle. Die bedeutendste Nacht ist der Laylatul kadir. Die Nacht des Schicksals. Dieser wird auf den 27ten gesch\u00e4tzt. Der Laylatul Kadir birgt einen Segen von mindestens 1000 Barakat. Ali (ra) sagt, er liebt in Monat Ramadan das Fasten noch mehr, wenn dieser Monat auf den Sommer trifft.<\/strong><\/p>\n\n\n\n<h4 class=\"wp-block-heading has-text-align-left\">Der Monat 10 &#8211; SHAWAL<\/h4>\n\n\n\n<p>Mit dem Eintritt in den gesegneten Monat Schawal endet der Ramazan. Nach dem morgendlichen <strong>Bayramgebet<\/strong> in der Gemeinde darf 3 Tage feierlich gratuliert werden. Mit besuchen und begr\u00fc\u00dfen. Und Essen und Geschenken. &nbsp;Ein <strong>Nachfasten von 6 Tagen<\/strong>&nbsp;innerhalb dieses Monates wird durch Muhammed (sav) empfohlen. Mit einer Belohnung als w\u00fcrde man 1 Jahr fasten. \u00dcber den eigentlichen Festtag des Gl\u00e4ubigen muss man wissen, dieser findet statt, am Ende von seinem Leben.&nbsp;Wenn&nbsp;er zu seinem Herren tut zur\u00fcckkehren. Und er sein Buch erh\u00e4lt zur Rechten. Und er das Paradies darf betreten. Die Wahrheit des Jenseits wird jeder best\u00e4tigen. Wenn sie erkennen werden, die Wirkung der Kr\u00e4fte des verborgenen.<\/p>\n\n\n\n<h4 class=\"wp-block-heading has-text-align-left\">Der Monat 12 &#8211; ZILHIJJA<\/h4>\n\n\n\n<p>Dieser Monat&nbsp;Zilhijja&nbsp;beinhaltet den&nbsp;Haj, das Pilgern zur Heiligen St\u00e4tte, welches ein Muslim mindestens einmal in seinem Leben erf\u00fcllen muss. Die&nbsp;Haj-Tage&nbsp;beziehen sich auf die ersten 9 Tage dieses Monats. Der neunte Tag ist Arafat, der H\u00f6hepunkt des&nbsp;Haj. Der 10te ist dann der gesegnete&nbsp;Tag, in dem das Opferfest beginnt. Nach dem morgendlichen <strong>Bayramgebet <\/strong>in der Gemeinde beginnen die Schlachtungen und die Feiertage dazu und enden nach 4 Tagen. Wir k\u00f6nnen auch hier erkennen, die Struktur der Pilgertage ist seit Abraham sich auf die 9 Dimensionen und dessen Segen 10 am&nbsp;richten. Die ersten 9 Tage dieses Monats wird empfohlen zu&nbsp;Fasten. Wenn nicht m\u00f6glich, dann nur die 8 und 9 zusammen. Ansonsten nur <strong>den 9ten fasten<\/strong> <strong>(Arefe)<\/strong>.<\/p>\n\n\n\n<h4 class=\"wp-block-heading has-text-align-left\">Der Monat 1 &#8211; MUHARREM<\/h4>\n\n\n\n<p>Mit dem Monat Muharrem beginnt das Jahr. Der Tag 10 dieses ersten Monat ist ein gesegneter Tag, der in den \u00dcberlieferungen mit besonderen Ereignissen in Verbindung steht. An diesem zehnten Tag wurden z.B:<\/p>\n\n\n\n<ul class=\"wp-block-list\">\n<li>Die Himmel und die Erde Erschaffen.<\/li>\n\n\n\n<li>Die Reue von Adam wurde akzeptiert.<\/li>\n\n\n\n<li>Nohas Schiff setzte wieder auf Land.<\/li>\n\n\n\n<li>Das Feuer wurde k\u00fchl f\u00fcr Abraham.<\/li>\n\n\n\n<li>Eyub \u00fcberwund seine Krankheit.<\/li>\n\n\n\n<li>Pharao wurde durch Moses besiegt.<\/li>\n\n\n\n<li>Salomon wurde Herr \u00fcber sein Reich.<\/li>\n<\/ul>\n\n\n\n<p>Es darf in den Tagen 1 bis 10 freiwillig gefastet werden. Also tags\u00fcber kein essen und Trinken. Wenn nicht m\u00f6glich, dann die Tage 8, 9, 10. Oder 8 und 9. <strong>Ansonsten den 10ten Tag (Ashura).<\/strong><\/p>\n\n\n\n<h4 class=\"wp-block-heading has-text-align-left\">Die 4 Gesch\u00fctzen (Haram) Monate<\/h4>\n\n\n\n<p>Diese 4 gesch\u00fctzten Monate&nbsp;( 1, 7, 11,&nbsp;12 )&nbsp;sind vor der islamischen Zeitrechnung entsandten. Um sie sich gegen die Vernichtung des Krieges zu sch\u00fctzen. Ein Friedensabkommen, eingebunden in den Kalender, um frei handeln und reisen zu k\u00f6nnen. Die Dimension 4 der Natur tr\u00e4gt die Eigenschaft der doppelt gerechten Teilung.&nbsp;Erforderlich zur Mehrung. Die 4 gesch\u00fctzten Monate&nbsp;liess&nbsp;Allah auch im&nbsp;Quran&nbsp;sch\u00fctzen.<\/p>\n\n\n\n<h4 class=\"wp-block-heading has-text-align-left\">Der Wochentag 5 &#8211; FREITAG<\/h4>\n\n\n\n<p>Der Freitag geh\u00f6rt auch zu einem besonderen Tag des Herren, jedoch nur zu H\u00e4lften. Der Freitag ist <strong>der 5te Tag der Woche<\/strong>, die 5 ist die Dimension des Menschen. Dem Halbsegen. Aus diesem darf er bemessen.Das Freitagstreffen (Jumah) in der Moschee gilt als Mittagsgebet und Lehrsitzung zusammen. Auch die Gebetseinheiten, so wie die Predigt des Imams sind sich in zwei am teilen. So dient der Freitag zum wertvollen Wissen und zum Zusammentreffen. Eingef\u00fchrt durch Allah \u00fcber seinen Gesandten.<\/p>\n","protected":false},"excerpt":{"rendered":"<p>Die besonderen Tage des Herren Erkl\u00e4rt mit dem Verst\u00e4ndnis \u00fcber die Dimensionen. Von AbdullahMehdi100\u00a9 Da die Besonderen Tage des Herren, sich auf die Zeiten beziehen, kann man dessen Struktur im Segen 10 (Bereket) sehr gut erkennen. Die herrschenden Dimensionen, also die h\u00f6chst gruppierten 7, 8, 9, gelten in diesen als die 3 besonderen Monate. Die&hellip; <a class=\"more-link\" href=\"https:\/\/army-of-mahdi.com\/member\/religioese-tage\/\"><span class=\"screen-reader-text\">Religi\u00f6se Tage<\/span> weiterlesen<\/a><\/p>\n","protected":false},"author":1,"featured_media":0,"parent":0,"menu_order":0,"comment_status":"closed","ping_status":"closed","template":"","meta":{"footnotes":""},"class_list":["post-5533","page","type-page","status-publish","hentry","entry"],"_links":{"self":[{"href":"https:\/\/army-of-mahdi.com\/member\/wp-json\/wp\/v2\/pages\/5533","targetHints":{"allow":["GET"]}}],"collection":[{"href":"https:\/\/army-of-mahdi.com\/member\/wp-json\/wp\/v2\/pages"}],"about":[{"href":"https:\/\/army-of-mahdi.com\/member\/wp-json\/wp\/v2\/types\/page"}],"author":[{"embeddable":true,"href":"https:\/\/army-of-mahdi.com\/member\/wp-json\/wp\/v2\/users\/1"}],"replies":[{"embeddable":true,"href":"https:\/\/army-of-mahdi.com\/member\/wp-json\/wp\/v2\/comments?post=5533"}],"version-history":[{"count":185,"href":"https:\/\/army-of-mahdi.com\/member\/wp-json\/wp\/v2\/pages\/5533\/revisions"}],"predecessor-version":[{"id":7600,"href":"https:\/\/army-of-mahdi.com\/member\/wp-json\/wp\/v2\/pages\/5533\/revisions\/7600"}],"wp:attachment":[{"href":"https:\/\/army-of-mahdi.com\/member\/wp-json\/wp\/v2\/media?parent=5533"}],"curies":[{"name":"wp","href":"https:\/\/api.w.org\/{rel}","templated":true}]}}