{"id":6033,"date":"2026-01-02T09:58:55","date_gmt":"2026-01-02T08:58:55","guid":{"rendered":"https:\/\/army-of-mahdi.com\/member\/?page_id=6033"},"modified":"2026-03-30T12:28:19","modified_gmt":"2026-03-30T10:28:19","slug":"nazim-efendi-40","status":"publish","type":"page","link":"https:\/\/army-of-mahdi.com\/member\/nazim-efendi-40\/","title":{"rendered":"Nazim-Efendi"},"content":{"rendered":"\n<h4 class=\"wp-block-heading\">Die letzten Videos von Nazim Efendi<\/h4>\n\n\n\n<p>Von seinen N\u00e4hsten, aus seinem Hause.<\/p>\n\n\n\n<p>Im Namen des Herren. Nazim Efendi, auch bekannt als Nazim Kibrisi war die 40te F\u00fchrung der Nakshibendi Gemeinde und der inoffizielle Kalif der T\u00fcrken. Nach dem Sturz der Osmanen trug er das Kalifat weiter, in seinem Herzen und seinen Worten. Ohne einen Unterschied der Nationalit\u00e4ten. Er selber sah sich nicht von den Gelehrten. Sondern nur als ein einfacher Diener des Herren.<\/p>\n\n\n\n<p>Die Videoaufnahmen geh\u00f6ren zu den Letzten, bevor er ins Jenseits durfte \u00fcbergehen, zur\u00fcck zu seinem Herren. M\u00f6ge Allah mit ihm Wohlgefallen haben. Die Worte von Nazim-Efendi besitzen Weisheit und beruhigen. In diesen Aufnahmen kann man zudem erkennen, er war sich Bewusst, dass Mehdi (as) und seine Armee ihn h\u00f6ren werden. So hat er diese besonders Angesprochen mit Shahmerdan oder die Ehrenvollen, Tapferen. Und sie Motiviert mit liebevollen Worten und Belehrungen.<\/p>\n\n\n\n<p>Nazim Efendi hat sehr gehofft zu Lebzeiten, Mehdi (as) zu begegnen. Es war die Liebe zu Resulullah, die ihn verbunden hat mit der F\u00fchrung aus den Himmeln. Seine geehrten S\u00f6hne sind durch seine Bittgebete auch verbunden. Und sollen die Fahnentr\u00e4ger der Armee von Mehdi werden.<\/p>\n\n\n<hr \/>\n\n\n<div class=\"wp-block-columns is-layout-flex wp-container-core-columns-is-layout-9d6595d7 wp-block-columns-is-layout-flex\">\n<div class=\"wp-block-column is-layout-flow wp-block-column-is-layout-flow\">\n<p><br><a href=\"https:\/\/army-of-mahdi.com\/download\/Nazim_Efendi\/2012-05-03-tr-IlimVeSancakElimizde.mp4\">2012-05-03-tr-IlimVeSancakElimizde<br><\/a><a href=\"https:\/\/army-of-mahdi.com\/download\/Nazim_Efendi\/2013-01-16-tr-HepBana.mp4\">2013-01-16-tr-HepBana<br><\/a><a href=\"https:\/\/army-of-mahdi.com\/download\/Nazim_Efendi\/2013-01-17-tr-GerekenIlim.mp4\">2013-01-17-tr-GerekenIlim<br><\/a><a href=\"https:\/\/army-of-mahdi.com\/download\/Nazim_Efendi\/2013-01-22-tr-DolapBeygiri.mp4\">2013-01-22-tr-DolapBeygiri<br><\/a><a href=\"https:\/\/army-of-mahdi.com\/download\/Nazim_Efendi\/2013-01-23-tr-Yangin.mp4\">2013-01-23-tr-Yangin<br><\/a><a href=\"https:\/\/army-of-mahdi.com\/download\/Nazim_Efendi\/2013-01-24-tr-IslamGeliyor.mp4\">2013-01-24-tr-IslamGeliyor<\/a><br><a href=\"https:\/\/army-of-mahdi.com\/download\/Nazim_Efendi\/2013-01-26-tr-Mihve.mp4\">2013-01-26-tr-Mihve<br><\/a><a href=\"https:\/\/army-of-mahdi.com\/download\/Nazim_Efendi\/2013-01-30-tr-YajojVeMajoj.mp4\">2013-01-30-tr-YajojVeMajoj<br><\/a><a href=\"https:\/\/army-of-mahdi.com\/download\/Nazim_Efendi\/2013-02-01-tr-RenklerinTecellisi.mp4\">2013-02-01-tr-RenklerinTecellisi<br><\/a><a href=\"https:\/\/army-of-mahdi.com\/download\/Nazim_Efendi\/2013-02-05-tr-YanlisYollar.mp4\">2013-02-05-tr-YanlisYollar<br><\/a><a href=\"https:\/\/army-of-mahdi.com\/download\/Nazim_Efendi\/2013-02-09-tr-Ussag.mp4\">2013-02-09-tr-Ussag<br><\/a><a href=\"https:\/\/army-of-mahdi.com\/download\/Nazim_Efendi\/2013-02-11-tr-AdDunyaJifah.mp4\">2013-02-11-tr-AdDunyaJifah<br><\/a><a href=\"https:\/\/army-of-mahdi.com\/download\/Nazim_Efendi\/2013-02-14-tr-HabibullahinMaqami.mp4\">2013-02-14-tr-HabibullahinMaqami<br><\/a><a href=\"https:\/\/army-of-mahdi.com\/download\/Nazim_Efendi\/2013-02-16-tr-HayatunTayyebe.mp4\">2013-02-16-tr-HayatunTayyebe<br><\/a><a href=\"https:\/\/army-of-mahdi.com\/download\/Nazim_Efendi\/2013-02-19-tr-UcGunluk.mp4\">2013-02-19-tr-UcGunluk<br><\/a><a href=\"https:\/\/army-of-mahdi.com\/download\/Nazim_Efendi\/2013-02-20-tr-SultanVerendir.mp4\">2013-02-20-tr-SultanVerendir<br><\/a><a href=\"https:\/\/army-of-mahdi.com\/download\/Nazim_Efendi\/2013-02-23-tr-Tasla.mp4\">2013-02-23-tr-Tasla<br><\/a><a href=\"https:\/\/army-of-mahdi.com\/download\/Nazim_Efendi\/2013-02-24-tr-NasuLlahaFanasiyahum.mp4\">2013-02-24-tr-NasuLlahaFanasiyahum<br><\/a><a href=\"https:\/\/army-of-mahdi.com\/download\/Nazim_Efendi\/2013-02-26-tr-Aciz.mp4\">2013-02-26-tr-Aciz<br><\/a><a href=\"https:\/\/army-of-mahdi.com\/download\/Nazim_Efendi\/2013-02-28-tr-Magbun.mp4\">2013-02-28-tr-Magbun<br><\/a><a href=\"https:\/\/army-of-mahdi.com\/download\/Nazim_Efendi\/2013-03-01-tr-DusunenHayvan.mp4\">2013-03-01-tr-DusunenHayvan<br><\/a><a href=\"https:\/\/army-of-mahdi.com\/download\/Nazim_Efendi\/2013-03-01-tr-HristianlaraSorular.mp4\">2013-03-01-tr-HristianlaraSorular<br><\/a><a href=\"https:\/\/army-of-mahdi.com\/download\/Nazim_Efendi\/2013-03-03-tr-Ahbab.mp4\">2013-03-03-tr-Ahbab<br><\/a><a href=\"https:\/\/army-of-mahdi.com\/download\/Nazim_Efendi\/2013-03-05-tr-SalihlerinGunu.mp4\">2013-03-05-tr-SalihlerinGunu<br><\/a><a href=\"https:\/\/army-of-mahdi.com\/download\/Nazim_Efendi\/2013-03-07-tr-KendiniKurtaramadi.mp4\">2013-03-07-tr-KendiniKurtaramadi<br><\/a><a href=\"https:\/\/army-of-mahdi.com\/download\/Nazim_Efendi\/2013-03-09-tr-AllahYollundaJihad.mp4\">2013-03-09-tr-AllahYollundaJihad<br><\/a><a href=\"https:\/\/army-of-mahdi.com\/download\/Nazim_Efendi\/2013-03-11-tr-QadamuSidqun.mp4\">2013-03-11-tr-QadamuSidqun<br><\/a><a href=\"https:\/\/army-of-mahdi.com\/download\/Nazim_Efendi\/2013-03-12-tr-MadinatulIlim.mp4\">2013-03-12-tr-MadinatulIlim<br><\/a><a href=\"https:\/\/army-of-mahdi.com\/download\/Nazim_Efendi\/2013-03-15-tr-YeniPapaya.mp4\">2013-03-15-tr-YeniPapaya<br><\/a><a href=\"https:\/\/army-of-mahdi.com\/download\/Nazim_Efendi\/2013-03-16-tr-HaydarulKarrar.mp4\">2013-03-16-tr-HaydarulKarrar<br><\/a><a href=\"https:\/\/army-of-mahdi.com\/download\/Nazim_Efendi\/2013-03-23-tr-BuDinDegildir.mp4\">2013-03-23-tr-BuDinDegildir<br><\/a><a href=\"https:\/\/army-of-mahdi.com\/download\/Nazim_Efendi\/2013-03-27-tr-Rizqakum.mp4\">2013-03-27-tr-Rizqakum<br><\/a><a href=\"https:\/\/army-of-mahdi.com\/download\/Nazim_Efendi\/2013-04-04-tr-Khutuwat.mp4\">2013-04-04-tr-Khutuwat<br><\/a><a href=\"https:\/\/army-of-mahdi.com\/download\/Nazim_Efendi\/2013-04-13-tr-Havali.mp4\">2013-04-13-tr-Havali<br><\/a><a href=\"https:\/\/army-of-mahdi.com\/download\/Nazim_Efendi\/2013-05-01-tr-AnaRahminde.mp4\">2013-05-01-tr-AnaRahminde<br><\/a><a href=\"https:\/\/army-of-mahdi.com\/download\/Nazim_Efendi\/2013-05-04-tr-UmmuKhayran.mp4\">2013-05-04-tr-UmmuKhayran<br><\/a><a href=\"https:\/\/army-of-mahdi.com\/download\/Nazim_Efendi\/2013-06-29-tr-MuhurluKagat.mp4\">2013-06-29-tr-MuhurluKagat<br><\/a><a href=\"https:\/\/army-of-mahdi.com\/download\/Nazim_Efendi\/2013-07-02-tr-PeygamberinAgaci.mp4\">2013-07-02-tr-PeygamberinAgaci<br><\/a><a href=\"https:\/\/army-of-mahdi.com\/download\/Nazim_Efendi\/2013-07-03-tr-SeriatVeAnayasa.mp4\">2013-07-03-tr-SeriatVeAnayasa<br><\/a><a href=\"https:\/\/army-of-mahdi.com\/download\/Nazim_Efendi\/2013-07-21-tr-MulkWaMalakut.mp4\">2013-07-21-tr-MulkWaMalakut<br><\/a><a href=\"https:\/\/army-of-mahdi.com\/download\/Nazim_Efendi\/2013-07-23-tr-IlahiMuhur.mp4\">2013-07-23-tr-IlahiMuhur<br><\/a><a href=\"https:\/\/army-of-mahdi.com\/download\/Nazim_Efendi\/2013-08-02-tr-QumuLillahiQanitin.mp4\">2013-08-02-tr-QumuLillahiQanitin<br><\/a><a href=\"https:\/\/army-of-mahdi.com\/download\/Nazim_Efendi\/2013-08-17-tr-AferinKrala.mp4\">2013-08-17-tr-AferinKrala<br><\/a><a href=\"https:\/\/army-of-mahdi.com\/download\/Nazim_Efendi\/2013-08-20-tr-MuslumanKardesler.mp4\">2013-08-20-tr-MuslumanKardesler<br><\/a><a href=\"https:\/\/army-of-mahdi.com\/download\/Nazim_Efendi\/2013-08-25-tr-KamaTadin.mp4\">2013-08-25-tr-KamaTadin<br><\/a><a href=\"https:\/\/army-of-mahdi.com\/download\/Nazim_Efendi\/2013-08-27-tr-Ayarsiz.mp4\">2013-08-27-tr-Ayarsiz<br><\/a><a href=\"https:\/\/army-of-mahdi.com\/download\/Nazim_Efendi\/2013-09-04-tr-AlMalaulAla.mp4\">2013-09-04-tr-AlMalaulAla<br><\/a><a href=\"https:\/\/army-of-mahdi.com\/download\/Nazim_Efendi\/2013-09-19-tr-QalaAllah.mp4\">2013-09-19-tr-QalaAllah<br><\/a><a href=\"https:\/\/army-of-mahdi.com\/download\/Nazim_Efendi\/2013-11-05-tr-Iste.mp4\">2013-11-05-tr-Iste<br><\/a><a href=\"https:\/\/army-of-mahdi.com\/download\/Nazim_Efendi\/2013-11-15-tr-GhulibaturRum.mp4\">2013-11-15-tr-GhulibaturRum<\/a><\/p>\n<\/div>\n\n\n\n<div class=\"wp-block-column is-layout-flow wp-block-column-is-layout-flow\">\n<p><br><a href=\"https:\/\/army-of-mahdi.com\/download\/Nazim_Efendi\/2014-01-22-tr-EnBuyukDers.mp4\">2014-01-22-tr-EnBuyukDers<br><\/a><a href=\"https:\/\/army-of-mahdi.com\/download\/Nazim_Efendi\/2014-01-23-tr-AhlisSafa.mp4\">2014-01-23-tr-AhlisSafa<br><\/a><a href=\"https:\/\/army-of-mahdi.com\/download\/Nazim_Efendi\/2014-01-24-tr-InsanKimdir.mp4\">2014-01-24-tr-InsanKimdir<br><\/a><a href=\"https:\/\/army-of-mahdi.com\/download\/Nazim_Efendi\/2014-01-25-tr-Halifemiz.mp4\">2014-01-25-tr-Halifemiz<br><\/a><a href=\"https:\/\/army-of-mahdi.com\/download\/Nazim_Efendi\/2014-01-27-tr-SultanaYakin.mp4\">2014-01-27-tr-SultanaYakin<br><\/a><a href=\"https:\/\/army-of-mahdi.com\/download\/Nazim_Efendi\/2014-01-28-tr-IlahiSir.mp4\">2014-01-28-tr-IlahiSir<br><\/a><a href=\"https:\/\/army-of-mahdi.com\/download\/Nazim_Efendi\/2014-01-29-tr-AllahuAkba.mp4\">2014-01-29-tr-AllahuAkba<br><\/a><a href=\"https:\/\/army-of-mahdi.com\/download\/Nazim_Efendi\/2014-01-31-tr-GokyuzununBali.mp4\">2014-01-31-tr-GokyuzununBali<br><\/a><a href=\"https:\/\/army-of-mahdi.com\/download\/Nazim_Efendi\/2014-02-01-tr-ZinatulHayatidDunya.mp4\">2014-02-01-tr-ZinatulHayatidDunya<br><\/a><a href=\"https:\/\/army-of-mahdi.com\/download\/Nazim_Efendi\/2014-02-03-tr-MadadYaRasulAllah.mp4\">2014-02-03-tr-MadadYaRasulAllah<br><\/a><a href=\"https:\/\/army-of-mahdi.com\/download\/Nazim_Efendi\/2014-02-06-tr-EnBuyukNasip.mp4\">2014-02-06-tr-EnBuyukNasip<br><\/a><a href=\"https:\/\/army-of-mahdi.com\/download\/Nazim_Efendi\/2014-02-09-tr-YaklasmakSirri.mp4\">2014-02-09-tr-YaklasmakSirri<br><\/a><a href=\"https:\/\/army-of-mahdi.com\/download\/Nazim_Efendi\/2014-02-15-tr-EfendimiziUzme.mp4\">2014-02-15-tr-EfendimiziUzme<br><\/a><a href=\"https:\/\/army-of-mahdi.com\/download\/Nazim_Efendi\/2014-02-16-tr-KainatinAynasi.mp4\">2014-02-16-tr-KainatinAynasi<br><\/a><a href=\"https:\/\/army-of-mahdi.com\/download\/Nazim_Efendi\/2014-02-17-tr-Piramitte.mp4\">2014-02-17-tr-Piramitte<br><\/a><a href=\"https:\/\/army-of-mahdi.com\/download\/Nazim_Efendi\/2014-02-18-tr-Uyuma.mp4\">2014-02-18-tr-Uyuma<br><\/a><a href=\"https:\/\/army-of-mahdi.com\/download\/Nazim_Efendi\/2014-02-21-tr-BirHicIcin.mp4\">2014-02-21-tr-BirHicIcin<br><\/a><a href=\"https:\/\/army-of-mahdi.com\/download\/Nazim_Efendi\/2014-02-22-tr-NeYapalim.mp4\">2014-02-22-tr-NeYapalim<br><\/a><a href=\"https:\/\/army-of-mahdi.com\/download\/Nazim_Efendi\/2014-02-25-tr-HayyinLayyin.mp4\">2014-02-25-tr-HayyinLayyin<br><\/a><a href=\"https:\/\/army-of-mahdi.com\/download\/Nazim_Efendi\/2014-02-26-tr-IyiKullarKimlerdir.mp4\">2014-02-26-tr-IyiKullarKimlerdir<br><\/a><a href=\"https:\/\/army-of-mahdi.com\/download\/Nazim_Efendi\/2014-02-27-tr-RijaldanOl.mp4\">2014-02-27-tr-RijaldanOl<br><\/a><a href=\"https:\/\/army-of-mahdi.com\/download\/Nazim_Efendi\/2014-02-28-tr-GelEyHabibim.mp4\">2014-02-28-tr-GelEyHabibim<br><\/a><a href=\"https:\/\/army-of-mahdi.com\/download\/Nazim_Efendi\/2014-03-05-tr-SuleymanKimdir.mp4\">2014-03-05-tr-SuleymanKimdir<br><\/a><a href=\"https:\/\/army-of-mahdi.com\/download\/Nazim_Efendi\/2014-03-06-tr-124000AlemlerinSultani.mp4\">2014-03-06-tr-124000AlemlerinSultani<br><\/a><a href=\"https:\/\/army-of-mahdi.com\/download\/Nazim_Efendi\/2014-03-09-tr-EdebNedir.mp4\">2014-03-09-tr-EdebNedir<br><\/a><a href=\"https:\/\/army-of-mahdi.com\/download\/Nazim_Efendi\/2014-03-17-tr-EyOglum.mp4\">2014-03-17-tr-EyOglum<\/a><\/p>\n<\/div>\n<\/div>\n\n\n\n<p><\/p>\n","protected":false},"excerpt":{"rendered":"<p>Die letzten Videos von Nazim Efendi Von seinen N\u00e4hsten, aus seinem Hause. Im Namen des Herren. Nazim Efendi, auch bekannt als Nazim Kibrisi war die 40te F\u00fchrung der Nakshibendi Gemeinde und der inoffizielle Kalif der T\u00fcrken. Nach dem Sturz der Osmanen trug er das Kalifat weiter, in seinem Herzen und seinen Worten. Ohne einen Unterschied&hellip; <a class=\"more-link\" href=\"https:\/\/army-of-mahdi.com\/member\/nazim-efendi-40\/\"><span class=\"screen-reader-text\">Nazim-Efendi<\/span> weiterlesen<\/a><\/p>\n","protected":false},"author":1,"featured_media":0,"parent":0,"menu_order":0,"comment_status":"closed","ping_status":"closed","template":"","meta":{"footnotes":""},"class_list":["post-6033","page","type-page","status-publish","hentry","entry"],"_links":{"self":[{"href":"https:\/\/army-of-mahdi.com\/member\/wp-json\/wp\/v2\/pages\/6033","targetHints":{"allow":["GET"]}}],"collection":[{"href":"https:\/\/army-of-mahdi.com\/member\/wp-json\/wp\/v2\/pages"}],"about":[{"href":"https:\/\/army-of-mahdi.com\/member\/wp-json\/wp\/v2\/types\/page"}],"author":[{"embeddable":true,"href":"https:\/\/army-of-mahdi.com\/member\/wp-json\/wp\/v2\/users\/1"}],"replies":[{"embeddable":true,"href":"https:\/\/army-of-mahdi.com\/member\/wp-json\/wp\/v2\/comments?post=6033"}],"version-history":[{"count":86,"href":"https:\/\/army-of-mahdi.com\/member\/wp-json\/wp\/v2\/pages\/6033\/revisions"}],"predecessor-version":[{"id":7681,"href":"https:\/\/army-of-mahdi.com\/member\/wp-json\/wp\/v2\/pages\/6033\/revisions\/7681"}],"wp:attachment":[{"href":"https:\/\/army-of-mahdi.com\/member\/wp-json\/wp\/v2\/media?parent=6033"}],"curies":[{"name":"wp","href":"https:\/\/api.w.org\/{rel}","templated":true}]}}