{"id":6344,"date":"2026-01-27T09:30:29","date_gmt":"2026-01-27T08:30:29","guid":{"rendered":"https:\/\/army-of-mahdi.com\/member\/?page_id=6344"},"modified":"2026-02-26T20:29:13","modified_gmt":"2026-02-26T19:29:13","slug":"mustafa-efendi","status":"publish","type":"page","link":"https:\/\/army-of-mahdi.com\/member\/mustafa-efendi\/","title":{"rendered":"Mustafa Efendi"},"content":{"rendered":"\n<h4 class=\"wp-block-heading has-text-align-left\">Videos \u00fcber Akaid und El-F\u0131khu&#8217;l Ekber<\/h4>\n\n\n\n<p>von Mustafa Efendi<\/p>\n\n\n\n<p>Im Namen des Herren. El-F\u0131khu&#8217;l Ekber, ist das bedeutendste Werk, in der die Rahmen und Grundlagen der islamischen Glaubenslehre (Akaid) festgelegt wurden. Eine Notwendigkeit um in einer Islamischen F\u00fchrung, die Sicherheit und den Frieden zu gew\u00e4hren. Besonders gegen die Ansammlungen der unwahren F\u00fchrungswesen und Glaubensrichtungen, bilden diese Werke der ersten gro\u00dfen Gelehrten, Ansammlungen an wahrer Wissenskraft\u00a9. Die Armee von Mehdi 1438 soll mit Allahs Erlaubnis dort ansetzen, wo Allah, vor 100 Jahren, sein Kalifat lies pausieren.<\/p>\n\n\n\n<p>El-F\u0131khu&#8217;l Ekber, wurde verfasst von Ebu Hanife, m\u00f6ge Allah mit ihm Wohlgefallen haben. Wer Ebu Hanife ist, auch seine Vorgehensweise, wird in den Videos beschrieben. Auf seine Lehre st\u00fctzen sich die Rechtschulen der Ehlu Sunnah Gemeinden. Die Rechtschule von Ebu Hanifa selbst, bildet dabei die gr\u00f6\u00dfte Akzeptanz unter den Muslimen. <\/p>\n\n\n\n<p>Die geehrte Person in den Videos heisst Mustafa Efendi. In diesen seinen Aufnahmen zitiert er wichtige Ausz\u00fcge aus den bedeutendsten Wissensquellen und erkl\u00e4rt auf T\u00fcrkisch, verst\u00e4ndlich mit seinen sch\u00f6nen, auch ernsten Worten. Der Inhalt seiner Reden wurde als Text geschrieben und kann in jede Sprache \u00fcbersetzt werden. Es empfiehlt sich die Geschwindigkeit der Videos zu erh\u00f6hen, da er sehr ruhig ist am reden. \u00dcber die Internet Adresse: <a href=\"https:\/\/hayatveren.de\/\">hayatveren.de<\/a> stehen seine Lehrvideos frei zur Verf\u00fcgung. Die Suchfunktion der Seite eignet sich sehr gut um individuelle Themen herauszufiltern.<\/p>\n\n\n\n<p>Mustafa Efendi geh\u00f6rt zu einem Gelehrten (Alim). Er ist schon verstorben. M\u00f6ge Allah mit ihm Wohlgefallen haben. Seine treuen Sch\u00fcler sind seine Werke weiter am pflegen und fortf\u00fchren. Abdullah Mehdi selber durfte pers\u00f6nlich von ihnen lernen und profitieren. Sie z\u00e4hlen zu den st\u00e4rksten Soldaten der Armee von Mehdi. Genau wie die Sch\u00fcler von Nazim Efendi. Die einen geh\u00f6ren zu den Ehlu-Ilim und die anderen zur Ehlu-Muhabbe. Das eine Bildet den Kopf des K\u00f6rpers und der andere das Herz. Ohne den Kopf bist du in dieser Welt (Dunya) verloren. <\/p>\n\n\n\n<p>Der Mensch ist nur ein Herz am besitzen. In diesem hat der Sch\u00f6pfer ein Platz gelassen. Dein Verstand hat die Wahl zu entscheiden. Wer soll diesen einen Platz besetzen. Wem hast du dein Herz gegeben. Dieser eine Platz geh\u00f6rt nicht den Gelehrten. Auch nicht den Gef\u00e4hrten. Es geh\u00f6rt Allah und seinen Gesandten.<\/p>\n\n\n<hr \/>\n<p>&nbsp;<\/p>\n\n\n<p><a href=\"https:\/\/hayatveren.de\/turkish-english-fikhi-ekber-lesson-24\/\">El-F\u0131khu&#8217;l Ekber &#8211; Unterricht &#8211; 24<br><\/a><a href=\"https:\/\/hayatveren.de\/turkish-english-fikhi-ekber-lesson-25\/\">El-F\u0131khu&#8217;l Ekber &#8211; Unterricht &#8211; 25<br><\/a><a href=\"https:\/\/hayatveren.de\/turkish-english-fikhi-ekber-lesson-26\/\">El-F\u0131khu&#8217;l Ekber &#8211; Unterricht &#8211; 26<br><\/a><a href=\"https:\/\/hayatveren.de\/turkish-english-fikhi-ekber-lesson-27\/\">El-F\u0131khu&#8217;l Ekber &#8211; Unterricht &#8211; 27<br><\/a><a href=\"https:\/\/hayatveren.de\/turkish-english-fikhi-ekber-lesson-28\/\">El-F\u0131khu&#8217;l Ekber &#8211; Unterricht &#8211; 28<br><\/a><a href=\"https:\/\/hayatveren.de\/turkish-english-fikhi-ekber-lesson-29\/\">El-F\u0131khu&#8217;l Ekber &#8211; Unterricht &#8211; 29<br><\/a><a href=\"https:\/\/hayatveren.de\/turkish-english-fikhi-ekber-lesson-30\/\">El-F\u0131khu&#8217;l Ekber &#8211; Unterricht &#8211; 30<br><\/a><a href=\"https:\/\/hayatveren.de\/turkish-english-fikhi-ekber-lesson-31\/\">El-F\u0131khu&#8217;l Ekber &#8211; Unterricht &#8211; 31<br><\/a><a href=\"https:\/\/hayatveren.de\/turkish-english-fikhi-ekber-lesson-32\/\">El-F\u0131khu&#8217;l Ekber &#8211; Unterricht &#8211; 32<br><\/a><a href=\"https:\/\/hayatveren.de\/turkish-english-fikhi-ekber-lesson-33\/\">El-F\u0131khu&#8217;l Ekber &#8211; Unterricht &#8211; 33<br><\/a><a href=\"https:\/\/hayatveren.de\/turkish-english-fikhi-ekber-lesson-34\/\">El-F\u0131khu&#8217;l Ekber &#8211; Unterricht &#8211; 34<br><\/a><a href=\"https:\/\/hayatveren.de\/turkish-english-fikhi-ekber-lesson-35\/\">El-F\u0131khu&#8217;l Ekber &#8211; Unterricht &#8211; 35<br><\/a><a href=\"https:\/\/hayatveren.de\/turkish-english-fikhi-ekber-lesson-36\/\">El-F\u0131khu&#8217;l Ekber &#8211; Unterricht &#8211; 36<br><\/a><a href=\"https:\/\/hayatveren.de\/turkish-english-fikhi-ekber-lesson-1\/\">El-F\u0131khu&#8217;l Ekber &#8211; Unterricht &#8211; 1<br><\/a><a href=\"https:\/\/hayatveren.de\/turkish-english-fikhi-ekber-lesson-2\/\">El-F\u0131khu&#8217;l Ekber &#8211; Unterricht &#8211; 2<br><\/a><a href=\"https:\/\/hayatveren.de\/turkish-english-fikhi-ekber-lesson-3\/\">El-F\u0131khu&#8217;l Ekber &#8211; Unterricht &#8211; 3<br><\/a><a href=\"https:\/\/hayatveren.de\/turkish-english-fikhi-ekber-lesson-4\/\">El-F\u0131khu&#8217;l Ekber &#8211; Unterricht &#8211; 4<br><\/a><a href=\"https:\/\/hayatveren.de\/turkish-english-fikhi-ekber-lesson-5\/\">El-F\u0131khu&#8217;l Ekber &#8211; Unterricht &#8211; 5<br><\/a><a href=\"https:\/\/hayatveren.de\/turkish-english-fikhi-ekber-lesson-6\/\">El-F\u0131khu&#8217;l Ekber &#8211; Unterricht &#8211; 6<br><\/a><a href=\"https:\/\/hayatveren.de\/turkish-english-fikhi-ekber-lesson-7\/\">El-F\u0131khu&#8217;l Ekber &#8211; Unterricht &#8211; 7<br><\/a><a href=\"https:\/\/hayatveren.de\/turkish-english-fikhi-ekber-lesson-8\/\">El-F\u0131khu&#8217;l Ekber &#8211; Unterricht &#8211; 8<br><\/a><a href=\"https:\/\/hayatveren.de\/turkish-english-fikhi-ekber-lesson-9\/\">El-F\u0131khu&#8217;l Ekber &#8211; Unterricht &#8211; 9<br><\/a><a href=\"https:\/\/hayatveren.de\/turkish-english-fikhi-ekber-lesson-10\/\">El-F\u0131khu&#8217;l Ekber &#8211; Unterricht &#8211; 10<br><\/a><a href=\"https:\/\/hayatveren.de\/turkish-english-fikhi-ekber-lesson-11\/\">El-F\u0131khu&#8217;l Ekber &#8211; Unterricht &#8211; 11<br><\/a><a href=\"https:\/\/hayatveren.de\/turkish-english-fikhi-ekber-lesson-12\/\">El-F\u0131khu&#8217;l Ekber &#8211; Unterricht &#8211; 12<br><\/a><a href=\"https:\/\/hayatveren.de\/turkish-english-fikhi-ekber-lesson-13\/\">El-F\u0131khu&#8217;l Ekber &#8211; Unterricht &#8211; 13<br><\/a><a href=\"https:\/\/hayatveren.de\/turkish-english-fikhi-ekber-lesson-14\/\">El-F\u0131khu&#8217;l Ekber &#8211; Unterricht &#8211; 14<br><\/a><a href=\"https:\/\/hayatveren.de\/turkish-english-fikhi-ekber-lesson-15\/\">El-F\u0131khu&#8217;l Ekber &#8211; Unterricht &#8211; 15<br><\/a><a href=\"https:\/\/hayatveren.de\/turkish-english-fikhi-ekber-lesson-16\/\">El-F\u0131khu&#8217;l Ekber &#8211; Unterricht &#8211; 16<br><\/a><a href=\"https:\/\/hayatveren.de\/turkish-english-fikhi-ekber-lesson-17\/\">El-F\u0131khu&#8217;l Ekber &#8211; Unterricht &#8211; 17<br><\/a><a href=\"https:\/\/hayatveren.de\/turkish-english-fikhi-ekber-lesson-18\/\">El-F\u0131khu&#8217;l Ekber &#8211; Unterricht &#8211; 18<br><\/a><a href=\"https:\/\/hayatveren.de\/turkish-english-fikhi-ekber-lesson-19\/\">El-F\u0131khu&#8217;l Ekber &#8211; Unterricht &#8211; 19<br><\/a><a href=\"https:\/\/hayatveren.de\/turkish-english-fikhi-ekber-lesson-20\/\">El-F\u0131khu&#8217;l Ekber &#8211; Unterricht &#8211; 20<br><\/a><a href=\"https:\/\/hayatveren.de\/turkish-english-fikhi-ekber-lesson-21\/\">El-F\u0131khu&#8217;l Ekber &#8211; Unterricht &#8211; 21<br><\/a><a href=\"https:\/\/hayatveren.de\/turkish-english-fikhi-ekber-lesson-22\/\">El-F\u0131khu&#8217;l Ekber &#8211; Unterricht &#8211; 22<br><\/a><a href=\"https:\/\/hayatveren.de\/turkish-english-fikhi-ekber-lesson-23\/\">El-F\u0131khu&#8217;l Ekber &#8211; Unterricht &#8211; 23<\/a><\/p>\n\n\n\n<p><\/p>\n","protected":false},"excerpt":{"rendered":"<p>Videos \u00fcber Akaid und El-F\u0131khu&#8217;l Ekber von Mustafa Efendi Im Namen des Herren. El-F\u0131khu&#8217;l Ekber, ist das bedeutendste Werk, in der die Rahmen und Grundlagen der islamischen Glaubenslehre (Akaid) festgelegt wurden. Eine Notwendigkeit um in einer Islamischen F\u00fchrung, die Sicherheit und den Frieden zu gew\u00e4hren. Besonders gegen die Ansammlungen der unwahren F\u00fchrungswesen und Glaubensrichtungen, bilden&hellip; <a class=\"more-link\" href=\"https:\/\/army-of-mahdi.com\/member\/mustafa-efendi\/\"><span class=\"screen-reader-text\">Mustafa Efendi<\/span> weiterlesen<\/a><\/p>\n","protected":false},"author":1,"featured_media":0,"parent":0,"menu_order":0,"comment_status":"closed","ping_status":"closed","template":"","meta":{"footnotes":""},"class_list":["post-6344","page","type-page","status-publish","hentry","entry"],"_links":{"self":[{"href":"https:\/\/army-of-mahdi.com\/member\/wp-json\/wp\/v2\/pages\/6344","targetHints":{"allow":["GET"]}}],"collection":[{"href":"https:\/\/army-of-mahdi.com\/member\/wp-json\/wp\/v2\/pages"}],"about":[{"href":"https:\/\/army-of-mahdi.com\/member\/wp-json\/wp\/v2\/types\/page"}],"author":[{"embeddable":true,"href":"https:\/\/army-of-mahdi.com\/member\/wp-json\/wp\/v2\/users\/1"}],"replies":[{"embeddable":true,"href":"https:\/\/army-of-mahdi.com\/member\/wp-json\/wp\/v2\/comments?post=6344"}],"version-history":[{"count":49,"href":"https:\/\/army-of-mahdi.com\/member\/wp-json\/wp\/v2\/pages\/6344\/revisions"}],"predecessor-version":[{"id":7035,"href":"https:\/\/army-of-mahdi.com\/member\/wp-json\/wp\/v2\/pages\/6344\/revisions\/7035"}],"wp:attachment":[{"href":"https:\/\/army-of-mahdi.com\/member\/wp-json\/wp\/v2\/media?parent=6344"}],"curies":[{"name":"wp","href":"https:\/\/api.w.org\/{rel}","templated":true}]}}