{"id":6762,"date":"2026-02-20T15:25:54","date_gmt":"2026-02-20T14:25:54","guid":{"rendered":"https:\/\/army-of-mahdi.com\/member\/?page_id=6762"},"modified":"2026-03-27T08:23:16","modified_gmt":"2026-03-27T07:23:16","slug":"heilstrom-sonnenmondlicht","status":"publish","type":"page","link":"https:\/\/army-of-mahdi.com\/member\/heilstrom-sonnenmondlicht\/","title":{"rendered":"Heilstrom-Sonnenmondlicht"},"content":{"rendered":"\n<figure class=\"wp-block-image size-large\"><img decoding=\"async\" src=\"https:\/\/army-of-mahdi.com\/download\/heilstrom\/AbdullahMehdi100\u00a9Sonnenmondlicht.jpg\" alt=\"\"\/><\/figure>\n\n\n\n<h4 class=\"wp-block-heading\">Sonnenmondlicht\u00a9 Technologie<br>Heilstrom durch Lichtpaneele<\/h4>\n\n\n\n<p>von AbdullahMehdi100\u00a9<\/p>\n\n\n\n<p>Die Sonnenmondlicht\u00a9 Technologie eignet sich sehr gut, um das Prinzip der Zeitenkr\u00e4fte\u00a9 zu erkl\u00e4ren. Weil der Sonnenuntergang ist den Menschen am t\u00e4uschen. Auch seine M\u00fcdigkeit, die damit ist verbunden. In Wahrheit ist in den Zeitenkr\u00e4ften, weder die Sonne untergegangen, noch brauchte der Mensch sich erm\u00fcden oder \u00e4lter werden. Der Jenseitige Strom aus dem Segen 10 (Bereket) des Herren, ist permanent am flie\u00dfen. Es wechselt im Diesseits nur seine Zeiten. Und zwar \u00fcber die Dimension 5 des Menschen, diesem Halbsegen. Der Mensch selbst ist in seiner Materie auf die Fl\u00e4che der Erde bezogen. So ist es m\u00f6glich, mit Entfernungen \u00fcber der Erdoberfl\u00e4che, die vergangenen Kr\u00e4fte zur\u00fcck zu holen. Beziehungsweise, beide Zeiten zu verbinden.<\/p>\n\n\n\n<p>In diesem Stromlaufplan wird die Kraft durch das Licht, mit Hilfe der Paneele aus der Erde erhoben. \u00dcber die Pole der beiden Zeiten. In dimensional 3 versetzten Ma\u00dfen, um es auf die Materie wirken zu lassen. Von der einen Seite bestrahlt durch die Sonne, der starken Zukunft der Erde und von der anderen Seite, zur gleichen Zeit, aus dem Mondlicht in der Nacht, der Vergangenheit der Erde. Der Strom der Zukunft wird so mit seiner Vergangenheit verbunden. \u00dcber diesen Fluss l\u00e4sst sich der Heilstrom\u00a9 aus der Dimension 5 des Menschen, dem Goldenen Schnitt D5 entnehmen. Und \u00fcber die Gegenwart der Erde D4 ableiten. Auch durch den menschlichen K\u00f6rper leiten. Die Aufladung vom normalem Strom hingegen beschleunigt den zeitlichen Prozess der Materie beim Entladen. Der Heilstrom\u00a9 jedoch ist in der Zeit am Neutralisieren. Diese Aufladung l\u00e4sst schweben. Oder Gewebe heilen. Mehr Informationen zum Heilstrom\u00a9 erf\u00e4hrst du unter: army-of-mahdi.com<\/p>\n\n\n\n<hr class=\"wp-block-separator has-alpha-channel-opacity\"\/>\n\n\n\n<p>In der Neutralit\u00e4t des Heilstroms wachsen keine Haare. Die Neutralit\u00e4t des Heilstroms, ist einen paradiesischen Zustand der menschlichen Materie am bewirken. Er braucht in diesem Zustand auch keine Nahrung zu sich zu nehmen. Sogar brauch er nicht Atmen und ist dennoch am leben. Mit diesem &#8222;Nur&#8220; ist der K\u00f6rper keine weitere Kraft am ben\u00f6tigen. Er speist nur zum genie\u00dfen und bedarf nicht das essen. Das Bewusstsein des Menschen ist nicht bezogen auf das zeitliche verhalten des Materiellen. Die gegenw\u00e4rtige Wahrnehmung des Menschen, ist schon diese Neutrale zwischen allen Dimensionen.<\/p>\n","protected":false},"excerpt":{"rendered":"<p>Sonnenmondlicht\u00a9 TechnologieHeilstrom durch Lichtpaneele von AbdullahMehdi100\u00a9 Die Sonnenmondlicht\u00a9 Technologie eignet sich sehr gut, um das Prinzip der Zeitenkr\u00e4fte\u00a9 zu erkl\u00e4ren. Weil der Sonnenuntergang ist den Menschen am t\u00e4uschen. Auch seine M\u00fcdigkeit, die damit ist verbunden. In Wahrheit ist in den Zeitenkr\u00e4ften, weder die Sonne untergegangen, noch brauchte der Mensch sich erm\u00fcden oder \u00e4lter werden. Der&hellip; <a class=\"more-link\" href=\"https:\/\/army-of-mahdi.com\/member\/heilstrom-sonnenmondlicht\/\"><span class=\"screen-reader-text\">Heilstrom-Sonnenmondlicht<\/span> weiterlesen<\/a><\/p>\n","protected":false},"author":1,"featured_media":0,"parent":0,"menu_order":0,"comment_status":"closed","ping_status":"closed","template":"","meta":{"footnotes":""},"class_list":["post-6762","page","type-page","status-publish","hentry","entry"],"_links":{"self":[{"href":"https:\/\/army-of-mahdi.com\/member\/wp-json\/wp\/v2\/pages\/6762","targetHints":{"allow":["GET"]}}],"collection":[{"href":"https:\/\/army-of-mahdi.com\/member\/wp-json\/wp\/v2\/pages"}],"about":[{"href":"https:\/\/army-of-mahdi.com\/member\/wp-json\/wp\/v2\/types\/page"}],"author":[{"embeddable":true,"href":"https:\/\/army-of-mahdi.com\/member\/wp-json\/wp\/v2\/users\/1"}],"replies":[{"embeddable":true,"href":"https:\/\/army-of-mahdi.com\/member\/wp-json\/wp\/v2\/comments?post=6762"}],"version-history":[{"count":51,"href":"https:\/\/army-of-mahdi.com\/member\/wp-json\/wp\/v2\/pages\/6762\/revisions"}],"predecessor-version":[{"id":7626,"href":"https:\/\/army-of-mahdi.com\/member\/wp-json\/wp\/v2\/pages\/6762\/revisions\/7626"}],"wp:attachment":[{"href":"https:\/\/army-of-mahdi.com\/member\/wp-json\/wp\/v2\/media?parent=6762"}],"curies":[{"name":"wp","href":"https:\/\/api.w.org\/{rel}","templated":true}]}}