{"id":6777,"date":"2026-02-20T17:21:33","date_gmt":"2026-02-20T16:21:33","guid":{"rendered":"https:\/\/army-of-mahdi.com\/member\/?page_id=6777"},"modified":"2026-03-06T02:01:56","modified_gmt":"2026-03-06T01:01:56","slug":"heiltrom-mosessteinweg","status":"publish","type":"page","link":"https:\/\/army-of-mahdi.com\/member\/heiltrom-mosessteinweg\/","title":{"rendered":"Heilstrom-Mosessteinweg"},"content":{"rendered":"\n<figure class=\"wp-block-image size-large\"><img decoding=\"async\" src=\"https:\/\/army-of-mahdi.com\/download\/heilstrom\/AbdullahMehdi100\u00a9Mosessteinweg.jpg\" alt=\"\"\/><\/figure>\n\n\n\n<h4 class=\"wp-block-heading\">Mosessteinweg\u00a9 Technologie <br>Heilstrom durch Gestein<\/h4>\n\n\n\n<p>von AbdullahMehdi100\u00a9<\/p>\n\n\n\n<p><strong>Heilstrom\u00a9 Abstrahl-Bauwerk<\/strong><\/p>\n\n\n\n<p>Diese gro\u00dfe Pyramide konnte den Heilstrom\u00a9 in dessen Inneren erzeugen. Die Zeitenkr\u00e4fte\u00a9 von Sonne und Mond wurden \u00fcber dimensional versetzte R\u00e4ume verbunden. Das Bauwerk wurde mit dieser zeitlich neutralen Kraft aufgeladen. Und konnte es in alle 4 Himmelsrichtungen nat\u00fcrlich abstrahlen. Damit Ger\u00e4te mit Heilstrom\u00a9 Technik, dieses \u00fcber den Raum nutzen k\u00f6nnen. Der Heilstrom\u00a9 erm\u00f6glicht das Schweben, auch die Heilung der Geweben. Mehr \u00fcber diese besondere Kraft erf\u00e4hrst du unter: army-of-mahdi.com<\/p>\n\n\n\n<p><strong>Heilstrom\u00a9 Stein<\/strong>&#8211;<strong>Sendemast<\/strong><\/p>\n\n\n\n<p>Die Obelisken haben sich durch die Strahlung der Pyramiden, \u00fcber den Raum aufgeladen. Sie dienten, um die aufgeladene Kraft weiterzuleiten.<\/p>\n\n\n\n<p><strong>Heilstrom\u00a9 Gewinnung durch 3 Pyramiden<\/strong><\/p>\n\n\n\n<p>Die Str\u00f6me wurden in dieser Technik auf 3 Pyramiden geladen. Aus der Erde, zeitlich versetzt gezogen, mittels dimensionalen Ma\u00dfen und Steinen. Die Pyramiden konnten durch ihre Vorm, sich an den Spannungsaufbau der Zeitenkr\u00e4fte\u00a9 \u00fcber die Himmelsrichtungen binden und so den Heilstrom\u00a9 erzeugen und speichern. Die Aufgeladenen Kr\u00e4fte wurden durch den Raum strahlend wieder verbunden.<\/p>\n\n\n\n<p><strong>Heilstrom\u00a9 Gewinnung unter Berggestein<\/strong><\/p>\n\n\n\n<p>Die Str\u00f6me wurden in dieser Technik \u00fcber Leitungsg\u00e4nge verbunden. Man lie\u00df die Kr\u00e4fte in versetzten R\u00e4umen, dimensional teilen. Der Heilstrom\u00a9 wurde aus dem mittleren Raum entnommen. Der Haupteingang ist im Idealfall mit dem Berggestein verbunden, in diesem sind die&nbsp;Zeitenkr\u00e4fte\u00a9 in nat\u00fcrlicher vorm geladen. Der Anodenstein dient um einen Potenzialunterschied zu den Steing\u00e4ngen zu bilden.<\/p>\n\n\n\n<p><strong>Heilstrom\u00a9 Entnahme aus Stein-T\u00fcr<\/strong><\/p>\n\n\n\n<p>Die T\u00fcren, welche die \u00c4gyptologen &#8222;Scheint\u00fcren&#8220; genannt haben, sind in Wahrheit T\u00fcren, aus denen man den aufgeladenen Heilstrom\u00a9 aus dem Gestein kann entnehmen. Die Ma\u00dfe solcher T\u00fcren sind dimensional so in den Stein geschnitten, dass sie die Kr\u00e4fte, in dessen Mitten b\u00fcndeln. Bei einer hohen Aufladung war der Heilstrom\u00a9 an diesem einen Punkt im Raum am leuchten gewesen.<\/p>\n\n\n\n<p>1, 2 Trennung und B\u00fcndelung der Zeitenkr\u00e4fte\u00a9 zuk\u00fcnftige Ebene.<br>5 Heilstrom\u00a9 Abgriffspunkt, Stromkreis wird im Raum geschlossen \u00fcber D5.<br>3, 4 Trennung und B\u00fcndelung der Zeitenkr\u00e4fte\u00a9 vergangenen Ebene.<\/p>\n\n\n\n<p><strong>Heilstrom\u00a9 Hand-Empf\u00e4nger<\/strong><\/p>\n\n\n\n<p>Zum entnehmen des abgestrahlten Heilstroms \u00fcber den Raum<\/p>\n\n\n\n<p>T-Handantenne<br>Stromkreis wird \u00fcber den Menschen nat\u00fcrlich verbunden<br>Heilstrom\u00a9 (F\u00fchlen m\u00f6glich)<\/p>\n\n\n\n<p>2 Pol Verbraucher<br>Stromkreis wird intern geschlossen<br>Normal Strom (Licht \/ W\u00e4rme m\u00f6glich)<\/p>\n\n\n\n<p>4 Pol Verbraucher<br>Stromkreis wird intern geschlossen<br>Heilstrom\u00a9 (Leichtkraft m\u00f6glich)<\/p>\n\n\n\n<p>T-Stabantenne<br>Stromkreis wird \u00fcber den Menschen nat\u00fcrlich verbunden<br>Heilstrom\u00a9 (F\u00fchlen m\u00f6glich)<\/p>\n\n\n\n<hr class=\"wp-block-separator has-alpha-channel-opacity\"\/>\n\n\n\n<p>Das einige Pharaonen, nach ihrem Tod in diesen Anoden\/S\u00e4rge sich Mumifizieren lie\u00dfen, ist nur am Beweisen, dass sie versucht haben, trotz ihres diesseitigen Ablebens, von den unsichtbaren Kr\u00e4ften und Str\u00f6men des Herren, ein Vorteil zu erzielen. Schau nur, wie sehr sie im Nachteil liegen und am Diesseits hingen. Wie tote Ratten, im Sicherungskasten. Sie waren nicht besser, nur weil sie Reichtum besa\u00dfen. Aus der Erde hat der Herr uns erschaffen und zu Allah kehren unsere Taten. Er wird und zweifelsfrei Erwecken und befragen.<\/p>\n\n\n\n<p>Das Wissen \u00fcber den Heilstrom\u00a9 und es im Diesseits erzeugen zu k\u00f6nnen, wussten diese Pharaonen. Ihr Volk lie\u00dfen sie jedoch, wie Tiere in der Unwissenheit weilen. Und haben sie ausgenutzt mit Arbeit und Steuer Abgaben. An den Steinbildern, die sie in den Felsen hauen lie\u00dfen, kann man den unwahren Stolz dieser Pharaonen erkennen. Auch wie sie die wundersamen Kr\u00e4fte des Heilstroms benutzt haben, um sich als G\u00f6tter verherrlichen zu lassen. Der Prophet Moses (as), durfte mit Allahs Hilfe deren Betrug beenden. Und nach Muhammed (sav), dem Letzten Propheten, konnten solche Pharaonen, nicht mehr in der \u00d6ffentlichkeit auftreten. Schau nur, die Kinofilme sind die Steinbilder der Heutigen. Und die Steuerabgaben sind immer noch deren Einnahmen. Auch die Pyramide ist auf ihrem Geld zu erkennen. Sie wissen, ihr b\u00f6ses spiel wird ein Ende finden. <\/p>\n\n\n\n<p>Die Pharaonen dieser Zeit, k\u00f6nnen sich zwar nicht der \u00d6ffentlichkeit als Gott verk\u00fcnden, solange die Muslime am Quran festhalten. Jedoch haben diese \u00dcbelt\u00e4ter noch mehr Geld und M\u00f6glichkeiten wie die der zu vorigen. Sie kaufen sich einfach die Ehrenlosen. Deren Politik ist nur ein Spiel (Party und Oyun) gegen Allah und den Gl\u00e4ubigen. Zudem wissen diese Juden, zweifelsfrei dass sie zu der unwahren Macht geh\u00f6ren. Und m\u00fcssen die Unwahrheit bewerben, um der nat\u00fcrlichen Verbreitung des Islam entgegen zu wirken. Mit \u00f6ffentlichen Perversionen, Alkoholkonsum, Gl\u00fccksspielen und alles M\u00f6gliche was zur Schande und Chaos f\u00fchrt, f\u00f6rdern sie im Volke ihrer Beherrschten. Allah hat Recht und ist gar nicht abh\u00e4ngig von irgendjemanden. Die H\u00f6lle ist voll nur mit get\u00e4uschten. Welche das Verg\u00e4ngliche gew\u00e4hlt haben, anstelle des Ewigen. Die Tiere haben eine besseres Schicksal als diese ewigen Ungl\u00e4ubigen. Sogar der Teufel pers\u00f6nlich wird am Ende sich von seinen Opfern l\u00f6sen, und Allah die h\u00f6chste Macht zuschreiben. Oh ihr Juden, der Satan hat euch betrogen. Deshalb k\u00f6nnt ihr euch den Tod gar nicht w\u00fcnschen. Der Tod wird euch jedoch erreichen. So wie allen anderen. Auch diesen Dajjal, den Antichristen, der \u00fcber die D5 Leitung in Mekka versucht nicht alt zu werden. Ist der Herr den nicht in der Lage uns wieder zu erwecken, obwohl er uns das erste mal gab leben. Wie sehr seit ihr falsch \u00fcber Allah am denken.<\/p>\n\n\n\n<p><\/p>\n","protected":false},"excerpt":{"rendered":"<p>Mosessteinweg\u00a9 Technologie Heilstrom durch Gestein von AbdullahMehdi100\u00a9 Heilstrom\u00a9 Abstrahl-Bauwerk Diese gro\u00dfe Pyramide konnte den Heilstrom\u00a9 in dessen Inneren erzeugen. Die Zeitenkr\u00e4fte\u00a9 von Sonne und Mond wurden \u00fcber dimensional versetzte R\u00e4ume verbunden. Das Bauwerk wurde mit dieser zeitlich neutralen Kraft aufgeladen. Und konnte es in alle 4 Himmelsrichtungen nat\u00fcrlich abstrahlen. Damit Ger\u00e4te mit Heilstrom\u00a9 Technik, dieses&hellip; <a class=\"more-link\" href=\"https:\/\/army-of-mahdi.com\/member\/heiltrom-mosessteinweg\/\"><span class=\"screen-reader-text\">Heilstrom-Mosessteinweg<\/span> weiterlesen<\/a><\/p>\n","protected":false},"author":1,"featured_media":0,"parent":0,"menu_order":0,"comment_status":"closed","ping_status":"closed","template":"","meta":{"footnotes":""},"class_list":["post-6777","page","type-page","status-publish","hentry","entry"],"_links":{"self":[{"href":"https:\/\/army-of-mahdi.com\/member\/wp-json\/wp\/v2\/pages\/6777","targetHints":{"allow":["GET"]}}],"collection":[{"href":"https:\/\/army-of-mahdi.com\/member\/wp-json\/wp\/v2\/pages"}],"about":[{"href":"https:\/\/army-of-mahdi.com\/member\/wp-json\/wp\/v2\/types\/page"}],"author":[{"embeddable":true,"href":"https:\/\/army-of-mahdi.com\/member\/wp-json\/wp\/v2\/users\/1"}],"replies":[{"embeddable":true,"href":"https:\/\/army-of-mahdi.com\/member\/wp-json\/wp\/v2\/comments?post=6777"}],"version-history":[{"count":56,"href":"https:\/\/army-of-mahdi.com\/member\/wp-json\/wp\/v2\/pages\/6777\/revisions"}],"predecessor-version":[{"id":7196,"href":"https:\/\/army-of-mahdi.com\/member\/wp-json\/wp\/v2\/pages\/6777\/revisions\/7196"}],"wp:attachment":[{"href":"https:\/\/army-of-mahdi.com\/member\/wp-json\/wp\/v2\/media?parent=6777"}],"curies":[{"name":"wp","href":"https:\/\/api.w.org\/{rel}","templated":true}]}}