{"id":6793,"date":"2026-02-20T20:14:49","date_gmt":"2026-02-20T19:14:49","guid":{"rendered":"https:\/\/army-of-mahdi.com\/member\/?page_id=6793"},"modified":"2026-04-04T08:01:10","modified_gmt":"2026-04-04T06:01:10","slug":"heilstrom-mehdikraft","status":"publish","type":"page","link":"https:\/\/army-of-mahdi.com\/member\/heilstrom-mehdikraft\/","title":{"rendered":"Heilstrom-MehdiKraft"},"content":{"rendered":"\n<figure class=\"wp-block-image size-large\"><img decoding=\"async\" src=\"https:\/\/army-of-mahdi.com\/download\/heilstrom\/AbdullahMehdi100\u00a9MehdiKraft.jpg\" alt=\"\"\/><\/figure>\n\n\n\n<h4 class=\"wp-block-heading\">MehdiKraft\u00a9 Technologie <br>Heilstrom \u00fcber die Pole &amp; Mekka<\/h4>\n\n\n\n<p>von AbdullahMehdi100\u00a9<\/p>\n\n\n\n<p>Die MehdiKraft\u00a9 Technologie verbindet das Wissen der Zeitenkr\u00e4fte\u00a9 und den Heilstrom\u00a9, mit dessen Urquelle. Dieser Heilige Ort in Mekka ist der Goldene Schnitt, die Verbindung der Dimension 5 zwischen Himmel und Erden. \u00dcber diesen Ort kann die Heilstrom\u00a9 Technik, mit der h\u00f6chsten Zeitenfl\u00e4che verbunden werden. Diese M\u00f6glichkeit \u00f6ffnet ein zeitloses Portal durch die Dimension 5 auf die ganze Erdfl\u00e4chen. Die MehdiKraft\u00a9 Technologie verwendet daf\u00fcr die Technik vom Zeitantrieb\u00a9, \u00fcber den Raum \u00fcbertragen. Die ben\u00f6tigten Wechselstrom Kraftfeld-generatoren liegen als Bodenstationen in den Polen. 3 St\u00fcck verteilt im S\u00fcden, in den \u00e4u\u00dferen Eisringen. Und eine mitten im Norden. \u00dcber eine T-Antenne wird die Verbindung zum Heilstrom\u00a9 am Heiligen Ort Mekka empfangen. Die Antenne des ZamZam Towers eignet sich ideal um auch hohe Strecken und Geb\u00e4ude zu \u00fcberwinden. Die Ger\u00e4te mit Heilstrom\u00a9 Technologie sind nicht von dem Abgriff in Mekka abh\u00e4ngig, sie k\u00f6nnen durch die erzeugte Wirkung der Kraftfelder in den Polen, weiter den Heilstrom\u00a9 intern generieren und speichern.<\/p>\n\n\n\n<p>Die Neutralit\u00e4t des Heilstroms wird benutzt um schwebend fliegen zu k\u00f6nnen. Schwere Gewichte und gro\u00dfe Massen k\u00f6nnen so um die ganze Erde schwerelos bef\u00f6rdert werden. Die Taktung von 50 Hz und 60 Hz von Europa und Amerika ist ideal daf\u00fcr gegeben. Die MehdiKraft\u00a9 Technologie ist nicht nur f\u00fcr die Heilstrom\u00a9 Gewinnung, sondern auch um gegenw\u00e4rtige Stromkraft, kabellos durch den Raum, \u00fcber die gesamte Erde zu Nutzen. Mehr Informationen zum Heilstrom\u00a9 und seinen besonderen Eigenschaften erf\u00e4hrst du unter: army-of-mahdi.com<\/p>\n\n\n\n<p>Um alles weltliche Kraft auf die MehdiKraft\u00a9 Technologie wirken zu lassen, kombiniert dieses Wissen, auch die anderen Techniken des Herren. Mit der Sonnenmondlicht\u00a9 Technologie wird es verst\u00e4rkt an die Zeitenkr\u00e4fte\u00a9 gebunden. Mit der Salomonswind\u00a9 Technologie, an die starke Stromkraft der Winden. Und mit Hzrsozean\u00a9 an die gewaltige Spannungskraft der Meeren. Eine Riesen Stadt k\u00f6nnte mit diesen Kr\u00e4ften \u00fcber den Wolken schweben..<\/p>\n\n\n\n<p>Die 4 Himmelsrichtungen, die zum Norden hin sich schlie\u00dfen, k\u00f6nnen die Bodenstationen benutzen, um \u00fcber deren reflektion, die abgestrahlten Kr\u00e4fte auf einen Bereich auf der Erde zu richten. Um dadurch die Heilstromgewinnung oder Stromerzeugung an diesem Ort zu verst\u00e4rken.<\/p>\n\n\n\n<h4 class=\"wp-block-heading\">Heilstrom\u00a9 Verbindungs-Hochhaus<\/h4>\n\n\n\n<p>Die Spitze vom ZamZam Tower (Royal Tower Clock) mit 601 Metern. Diese Konstruktion w\u00e4re ideal geeignet f\u00fcr die MehdiKraft\u00a9 Technologie.<\/p>\n\n\n\n<p><strong>Zeitebene D3<\/strong>. Diese T-Antenne empf\u00e4ngt die Spannungen aus den Kraftfeldern, die sich in den Polen befinden. Die Taktung 50 Hz gilt als der Pol aus dem der Strom hin zu 60 Hz kann flie\u00dfen. Aus diesem Potenzialunterschied, kann die Heilstrom\u00a9 Verbindung seine Kraft \u00fcber den Raum beziehen.<\/p>\n\n\n\n<p>Die geb\u00fcndelten Str\u00f6me der T-Antenne werden \u00fcber die Metall Konstruktion weitergeleitet auf die Fl\u00e4che der Antennen, welche genau darunter im Goldenen Schnitt liegen. Diese Kraft wird Ber\u00fchrungslos auf die Antennen \u00fcbertragen.<\/p>\n\n\n\n<p><strong>Zeitebene D2, Goldener Schnitt D5 Heilstrom\u00a9 Zugriff<\/strong>. Die Heilstrom\u00a9 Verbindung D5 erfolgt \u00fcber die Ebene dieser Antennen auf den S\u00e4ulen. Dies ist die Dimension 5 Ebene aus dem 10 Hz unterschied der Kraftfeld Generatoren. Der Goldenen Schnitt gebaut vom Menschen, auf dem Goldenen Schnitt der Erden. In Mekka, neben dem Haus von Allah. Schau nur, genau auf dieser H\u00f6he ist der Elif von Allah am rufen. Es gibt keine Macht und Kraft au\u00dfer Allah dem Einzigen. Abdullah Mehdi ist der F\u00fchrer der Gl\u00e4ubigen.<\/p>\n\n\n\n<p><strong>Zeitebene D1<\/strong>. Diese unterste Ebene mit den Antennen, ist das 60 Hz grenzpotenzial am bilden. Es ist in diesem Fall die Ebene der Erden. In \u00fcber 500 Meter h\u00f6hen.<\/p>\n\n\n\n<hr class=\"wp-block-separator has-alpha-channel-opacity\"\/>\n\n\n\n<p>Der T\u00fcrke w\u00fcrde sagen, soll ich lachen oder weinen. Du musst weinen. Schau nur, die Juden haben sich ran geschlichen. \u00dcber die K\u00f6nige der Saudischen. Um ihre Kaaba gr\u00f6\u00dfer zu bauen. Als die von den Muslimen. Weil sie Wissen, \u00fcber diesen Ort k\u00f6nnen sie beherrschen. Jeden, bis auf den Gl\u00e4ubigen. Mit dem ZamZam Tower haben diese Ungl\u00e4ubigen, erobert das Herz auf Erden. Aber nur im Geheimen. Das ist der gr\u00f6\u00dfte Triumph dieser Unwahren. Ihre H\u00e4user hatten sie schon damals in Brand gesteckt, nach dem sie fliehen mussten. Der Quran ist uns davon am berichten. Dieser Brand vom ZamZam Tower, k\u00f6nnte jedoch ganz Mekka vernichten.<\/p>\n\n\n\n<p>Das k\u00f6nigliche Haus des Antichristen Dajjal hat einen gr\u00f6\u00dferen Wert f\u00fcr die Juden, als wie die Kaaba f\u00fcr die Muslimen. Weil die Kaaba ist nur gebaut auf Steinen. Der Gl\u00e4ubige ist mit Allah verbunden, \u00fcber seinen lebendigen Herzen. Nicht so diese Juden. Deren Herzen wurden versiegelt und k\u00f6nnen nur \u00fcber die Technik, mit der diesseitigen Macht verbunden bleiben. Sie haben diesen Weg nach ihrem Propheten Moses eingeschlagen. Die diesseitige Macht, darf auch ein Nichtmuslim beherrschen. Das Wasser wird das letzte sein womit sie versuchen, \u00fcber die Welt zu Herrschen. <\/p>\n\n\n\n<p><\/p>\n","protected":false},"excerpt":{"rendered":"<p>MehdiKraft\u00a9 Technologie Heilstrom \u00fcber die Pole &amp; Mekka von AbdullahMehdi100\u00a9 Die MehdiKraft\u00a9 Technologie verbindet das Wissen der Zeitenkr\u00e4fte\u00a9 und den Heilstrom\u00a9, mit dessen Urquelle. Dieser Heilige Ort in Mekka ist der Goldene Schnitt, die Verbindung der Dimension 5 zwischen Himmel und Erden. \u00dcber diesen Ort kann die Heilstrom\u00a9 Technik, mit der h\u00f6chsten Zeitenfl\u00e4che verbunden werden.&hellip; <a class=\"more-link\" href=\"https:\/\/army-of-mahdi.com\/member\/heilstrom-mehdikraft\/\"><span class=\"screen-reader-text\">Heilstrom-MehdiKraft<\/span> weiterlesen<\/a><\/p>\n","protected":false},"author":1,"featured_media":0,"parent":0,"menu_order":0,"comment_status":"closed","ping_status":"closed","template":"","meta":{"footnotes":""},"class_list":["post-6793","page","type-page","status-publish","hentry","entry"],"_links":{"self":[{"href":"https:\/\/army-of-mahdi.com\/member\/wp-json\/wp\/v2\/pages\/6793","targetHints":{"allow":["GET"]}}],"collection":[{"href":"https:\/\/army-of-mahdi.com\/member\/wp-json\/wp\/v2\/pages"}],"about":[{"href":"https:\/\/army-of-mahdi.com\/member\/wp-json\/wp\/v2\/types\/page"}],"author":[{"embeddable":true,"href":"https:\/\/army-of-mahdi.com\/member\/wp-json\/wp\/v2\/users\/1"}],"replies":[{"embeddable":true,"href":"https:\/\/army-of-mahdi.com\/member\/wp-json\/wp\/v2\/comments?post=6793"}],"version-history":[{"count":38,"href":"https:\/\/army-of-mahdi.com\/member\/wp-json\/wp\/v2\/pages\/6793\/revisions"}],"predecessor-version":[{"id":7724,"href":"https:\/\/army-of-mahdi.com\/member\/wp-json\/wp\/v2\/pages\/6793\/revisions\/7724"}],"wp:attachment":[{"href":"https:\/\/army-of-mahdi.com\/member\/wp-json\/wp\/v2\/media?parent=6793"}],"curies":[{"name":"wp","href":"https:\/\/api.w.org\/{rel}","templated":true}]}}