{"id":6821,"date":"2026-02-21T14:18:30","date_gmt":"2026-02-21T13:18:30","guid":{"rendered":"https:\/\/army-of-mahdi.com\/member\/?page_id=6821"},"modified":"2026-02-28T23:04:08","modified_gmt":"2026-02-28T22:04:08","slug":"heilstrom-salomonswind","status":"publish","type":"page","link":"https:\/\/army-of-mahdi.com\/member\/heilstrom-salomonswind\/","title":{"rendered":"Heilstrom-Salomonswind"},"content":{"rendered":"\n<h4 class=\"wp-block-heading\">Salomonswind\u00a9<br>Heilstromgewinnung durch Winde<\/h4>\n\n\n\n<p>von AbdullahMehdi100\u00a9<\/p>\n\n\n\n<p>Die Salomonswind\u00a9 Technologie benutzt die Quellkraft des Windes, womit die Winde selber zirkulieren. Es benutzt die Spannungsladung der Wolken, um daraus die Kraft zu beziehen. \u00dcber diese Technik l\u00e4sst sich auch der Heilstrom\u00a9 gewinnen, da die Wolken die Erdoberfl\u00e4che \u00fcber die Luft binden. Im Gegensatz zu der Sonnenmond\u00a9 Technologie, was nur zwischen sehr weiten Strecken funktioniert. K\u00f6nnen die Zeitenkr\u00e4fte\u00a9 der Winde mit k\u00fcrzeren Strecken \u00fcber die Erdoberfl\u00e4che, zur Stromgewinnung benutzt werden. Weil sie nicht von dem Licht abh\u00e4ngen.<br><br>Diese Windr\u00e4der der Ungl\u00e4ubigen, die wie M\u00fchlen sich drehen, beziehen ihre Kraft erst \u00fcber das Materielle der Dimension 6 des Feuers um es dann auf die nicht materielle Kraft der Dimension 9 zu \u00fcbertragen. Die Salomonswind\u00a9 Technologie bezieht die Kraft direkt dimensioniert aus den Kr\u00e4ften des nicht materiellen. Um es effizienter und sauberer zu sch\u00f6pfen. Die M\u00fchlen sind gar nicht vonn\u00f6ten. Deren materielle Drehbewegung kann einfach \u00fcber die Technik der Dimensionierung in nicht-materieller weise erfolgen. Um \u00fcber dieses Drehfeld den Strom zu erzeugen.<br><\/p>\n\n\n\n<p><\/p>\n\n\n\n<p><\/p>\n\n\n\n<p><\/p>\n","protected":false},"excerpt":{"rendered":"<p>Salomonswind\u00a9Heilstromgewinnung durch Winde von AbdullahMehdi100\u00a9 Die Salomonswind\u00a9 Technologie benutzt die Quellkraft des Windes, womit die Winde selber zirkulieren. Es benutzt die Spannungsladung der Wolken, um daraus die Kraft zu beziehen. \u00dcber diese Technik l\u00e4sst sich auch der Heilstrom\u00a9 gewinnen, da die Wolken die Erdoberfl\u00e4che \u00fcber die Luft binden. Im Gegensatz zu der Sonnenmond\u00a9 Technologie, was&hellip; <a class=\"more-link\" href=\"https:\/\/army-of-mahdi.com\/member\/heilstrom-salomonswind\/\"><span class=\"screen-reader-text\">Heilstrom-Salomonswind<\/span> weiterlesen<\/a><\/p>\n","protected":false},"author":1,"featured_media":0,"parent":0,"menu_order":0,"comment_status":"closed","ping_status":"closed","template":"","meta":{"footnotes":""},"class_list":["post-6821","page","type-page","status-publish","hentry","entry"],"_links":{"self":[{"href":"https:\/\/army-of-mahdi.com\/member\/wp-json\/wp\/v2\/pages\/6821","targetHints":{"allow":["GET"]}}],"collection":[{"href":"https:\/\/army-of-mahdi.com\/member\/wp-json\/wp\/v2\/pages"}],"about":[{"href":"https:\/\/army-of-mahdi.com\/member\/wp-json\/wp\/v2\/types\/page"}],"author":[{"embeddable":true,"href":"https:\/\/army-of-mahdi.com\/member\/wp-json\/wp\/v2\/users\/1"}],"replies":[{"embeddable":true,"href":"https:\/\/army-of-mahdi.com\/member\/wp-json\/wp\/v2\/comments?post=6821"}],"version-history":[{"count":7,"href":"https:\/\/army-of-mahdi.com\/member\/wp-json\/wp\/v2\/pages\/6821\/revisions"}],"predecessor-version":[{"id":7108,"href":"https:\/\/army-of-mahdi.com\/member\/wp-json\/wp\/v2\/pages\/6821\/revisions\/7108"}],"wp:attachment":[{"href":"https:\/\/army-of-mahdi.com\/member\/wp-json\/wp\/v2\/media?parent=6821"}],"curies":[{"name":"wp","href":"https:\/\/api.w.org\/{rel}","templated":true}]}}