{"id":6825,"date":"2026-02-21T14:26:28","date_gmt":"2026-02-21T13:26:28","guid":{"rendered":"https:\/\/army-of-mahdi.com\/member\/?page_id=6825"},"modified":"2026-02-28T17:06:20","modified_gmt":"2026-02-28T16:06:20","slug":"heilstrom-hzrsozean","status":"publish","type":"page","link":"https:\/\/army-of-mahdi.com\/member\/heilstrom-hzrsozean\/","title":{"rendered":"Heilstrom-Hzrsozean"},"content":{"rendered":"\n<h4 class=\"wp-block-heading\">Hzrsozean\u00a9<br>Heilstromgewinnung durch Fl\u00fcsse und Meere<\/h4>\n\n\n\n<p>von AbdullahMehdi100\u00a9<\/p>\n\n\n\n<p>Die Hzrsozean\u00a9 Technologie benutzt die Grundmaterie Wasser, um die reine Stromkraft \u00fcber diese zu leiten. Und durch dimensionierte Wasserwege den Heilstrom zu gewinnen. Damit es jedoch sich an die Zeitenkr\u00e4fte\u00a9 binden kann, werden die Pole der Wasserbecken, \u00fcber weite stecken miteinander verbunden. Um eine Wasserfl\u00e4che als die Edlere zu definieren, l\u00e4sst man als Anode, Gold in diesem versenken.<\/p>\n\n\n\n<p>Die Hzrsozean\u00a9 Technologie von Abdullah Mehdi ist jedoch auf die gesamte Erde bezogen. Es verbindet die Ozeane vom Pol Norden nach S\u00fcden. Dies ist die Grundpolung der Erdoberfl\u00e4chen. Um daraus zu Sch\u00f6pfen m\u00fcssen \u00fcber diese Fl\u00e4che zwei Meere miteinander verbunden werden. Der Sueskanal w\u00fcrde sich ideal daf\u00fcr eignen. Die reine Stromkraft, welches man dar\u00fcber beziehen k\u00f6nnte w\u00e4re so gro\u00df, nur die Bauweise der Anlagen zur Stromsch\u00f6pfung w\u00fcrde dieses begrenzen. Das gewaltige nat\u00fcrliche Strompotenzial der Hzrsozean\u00a9 Technologie stellt alle anderen irdischen Stromerzeugungen in den Schatten. Sogar die D\u00e4mme, die mehr das Wasser blockieren, statt sie mit der Nat\u00fcrlichen Stromkraft ziehen zu lassen.<\/p>\n","protected":false},"excerpt":{"rendered":"<p>Hzrsozean\u00a9Heilstromgewinnung durch Fl\u00fcsse und Meere von AbdullahMehdi100\u00a9 Die Hzrsozean\u00a9 Technologie benutzt die Grundmaterie Wasser, um die reine Stromkraft \u00fcber diese zu leiten. Und durch dimensionierte Wasserwege den Heilstrom zu gewinnen. Damit es jedoch sich an die Zeitenkr\u00e4fte\u00a9 binden kann, werden die Pole der Wasserbecken, \u00fcber weite stecken miteinander verbunden. Um eine Wasserfl\u00e4che als die Edlere&hellip; <a class=\"more-link\" href=\"https:\/\/army-of-mahdi.com\/member\/heilstrom-hzrsozean\/\"><span class=\"screen-reader-text\">Heilstrom-Hzrsozean<\/span> weiterlesen<\/a><\/p>\n","protected":false},"author":1,"featured_media":0,"parent":0,"menu_order":0,"comment_status":"closed","ping_status":"closed","template":"","meta":{"footnotes":""},"class_list":["post-6825","page","type-page","status-publish","hentry","entry"],"_links":{"self":[{"href":"https:\/\/army-of-mahdi.com\/member\/wp-json\/wp\/v2\/pages\/6825","targetHints":{"allow":["GET"]}}],"collection":[{"href":"https:\/\/army-of-mahdi.com\/member\/wp-json\/wp\/v2\/pages"}],"about":[{"href":"https:\/\/army-of-mahdi.com\/member\/wp-json\/wp\/v2\/types\/page"}],"author":[{"embeddable":true,"href":"https:\/\/army-of-mahdi.com\/member\/wp-json\/wp\/v2\/users\/1"}],"replies":[{"embeddable":true,"href":"https:\/\/army-of-mahdi.com\/member\/wp-json\/wp\/v2\/comments?post=6825"}],"version-history":[{"count":3,"href":"https:\/\/army-of-mahdi.com\/member\/wp-json\/wp\/v2\/pages\/6825\/revisions"}],"predecessor-version":[{"id":6889,"href":"https:\/\/army-of-mahdi.com\/member\/wp-json\/wp\/v2\/pages\/6825\/revisions\/6889"}],"wp:attachment":[{"href":"https:\/\/army-of-mahdi.com\/member\/wp-json\/wp\/v2\/media?parent=6825"}],"curies":[{"name":"wp","href":"https:\/\/api.w.org\/{rel}","templated":true}]}}