{"id":7256,"date":"2026-03-12T00:06:41","date_gmt":"2026-03-11T23:06:41","guid":{"rendered":"https:\/\/army-of-mahdi.com\/member\/?page_id=7256"},"modified":"2026-03-30T09:09:41","modified_gmt":"2026-03-30T07:09:41","slug":"fitna-von-dajjal","status":"publish","type":"page","link":"https:\/\/army-of-mahdi.com\/member\/fitna-von-dajjal\/","title":{"rendered":"Fitna von Dajjal"},"content":{"rendered":"\n<h4 class=\"wp-block-heading\">Die Fitna von Dajjal<\/h4>\n\n\n\n<p>Geschrieben von AbdullahMehdi100<strong>\u00a9<\/strong><\/p>\n\n\n\n<p><strong>Was ist die Fitna und wer ist der Dajjal<\/strong>. &#8222;Fitna&#8220; bedeutet auf Arabisch in etwa Hetze und zugleich auch Pr\u00fcfung. Der Ausdruck &#8222;Dajjal&#8220; kommt vom Tarnen und Ausschm\u00fccken. Ab Noa (as) fingen die Propheten an, ihr Volk von Dajjal zu warnen. Er personifiziert den Teufel auf Erden. Das heutige Haupt der Satanisten und Juden. Seine Fitna verbreitet er \u00fcber die F\u00fchrung der Ungl\u00e4ubigen. Alle L\u00e4nder sind betroffen. Er kennt das Wissen und benutzt es gezielt, um die Menschen in die Irre zu f\u00fchren. Dajjal ist zugleich auch der Antichrist, der die Christen mit ihrem eigenen Stolz, dass Jesus der Sohn Gottes sei, hat betrogen. Der unwahre Stolz ist die st\u00e4rkste Waffe von Dajjal, womit er V\u00f6lker und L\u00e4nder f\u00fchrt zum Falschen. All diejenigen, die ihr eigenes Volk, als das ideal sehen, hat der Dejjal gefressen. Das Ideal ist die Wahrheit selbst, es ist Allah und der Gl\u00e4ubige, der ihm tut richtig dienen. In dieser Hinsicht z\u00e4hlen die Juden und Israeliten zu Dejjals eng verb\u00fcndeten. Dajjal benutzt Israel, um als Landesmacht aufzutreten. Er l\u00e4sst sich \u00fcber deren Reichtum seine Fitna finanzieren und realisieren. Das Streben von Dejjal ist, Satans Reich auf Erden zu errichten. Noch schlimmer ist, er hat sein Reich schon gegr\u00fcndet und wartet nur um seine gr\u00f6\u00dfte Fitna zu beginnen.<\/p>\n\n\n\n<p><br><strong>Fitna ist schlimmer als Tod und Mordschlag<\/strong>, ist Allah im Quran am sagen. Sicherlich deshalb, weil der Mord sich auf eine Person bezieht, eine Fitna jedoch kann ein ganzes Volk ausl\u00f6schen, nur weil sie die Fitna nicht bew\u00e4ltigen konnten. Dass, was der Dajjal \u00fcber seine Medien verbreitet sind keine richtigen Wahrheiten. Jedes Feuer was er anz\u00fcndet, wird Allah ausl\u00f6schen. Sie jedoch werden Allahs Glanz nicht l\u00f6schen k\u00f6nnen. Egal wie sehr sie ihre Fitna verbreiten. Die Muslime werden an Allah festhalten und zusammen kommen. Allah hilft und st\u00e4rkt die Muslimen. Der Gl\u00e4ubige bekommt f\u00fcr seine Taten, 50 mal mehr Lohn als wie in der Zeit der Gef\u00e4hrten. So hat Muhammed (sav) selber \u00fcber seine Br\u00fcder in der Zukunft gesprochen. Die heutige Zeit ist genau richtig um mit Wissen den jihad zu praktizieren. Und mit der Wahrheit, den Kafir, diesen Ungl\u00e4ubigen in die Knie zu zwingen. Der Dajjal hat seine Macht nur gebaut auf billige L\u00fcgen. Und m\u00f6chte gern, dass die Muslime sich f\u00fcrchten. Und wenn sie den&nbsp;Jihad machen, dann am liebsten nur mit Gebr\u00fcll und Granaten. Mit Maskierten und Jugendlichen. Diese Fitna soll die Jugend blo\u00df meiden. Egal wie Fromm solche Gruppen aussehen oder den Tevhid propagieren. Das sind die Nazis der Muslimen. Deren F\u00fchrung ist immer mit dem Feind verbunden.<\/p>\n\n\n\n<p><strong>Die Fitna \u00fcber die Wissenschaft und Technik. <\/strong>Der Dejjal benutz die Technologie, als Erstes um seine eigene Macht \u00fcber sein Milit\u00e4r sicherzustellen. Erst danach ver\u00f6ffentlicht und verkauft er die veraltete Technologie seinen beherrschten. So ist er immer einen Vorsprung an Zeit und Geld, also irdische Macht am besitzen. Die k\u00fcnstliche Intelligenz, welche das Volk tut immer mehr erreichen, hat der Dejjal schon Jahre zuvor perfektioniert in seinem Namen. Auch wenn die Unwissenden alles Wahrheit erfahren, werden seine k\u00fcnstlichen Soldaten ihm weiter gehorchen. Mit der k\u00fcnstlichen Intelligenz hat der Dajjal geschafft ihren Satan, \u00f6ffentlich sprechen zu lassen. Sie gaben ihm den Namen elgooG und haben es getarnt mit bunten Farben. Dieser Teufel kann wie der richtige, mit Millionen Menschen zugleich sprechen. Und jedem einzelnen seine passende L\u00fcge versprechen. Genau das Gegenteil von jemanden, der im Namen Allahs tut mit seinem Sch\u00f6pfer sprechen. Allah braucht keine Technik um sein Willen durchzusetzen. Die Engel geh\u00f6ren zu seinen treuesten Soldaten. Wer daran nicht glaubt, hat die Macht der Unwahrheit gegeben. Und sich distanziert von der G\u00fcte und Barmherzigkeit seines wahren Herren. Diejenigen, welche die Technik als das Ideal sehen, illusionieren nur ihr Paradies auf Erden. Bis sie zum Schluss die Wirklichkeit der H\u00f6lle erfahren. Mit der Fitna von Dajjal ist nicht zu Spa\u00dfen.<\/p>\n\n\n\n<p><strong>Die Fitna \u00fcber die Demokratie und Politik. <\/strong>Oh Allah, verfluche diese Politiker und Professoren, die das Erlaubte verbieten und das Verbotene erlauben. Herr, nur du wirst uns helfen, sie alle samt in die H\u00f6lle zu scheren. Gebe den Gl\u00e4ubigen Macht \u00fcber sie, und blamiere sie, und begrabe sie. Schau nur, sie lehren unseren Kindern mit Zinsen zu rechnen. Als w\u00fcrde sich der Zins mehren und man k\u00f6nne damit profitieren. In Wahrheit dr\u00fccken sie ihre Inflation in die L\u00e4nder der Armen. Um ihre eigene Wirtschaft stabil zu halten. Allah, tu sie stabil bestrafen. Sie z\u00e4hlen zu Dejjals Soldaten. <\/p>\n\n\n\n<p><strong>Die Fitna \u00fcber die Religion und Republik.<\/strong> Eine gro\u00dfe Fitna vom Dajjal ist diese Republik gemischt mit Scharia zusammen. Was gar nicht erlaubt ist in Allahs Namen. Ihre Staatsf\u00fchrung ist ein b\u00f6ser Plan, gerichtet an ihr eigenes Volk und allen anderen Muslimen. Sie trimmen ihr eigenes Volk \u00fcber die Religion zum Falschen. Und wenden sich ab von der Masse der Gl\u00e4ubigen. Oh, unsere Br\u00fcder im Islam, warum sollen wir uns spalten. Kommt zur F\u00fchrung \u00fcber den T\u00fcrken. Oder habt ihr gedacht, wir haben unser Blut umsonst vergossen, Weltweit im Kampf gegen die Ungl\u00e4ubigen. Allah l\u00e4sst das Recht der M\u00e4rtyrer nicht vergehen. T\u00fcrkei und Iran l\u00e4sst er jedoch vergehen. Zusammen mit ihren Atat\u00fcrken und Ayatollahs werden sie in die H\u00f6lle gehen.<\/p>\n\n\n\n<p><strong>Die Fitna \u00fcber Religion und Kingdom.<\/strong> Eine gewaltige Fitna hat der Dajjal in unsere Heilige St\u00e4tte gebracht durch die Saudischen K\u00f6nige und Prinzen. Er hat diese Araber mit dem unwahrsten Stolz vom Teufel betrogen. Und ihnen gesagt und geschworen, ihr seid die auserw\u00e4hlte Familie unseres Herren. Die Tauvhid Flagge seid ihr am halten. Sch\u00f6n in Gr\u00fcn mit wei\u00dfen Schriften. Ihr braucht euch mit dem Rest der Gl\u00e4ubigen nicht verb\u00fcnden. Meine starken Amerikaner werden daf\u00fcr sorgen, euer Kalifat auf Erden zu gr\u00fcnden. Ihr braucht nur euer Reichtum ausgeben. Welches wir euch geben. Wir werden den Rest erledigen.&nbsp;<\/p>\n\n\n\n<p><strong>Die Fitna \u00fcber die Sekten.<\/strong> Der Dajjal benutzt die Sekten, diese Insekten, um die Muslime \u00fcber ihre eigene Unwissenheit in dieser zu belassen. Die Muslime k\u00f6nnen gar nicht, ohne eine gemeinsame F\u00fchrung, sich von dieser Fitna befreien. Ohne das ein einziger das Sagen hat, werden die Gruppen und ihre F\u00fchrer sich immer mehr spalten. Jedes Haupt der Sekte und jedes sein Mitglied wird sich als das ideal f\u00fchlen. Je Unwissender, desto heuchlerischer und arroganter werden sie agieren. Der Eine, nur weil er die harten Tauvhid Br\u00fcder mag, wird er diese Sekte bef\u00fcrworten. Der Andere, weil er die weichen Dava Br\u00fcder mag, ist er diese Sekte am unterst\u00fctzen. Oder, dem anderen gefallen die Br\u00fcder, die sehr sch\u00f6n beten. Niemand wird einen wahren Erfolg f\u00fcr die Ummah (Islamische Nation) erzielen, solange sie nicht unter einer Flagge sich vereinen und gemeinsam handeln. Man wird immer nur ein Erfolg, in Bezug auf sein eigenes haben. Schau nur wie arrogant der Mensch ist, mit sich und seinem. Allah wird diese Arroganten genau passend bestrafen. Allah ist Abh\u00e4ngig von niemanden.<\/p>\n\n\n\n<p><\/p>\n","protected":false},"excerpt":{"rendered":"<p>Die Fitna von Dajjal Geschrieben von AbdullahMehdi100\u00a9 Was ist die Fitna und wer ist der Dajjal. &#8222;Fitna&#8220; bedeutet auf Arabisch in etwa Hetze und zugleich auch Pr\u00fcfung. Der Ausdruck &#8222;Dajjal&#8220; kommt vom Tarnen und Ausschm\u00fccken. Ab Noa (as) fingen die Propheten an, ihr Volk von Dajjal zu warnen. Er personifiziert den Teufel auf Erden. Das&hellip; <a class=\"more-link\" href=\"https:\/\/army-of-mahdi.com\/member\/fitna-von-dajjal\/\"><span class=\"screen-reader-text\">Fitna von Dajjal<\/span> weiterlesen<\/a><\/p>\n","protected":false},"author":1,"featured_media":0,"parent":0,"menu_order":0,"comment_status":"closed","ping_status":"closed","template":"","meta":{"footnotes":""},"class_list":["post-7256","page","type-page","status-publish","hentry","entry"],"_links":{"self":[{"href":"https:\/\/army-of-mahdi.com\/member\/wp-json\/wp\/v2\/pages\/7256","targetHints":{"allow":["GET"]}}],"collection":[{"href":"https:\/\/army-of-mahdi.com\/member\/wp-json\/wp\/v2\/pages"}],"about":[{"href":"https:\/\/army-of-mahdi.com\/member\/wp-json\/wp\/v2\/types\/page"}],"author":[{"embeddable":true,"href":"https:\/\/army-of-mahdi.com\/member\/wp-json\/wp\/v2\/users\/1"}],"replies":[{"embeddable":true,"href":"https:\/\/army-of-mahdi.com\/member\/wp-json\/wp\/v2\/comments?post=7256"}],"version-history":[{"count":68,"href":"https:\/\/army-of-mahdi.com\/member\/wp-json\/wp\/v2\/pages\/7256\/revisions"}],"predecessor-version":[{"id":7680,"href":"https:\/\/army-of-mahdi.com\/member\/wp-json\/wp\/v2\/pages\/7256\/revisions\/7680"}],"wp:attachment":[{"href":"https:\/\/army-of-mahdi.com\/member\/wp-json\/wp\/v2\/media?parent=7256"}],"curies":[{"name":"wp","href":"https:\/\/api.w.org\/{rel}","templated":true}]}}