{"id":7355,"date":"2026-03-15T16:12:52","date_gmt":"2026-03-15T15:12:52","guid":{"rendered":"https:\/\/army-of-mahdi.com\/member\/?page_id=7355"},"modified":"2026-04-01T08:58:21","modified_gmt":"2026-04-01T06:58:21","slug":"teblighi-sekte","status":"publish","type":"page","link":"https:\/\/army-of-mahdi.com\/member\/teblighi-sekte\/","title":{"rendered":"Teblighi Sekte"},"content":{"rendered":"\n<h4 class=\"wp-block-heading\">Die Fitna der Tablighi Sekte<\/h4>\n\n\n\n<p>Geschrieben von AbdullahMehdi100<strong>\u00a9<\/strong> <\/p>\n\n\n\n<p>Im Namen des Herren. Die Teblighi&nbsp;Sekte (TarikatElBatl) ist \u00fcber den Teufel entstanden, in dem er dessen Befolger ins Ohr hat gesprochen: &#8222;<strong>Eure Gruppe ist die Beste, weil ihr seid nur Gutes am machen. Rufe mit dem Islam zu deiner Methode, dann wird deine Methode sich schnell verbreiten.&#8220; <\/strong><\/p>\n\n\n\n<p>M\u00f6ge Allah uns und unsere Ummah, vor der Fitna der Tablighi Sekte besch\u00fctzen und dessen sture Anf\u00fchrer ins Ungl\u00fcck st\u00fcrzen. Oh Allah, mache sie abh\u00e4ngig mit ihren eigenen Predigten. So das sie immer das Gleiche sagen und machen m\u00fcssen. Sie sind mit deiner Religion und den Musliemen am spielen, spiele auch du mit ihnen. Schiebe sie hin und her zwischen <strong>Ghuluw* <\/strong>und <strong>Shirk*<\/strong>. Zwischen Privat und Sekte. Verschwende deren Zeit, 3, 10, 40, 120 Tage in einem. So wenn sie zur\u00fcck kommen, sie keine Fortschritte machen. Und wieder zur Sekte m\u00fcssen, in ihre Fantasiewelten. Weit weg vom Segen. Und weit weg von den wahren Gelehrten. Oh Allah rette die Jugend, die sie in ihren Bann ziehen m\u00f6chten. Leite sie Recht, damit sie gegen sie mit Wahrheit sprechen.<\/p>\n\n\n\n<p><strong>Islam ist nicht nur eine Jenseitige Sache<\/strong>, sondern auch mit der Realit\u00e4t des Diesseits verbunden. Stell dir mal vor, wir w\u00fcrden unseren Kindern, nur das leckerste zu essen geben. Nur Fleisch, Fett, Zucker\u2026., ohne das Bittere der Vitaminen. Das ungelernte Kind w\u00fcrde diese Lehre mit Freuden annehmen, die Energietr\u00e4ger der Nahrung sind sehr lecker am schmecken. Das Kind w\u00fcrde jedoch auf dauer, erkranken, schwach werden, ja sogar sterben. Nur, weil er permanent das Leckerste hat gegessen. Die Tablighi Sekte arbeitet mit diesen Ihren 6 Eigenschaften (Energietr\u00e4gern), die sie als die sch\u00f6nsten Eigenschaften der Gef\u00e4hrten von Muhammed (sav) propagieren, um ihre Mitglieder damit zu Handlungen f\u00fcr ihre Sekte zu bewegen. Im Hochgef\u00fchl ihrer Predigten, sollen sie nicht <strong>nur zu Allah<\/strong> rufen, sondern <strong>zu Allah und zu ihrer Sekte<\/strong> rufen und arbeiten. Also ihre Methodik benutzen. Sonst hat man den Islam, angeblich nicht richtig verstanden. In Wahrheit haben sie selber den Islam nicht verstanden. Und benutzen die Wahrheit des Islams f\u00fcr ihre eigenen Unwahrheiten. Sie geh\u00f6ren zu Muhammeds (sav) Feinden.<\/p>\n\n\n\n<p><strong>Am schlimmsten sind diese H\u00e4uptlinge <\/strong>der Tablighi Sekten. Ihre eigenen Familien haben sie vergessen und haben nur noch die Sekte als ihre Familien. Dort hat man ihnen eine T\u00fcr des unwahren Paradieses ge\u00f6ffnet, in der sie sich wie Gelehrte und Propheten f\u00fchlen d\u00fcrfen. Niemand soll sich von ihren Predigten t\u00e4uschen lassen. Und niemand soll diesen Unwissenden gehorchen. Auch die B\u00fccher, die sie benutzen, sind meist eigens erstellte Ansammlungen von Ayat und Hadisen mit der sie versuchen, ihre Handlungen zurechtfertigen. Die Gelehrten der Fr\u00fcheren waren nicht so, sie waren aufrichtig gegen\u00fcber Allah und seinem Wissen. Sie haben Hadiese und Ayat f\u00fcr die Umah zusammen getragen. Nicht f\u00fcr irgendwelche Sekten oder Gruppierungen. <\/p>\n\n\n\n<p><strong>Die wahre Verbreitung des Islams<\/strong> ist am besten auf nat\u00fcrliche und aufrichtige Weise am zustande kommen. So ist Allah am wollen und in dieser Weise ist Allah wahrhaftig am helfen. Den Islam, unnat\u00fcrlich, also nur Dava bezogen schnell verbreiten zu lassen, ist mehr schwache Muslime und Gemeinden am hervorbringen.<strong>Mehr Gef\u00fchls bezogen, ohne selbstbewusste Meinung, mit \u00e4ngstlichen und manipulierbaren Charaktereigenschaften. <\/strong>Solch ein Volk ist nur ein Vorteil f\u00fcr die Juden. M\u00f6ge Allah uns sch\u00fctzen. Die Nat\u00fcrliche und stabile Verbreitung des Islams ist haupts\u00e4chlich \u00fcber die Familie und das wahre Wissen am passieren. Hin \u00fcber die Orte, in der die wahren Gelehrten und die wahren M\u00e4rtyrer gek\u00e4mpft haben, bis nach Mekka zu unseren Propheten (sav). Diese Muslime haben eine starke Bindung zu ihrem Glauben. Auch wenn sie nicht so Fromm leben, sind sie gepr\u00e4gt \u00fcber Allah sein Segen. Ein M\u00e4rtyrer wird f\u00fcr mindestens 40 Mitglieder seiner Familie f\u00fcrsprechen, ist der Gesandte am sagen. Auf ihm sei Allahs Segen und Frieden. Mit gutem gewissen kann ich behaupten, jeder der die Armee von Mehdi 1438 als sein eigenes erkennt, hatte einen M\u00e4rtyrer in seinen Vorfahren. Ich bin nicht am \u00dcbertreiben.<\/p>\n\n\n\n<p><strong>*Ghuluw <\/strong>ist die zweitgr\u00f6\u00dfte S\u00fcnde nach Shirk und entsteht durch \u00dcbertreibung in der Religion. \u00dcber diese S\u00fcnde wird die Religion aus seinem Nat\u00fcrlichen gezogen. Diese schwerwiegende S\u00fcnde Ghuluw ist der Grund gewesen, dass Jesus im Christentum erhoben wurde zu einem G\u00f6ttlichen Wesen. Der Islam, als letzte Religion, steht im Schutze des Herren, der Muslim schadet sich nur selbst, in dem er mit seiner Religion tut \u00fcbertreiben. So wie die Schiiten. Oder die Teblligi Sekten. Sie halten sich nicht an Allahs Grenzen (Hududillah). <strong>Alle Dienste im Islam haben ihren nat\u00fcrlichen Ma\u00df, welches weder in die Untertreibung f\u00fchrt noch in eine \u00dcbertreibung<\/strong>. Dieses Ma\u00df wurde festgelegt \u00fcber die Rechtsschulen der Ehlu Sunna Gelehrten, welche den Quran und die Hadiese richtig ausgelegt und ber\u00fccksichtigt haben. Die Vorgehensweise der Teblighi Sekten sind nicht nur \u00dcbertrieben in ihren gemeinsamen Treffen, zudem verlangen sie von ihren Mitgliedern, dass sie Privat jeden Tag sich Zeit nehmen sollen, um die Teblig Metodik zu f\u00f6rdern. Sie entziehen ihren Mitgliedern jegliche Zeit, insbesondere um sich im Islam richtig zu bilden. Nur nach ihrem System der Sekte sollen sie Arbeiten. Also f\u00fcr ihren Teufel sollen sie machen. Auch die \u00fcbertriebene Freundlichkeit und Vertrautheit benutzen die Tebligis um sich anzuschleimen. \u00dcber die Br\u00fcderlichkeit k\u00f6nnen sie nur versuchen, die Muslime in ihren Bann zu ziehen. Den Iblis hat auch Allah mit Freundlichkeit benutzt um Adam (as) zu Pr\u00fcfen.<\/p>\n\n\n\n<p><strong>*Shirk <\/strong>ist die gr\u00f6\u00dfte S\u00fcnde bei Allah und ensteht durch Mehrg\u00f6tterei. Allah ist diese S\u00fcnde nicht am vergeben. Obwohl andere S\u00fcnden kann Allah vergeben. Jemand, der statt Allah, oder neben Allah, etwas anderes dient, geh\u00f6rt nicht mehr zu einem Gl\u00e4ubigen. Shirk ist das Gegenteil von Tauvhid und Ihlas. Es ist das Gegenteil von, &#8222;Aufrichtig nur der einen Wahrheit, Allah dienen.&#8220; Auch hier lehren die Rechtsschulen, wie man den Glauben soll richtig verstehen, um sich vor Shirk zu sch\u00fctzen. Die Rechtschule von Ebu Hanife zum Beispiel, unterscheidet zwischen Shirk und Shirk Asghar, um die Gesellschaft von Tekfir zu sch\u00fctzen. Nicht jede Art von Shirk ist den Muslim aus seiner Religion am schmei\u00dfen. Deshalb soll die Jugend, die Teblighi Sekte nicht als Kafir beschimpfen. Eher sie drauf aufmerksam machen, der Shirk ist bei denen versteckt \u00fcber deren F\u00fchrung und Methoden. Diese sind nicht aufrichtig am passieren, sondern neben Allah auch f\u00fcr ihre Sekten. Sowas ist nicht im sinne der Ehlu Sunna Gemeinden.<\/p>\n\n\n\n<p>Die Teblighi Sekte wurde als Beispiel genommen um auch andere Sekten und Gruppierungen darin zu erkennen. Die Verhaltensmuster sind \u00c4hnlich auch in denen der anderen.<\/p>\n\n\n\n<p><\/p>\n","protected":false},"excerpt":{"rendered":"<p>Die Fitna der Tablighi Sekte Geschrieben von AbdullahMehdi100\u00a9 Im Namen des Herren. Die Teblighi&nbsp;Sekte (TarikatElBatl) ist \u00fcber den Teufel entstanden, in dem er dessen Befolger ins Ohr hat gesprochen: &#8222;Eure Gruppe ist die Beste, weil ihr seid nur Gutes am machen. Rufe mit dem Islam zu deiner Methode, dann wird deine Methode sich schnell verbreiten.&#8220;&hellip; <a class=\"more-link\" href=\"https:\/\/army-of-mahdi.com\/member\/teblighi-sekte\/\"><span class=\"screen-reader-text\">Teblighi Sekte<\/span> weiterlesen<\/a><\/p>\n","protected":false},"author":1,"featured_media":0,"parent":0,"menu_order":0,"comment_status":"closed","ping_status":"closed","template":"","meta":{"footnotes":""},"class_list":["post-7355","page","type-page","status-publish","hentry","entry"],"_links":{"self":[{"href":"https:\/\/army-of-mahdi.com\/member\/wp-json\/wp\/v2\/pages\/7355","targetHints":{"allow":["GET"]}}],"collection":[{"href":"https:\/\/army-of-mahdi.com\/member\/wp-json\/wp\/v2\/pages"}],"about":[{"href":"https:\/\/army-of-mahdi.com\/member\/wp-json\/wp\/v2\/types\/page"}],"author":[{"embeddable":true,"href":"https:\/\/army-of-mahdi.com\/member\/wp-json\/wp\/v2\/users\/1"}],"replies":[{"embeddable":true,"href":"https:\/\/army-of-mahdi.com\/member\/wp-json\/wp\/v2\/comments?post=7355"}],"version-history":[{"count":131,"href":"https:\/\/army-of-mahdi.com\/member\/wp-json\/wp\/v2\/pages\/7355\/revisions"}],"predecessor-version":[{"id":7698,"href":"https:\/\/army-of-mahdi.com\/member\/wp-json\/wp\/v2\/pages\/7355\/revisions\/7698"}],"wp:attachment":[{"href":"https:\/\/army-of-mahdi.com\/member\/wp-json\/wp\/v2\/media?parent=7355"}],"curies":[{"name":"wp","href":"https:\/\/api.w.org\/{rel}","templated":true}]}}